{"id":19025,"date":"2020-09-12T16:15:45","date_gmt":"2020-09-12T15:15:45","guid":{"rendered":"https:\/\/www.griphos.net\/product\/chasse-au-tresor-des-dragons-pour-jardin-ou-maison-8-10-ans\/"},"modified":"2020-09-12T16:15:45","modified_gmt":"2020-09-12T15:15:45","slug":"chasse-au-tresor-des-dragons-pour-jardin-ou-maison-8-10-ans","status":"publish","type":"product","link":"https:\/\/www.griphos.net\/fr\/produit\/chasse-au-tresor-des-dragons-pour-jardin-ou-maison-8-10-ans\/","title":{"rendered":"Chasse au tr\u00e9sor des dragons &#8211; pour jardin ou maison 8-10 ans"},"content":{"rendered":"<p>Chasse au tr\u00e9sor des dragons &#8211; pour jardin ou maison 8-10 ans<\/p>\n","protected":false},"excerpt":{"rendered":"<p>Version pour enfants 8-10 ans. Un dragon a cach\u00e9 un tr\u00e9sor. Votre enfant devra trouver ces petits diables \u00e0 travers la r\u00e9solution d\u2019\u00e9nigmes sympas et amusantes pour arriver au tr\u00e9sor.<\/p>\n<ul>\n<li>PDF<\/li>\n<li>20 pages<\/li>\n<li>Les instructions sont incluses<\/li>\n<\/ul>\n","protected":false},"featured_media":17416,"comment_status":"closed","ping_status":"closed","template":"","meta":[],"product_cat":[187],"product_tag":[],"class_list":{"0":"post-19025","1":"product","2":"type-product","3":"status-publish","4":"has-post-thumbnail","6":"product_cat-chasses-au-tresor-en-plein-air-chasse-au-tresor-pour-enfants","8":"first","9":"instock","10":"sale","11":"downloadable","12":"virtual","13":"taxable","14":"purchasable","15":"product-type-simple"},"yoast_head":"<!-- This site is optimized with the Yoast SEO Premium plugin v22.5 (Yoast SEO v22.5) - https:\/\/yoast.com\/wordpress\/plugins\/seo\/ -->\n<title>Chasse au tr\u00e9sor des dragons - pour jardin ou maison 8-10 ans - Griphos<\/title>\n<meta name=\"robots\" content=\"index, follow, max-snippet:-1, max-image-preview:large, max-video-preview:-1\" \/>\n<link rel=\"canonical\" href=\"https:\/\/www.griphos.net\/fr\/produit\/chasse-au-tresor-des-dragons-pour-jardin-ou-maison-8-10-ans\/\" \/>\n<meta property=\"og:locale\" content=\"fr_FR\" \/>\n<meta property=\"og:type\" content=\"article\" \/>\n<meta property=\"og:title\" content=\"Chasse au tr\u00e9sor des dragons - pour jardin ou maison 8-10 ans\" \/>\n<meta property=\"og:description\" content=\"Version pour enfants 8-10 ans. Un dragon a cach\u00e9 un tr\u00e9sor. Votre enfant devra trouver ces petits diables \u00e0 travers la r\u00e9solution d\u2019\u00e9nigmes sympas et amusantes pour arriver au tr\u00e9sor.   PDF  20 pages  Les instructions sont incluses\" \/>\n<meta property=\"og:url\" content=\"https:\/\/www.griphos.net\/fr\/produit\/chasse-au-tresor-des-dragons-pour-jardin-ou-maison-8-10-ans\/\" \/>\n<meta property=\"og:site_name\" content=\"Griphos\" \/>\n<meta property=\"og:image\" content=\"https:\/\/www.griphos.net\/wp-content\/uploads\/2021\/03\/1-chasse-au-tresor-pour-enfant-5-7-ans-8.jpg\" \/>\n\t<meta property=\"og:image:width\" content=\"500\" \/>\n\t<meta property=\"og:image:height\" content=\"707\" \/>\n\t<meta property=\"og:image:type\" content=\"image\/jpeg\" \/>\n<meta name=\"twitter:card\" content=\"summary_large_image\" \/>\n<script type=\"application\/ld+json\" class=\"yoast-schema-graph\">{\"@context\":\"https:\/\/schema.org\",\"@graph\":[{\"@type\":\"WebPage\",\"@id\":\"https:\/\/www.griphos.net\/fr\/produit\/chasse-au-tresor-des-dragons-pour-jardin-ou-maison-8-10-ans\/\",\"url\":\"https:\/\/www.griphos.net\/fr\/produit\/chasse-au-tresor-des-dragons-pour-jardin-ou-maison-8-10-ans\/\",\"name\":\"Chasse au tr\u00e9sor des dragons - pour jardin ou maison 8-10 ans - Griphos\",\"isPartOf\":{\"@id\":\"https:\/\/www.griphos.net\/fr\/#website\"},\"primaryImageOfPage\":{\"@id\":\"https:\/\/www.griphos.net\/fr\/produit\/chasse-au-tresor-des-dragons-pour-jardin-ou-maison-8-10-ans\/#primaryimage\"},\"image\":{\"@id\":\"https:\/\/www.griphos.net\/fr\/produit\/chasse-au-tresor-des-dragons-pour-jardin-ou-maison-8-10-ans\/#primaryimage\"},\"thumbnailUrl\":\"https:\/\/www.griphos.net\/wp-content\/uploads\/2021\/03\/1-chasse-au-tresor-pour-enfant-5-7-ans-8.jpg\",\"datePublished\":\"2020-09-12T15:15:45+00:00\",\"dateModified\":\"2020-09-12T15:15:45+00:00\",\"breadcrumb\":{\"@id\":\"https:\/\/www.griphos.net\/fr\/produit\/chasse-au-tresor-des-dragons-pour-jardin-ou-maison-8-10-ans\/#breadcrumb\"},\"inLanguage\":\"fr-FR\",\"potentialAction\":[{\"@type\":\"ReadAction\",\"target\":[\"https:\/\/www.griphos.net\/fr\/produit\/chasse-au-tresor-des-dragons-pour-jardin-ou-maison-8-10-ans\/\"]}]},{\"@type\":\"ImageObject\",\"inLanguage\":\"fr-FR\",\"@id\":\"https:\/\/www.griphos.net\/fr\/produit\/chasse-au-tresor-des-dragons-pour-jardin-ou-maison-8-10-ans\/#primaryimage\",\"url\":\"https:\/\/www.griphos.net\/wp-content\/uploads\/2021\/03\/1-chasse-au-tresor-pour-enfant-5-7-ans-8.jpg\",\"contentUrl\":\"https:\/\/www.griphos.net\/wp-content\/uploads\/2021\/03\/1-chasse-au-tresor-pour-enfant-5-7-ans-8.jpg\",\"width\":500,\"height\":707},{\"@type\":\"BreadcrumbList\",\"@id\":\"https:\/\/www.griphos.net\/fr\/produit\/chasse-au-tresor-des-dragons-pour-jardin-ou-maison-8-10-ans\/#breadcrumb\",\"itemListElement\":[{\"@type\":\"ListItem\",\"position\":1,\"name\":\"Home\",\"item\":\"https:\/\/www.griphos.net\/fr\/\"},{\"@type\":\"ListItem\",\"position\":2,\"name\":\"Shop\",\"item\":\"https:\/\/www.griphos.net\/fr\/shop\/\"},{\"@type\":\"ListItem\",\"position\":3,\"name\":\"Chasse au tr\u00e9sor des dragons &#8211; pour jardin ou maison 8-10 ans\"}]},{\"@type\":\"WebSite\",\"@id\":\"https:\/\/www.griphos.net\/fr\/#website\",\"url\":\"https:\/\/www.griphos.net\/fr\/\",\"name\":\"Griphos\",\"description\":\"The new entertainment\",\"potentialAction\":[{\"@type\":\"SearchAction\",\"target\":{\"@type\":\"EntryPoint\",\"urlTemplate\":\"https:\/\/www.griphos.net\/fr\/?s={search_term_string}\"},\"query-input\":\"required name=search_term_string\"}],\"inLanguage\":\"fr-FR\"}]}<\/script>\n<!-- \/ Yoast SEO Premium plugin. -->","yoast_head_json":{"title":"Chasse au tr\u00e9sor des dragons - pour jardin ou maison 8-10 ans - Griphos","robots":{"index":"index","follow":"follow","max-snippet":"max-snippet:-1","max-image-preview":"max-image-preview:large","max-video-preview":"max-video-preview:-1"},"canonical":"https:\/\/www.griphos.net\/fr\/produit\/chasse-au-tresor-des-dragons-pour-jardin-ou-maison-8-10-ans\/","og_locale":"fr_FR","og_type":"article","og_title":"Chasse au tr\u00e9sor des dragons - pour jardin ou maison 8-10 ans","og_description":"Version pour enfants 8-10 ans. Un dragon a cach\u00e9 un tr\u00e9sor. Votre enfant devra trouver ces petits diables \u00e0 travers la r\u00e9solution d\u2019\u00e9nigmes sympas et amusantes pour arriver au tr\u00e9sor.   PDF  20 pages  Les instructions sont incluses","og_url":"https:\/\/www.griphos.net\/fr\/produit\/chasse-au-tresor-des-dragons-pour-jardin-ou-maison-8-10-ans\/","og_site_name":"Griphos","og_image":[{"width":500,"height":707,"url":"https:\/\/www.griphos.net\/wp-content\/uploads\/2021\/03\/1-chasse-au-tresor-pour-enfant-5-7-ans-8.jpg","type":"image\/jpeg"}],"twitter_card":"summary_large_image","schema":{"@context":"https:\/\/schema.org","@graph":[{"@type":"WebPage","@id":"https:\/\/www.griphos.net\/fr\/produit\/chasse-au-tresor-des-dragons-pour-jardin-ou-maison-8-10-ans\/","url":"https:\/\/www.griphos.net\/fr\/produit\/chasse-au-tresor-des-dragons-pour-jardin-ou-maison-8-10-ans\/","name":"Chasse au tr\u00e9sor des dragons - pour jardin ou maison 8-10 ans - Griphos","isPartOf":{"@id":"https:\/\/www.griphos.net\/fr\/#website"},"primaryImageOfPage":{"@id":"https:\/\/www.griphos.net\/fr\/produit\/chasse-au-tresor-des-dragons-pour-jardin-ou-maison-8-10-ans\/#primaryimage"},"image":{"@id":"https:\/\/www.griphos.net\/fr\/produit\/chasse-au-tresor-des-dragons-pour-jardin-ou-maison-8-10-ans\/#primaryimage"},"thumbnailUrl":"https:\/\/www.griphos.net\/wp-content\/uploads\/2021\/03\/1-chasse-au-tresor-pour-enfant-5-7-ans-8.jpg","datePublished":"2020-09-12T15:15:45+00:00","dateModified":"2020-09-12T15:15:45+00:00","breadcrumb":{"@id":"https:\/\/www.griphos.net\/fr\/produit\/chasse-au-tresor-des-dragons-pour-jardin-ou-maison-8-10-ans\/#breadcrumb"},"inLanguage":"fr-FR","potentialAction":[{"@type":"ReadAction","target":["https:\/\/www.griphos.net\/fr\/produit\/chasse-au-tresor-des-dragons-pour-jardin-ou-maison-8-10-ans\/"]}]},{"@type":"ImageObject","inLanguage":"fr-FR","@id":"https:\/\/www.griphos.net\/fr\/produit\/chasse-au-tresor-des-dragons-pour-jardin-ou-maison-8-10-ans\/#primaryimage","url":"https:\/\/www.griphos.net\/wp-content\/uploads\/2021\/03\/1-chasse-au-tresor-pour-enfant-5-7-ans-8.jpg","contentUrl":"https:\/\/www.griphos.net\/wp-content\/uploads\/2021\/03\/1-chasse-au-tresor-pour-enfant-5-7-ans-8.jpg","width":500,"height":707},{"@type":"BreadcrumbList","@id":"https:\/\/www.griphos.net\/fr\/produit\/chasse-au-tresor-des-dragons-pour-jardin-ou-maison-8-10-ans\/#breadcrumb","itemListElement":[{"@type":"ListItem","position":1,"name":"Home","item":"https:\/\/www.griphos.net\/fr\/"},{"@type":"ListItem","position":2,"name":"Shop","item":"https:\/\/www.griphos.net\/fr\/shop\/"},{"@type":"ListItem","position":3,"name":"Chasse au tr\u00e9sor des dragons &#8211; pour jardin ou maison 8-10 ans"}]},{"@type":"WebSite","@id":"https:\/\/www.griphos.net\/fr\/#website","url":"https:\/\/www.griphos.net\/fr\/","name":"Griphos","description":"The new entertainment","potentialAction":[{"@type":"SearchAction","target":{"@type":"EntryPoint","urlTemplate":"https:\/\/www.griphos.net\/fr\/?s={search_term_string}"},"query-input":"required name=search_term_string"}],"inLanguage":"fr-FR"}]}},"_links":{"self":[{"href":"https:\/\/www.griphos.net\/fr\/wp-json\/wp\/v2\/product\/19025","targetHints":{"allow":["GET"]}}],"collection":[{"href":"https:\/\/www.griphos.net\/fr\/wp-json\/wp\/v2\/product"}],"about":[{"href":"https:\/\/www.griphos.net\/fr\/wp-json\/wp\/v2\/types\/product"}],"replies":[{"embeddable":true,"href":"https:\/\/www.griphos.net\/fr\/wp-json\/wp\/v2\/comments?post=19025"}],"wp:featuredmedia":[{"embeddable":true,"href":"https:\/\/www.griphos.net\/fr\/wp-json\/wp\/v2\/media\/17416"}],"wp:attachment":[{"href":"https:\/\/www.griphos.net\/fr\/wp-json\/wp\/v2\/media?parent=19025"}],"wp:term":[{"taxonomy":"product_cat","embeddable":true,"href":"https:\/\/www.griphos.net\/fr\/wp-json\/wp\/v2\/product_cat?post=19025"},{"taxonomy":"product_tag","embeddable":true,"href":"https:\/\/www.griphos.net\/fr\/wp-json\/wp\/v2\/product_tag?post=19025"}],"curies":[{"name":"wp","href":"https:\/\/api.w.org\/{rel}","templated":true}]}}