{"id":14531,"date":"2019-02-16T13:01:21","date_gmt":"2019-02-16T12:01:23","guid":{"rendered":"https:\/\/www.griphos.net\/?post_type=product&#038;p=14531"},"modified":"2021-03-14T07:18:54","modified_gmt":"2021-03-14T06:18:54","slug":"un-tour-au-zoo-pour-fille-8-10-ans","status":"publish","type":"product","link":"https:\/\/www.griphos.net\/fr\/produit\/un-tour-au-zoo-pour-fille-8-10-ans\/","title":{"rendered":"Un tour au zoo pour fille 8-10 ans"},"content":{"rendered":"<p>Un tour au zoo pour fille 8-10 ans<\/p>\n","protected":false},"excerpt":{"rendered":"<p>Pendant qu&#8217;une classe d&#8217;\u00e9tudiants \u00e9tait en train de visiter le zoo de la ville, des douzaines de singes sont apparus\u00a0parmi eux. quelqu&#8217;un les a lib\u00e9r\u00e9s. Aide le d\u00e9tective \u00e0 trouver de qui il s&#8217;agit.<\/p>\n<p>Le d\u00e9tective Maggy et votre fils seront appel\u00e9s \u00e0 enqu\u00eater sur des cas o\u00f9 tout le monde est suspect\u00e9 mais o\u00f9 une seule personne est coupable. Ils devront r\u00e9soudre des \u00e9nigmes, ce qui les am\u00e8nera \u00e0 trouver et \u00e0 examiner des indices (images), \u00e0 \u00e9tudier attentivement les personnes impliqu\u00e9es et, \u00e9ventuellement, \u00e0 r\u00e9sumer ce qu&#8217;ils ont d\u00e9couvert pour trouver le coupable.<\/p>\n<p>Tout cela \u00e0 travers la lecture d&#8217;une histoire, d&#8217;\u00e9nigmes simples et amusantes et d&#8217;images qui sont autant d&#8217;indices n\u00e9cessaires pour r\u00e9soudre l&#8217;affaire.<\/p>\n<ul>\n<li>PDF<\/li>\n<li>12 pages<\/li>\n<li>Les instructions sont incluses<\/li>\n<\/ul>\n<p>&nbsp;<\/p>\n","protected":false},"featured_media":14475,"comment_status":"closed","ping_status":"closed","template":"","meta":[],"product_cat":[127,130],"product_tag":[184],"class_list":{"0":"post-14531","1":"product","2":"type-product","3":"status-publish","4":"has-post-thumbnail","6":"product_cat-chasse-au-coupable","7":"product_cat-chasse-au-coupable-pour-filles","8":"product_tag-chasse-au-coupable","10":"first","11":"instock","12":"sale","13":"downloadable","14":"virtual","15":"taxable","16":"purchasable","17":"product-type-simple"},"yoast_head":"<!-- This site is optimized with the Yoast SEO Premium plugin v22.5 (Yoast SEO v22.5) - https:\/\/yoast.com\/wordpress\/plugins\/seo\/ -->\n<title>Un tour au zoo pour fille 8-10 ans - Griphos<\/title>\n<meta name=\"robots\" content=\"index, follow, max-snippet:-1, max-image-preview:large, max-video-preview:-1\" \/>\n<link rel=\"canonical\" href=\"https:\/\/www.griphos.net\/fr\/produit\/un-tour-au-zoo-pour-fille-8-10-ans\/\" \/>\n<meta property=\"og:locale\" content=\"fr_FR\" \/>\n<meta property=\"og:type\" content=\"article\" \/>\n<meta property=\"og:title\" content=\"Un tour au zoo pour fille 8-10 ans\" \/>\n<meta property=\"og:description\" content=\"Pendant qu&#039;une classe d&#039;\u00e9tudiants \u00e9tait en train de visiter le zoo de la ville, des douzaines de singes sont apparus\u00a0parmi eux. quelqu&#039;un les a lib\u00e9r\u00e9s. Aide le d\u00e9tective \u00e0 trouver de qui il s&#039;agit.  Le d\u00e9tective Maggy et votre fils seront appel\u00e9s \u00e0 enqu\u00eater sur des cas o\u00f9 tout le monde est suspect\u00e9 mais o\u00f9 une seule personne est coupable. Ils devront r\u00e9soudre des \u00e9nigmes, ce qui les am\u00e8nera \u00e0 trouver et \u00e0 examiner des indices (images), \u00e0 \u00e9tudier attentivement les personnes impliqu\u00e9es et, \u00e9ventuellement, \u00e0 r\u00e9sumer ce qu&#039;ils ont d\u00e9couvert pour trouver le coupable.  Tout cela \u00e0 travers la lecture d&#039;une histoire, d&#039;\u00e9nigmes simples et amusantes et d&#039;images qui sont autant d&#039;indices n\u00e9cessaires pour r\u00e9soudre l&#039;affaire.   PDF  12 pages  Les instructions sont incluses  &nbsp;\" \/>\n<meta property=\"og:url\" content=\"https:\/\/www.griphos.net\/fr\/produit\/un-tour-au-zoo-pour-fille-8-10-ans\/\" \/>\n<meta property=\"og:site_name\" content=\"Griphos\" \/>\n<meta property=\"article:modified_time\" content=\"2021-03-14T06:18:54+00:00\" \/>\n<meta property=\"og:image\" content=\"https:\/\/www.griphos.net\/wp-content\/uploads\/2021\/03\/1-enquete-policiere-pour-fille5-7-ans-1.jpg\" \/>\n\t<meta property=\"og:image:width\" content=\"500\" \/>\n\t<meta property=\"og:image:height\" content=\"707\" \/>\n\t<meta property=\"og:image:type\" content=\"image\/jpeg\" \/>\n<meta name=\"twitter:card\" content=\"summary_large_image\" \/>\n<script type=\"application\/ld+json\" class=\"yoast-schema-graph\">{\"@context\":\"https:\/\/schema.org\",\"@graph\":[{\"@type\":\"WebPage\",\"@id\":\"https:\/\/www.griphos.net\/fr\/produit\/un-tour-au-zoo-pour-fille-8-10-ans\/\",\"url\":\"https:\/\/www.griphos.net\/fr\/produit\/un-tour-au-zoo-pour-fille-8-10-ans\/\",\"name\":\"Un tour au zoo pour fille 8-10 ans - Griphos\",\"isPartOf\":{\"@id\":\"https:\/\/www.griphos.net\/fr\/#website\"},\"primaryImageOfPage\":{\"@id\":\"https:\/\/www.griphos.net\/fr\/produit\/un-tour-au-zoo-pour-fille-8-10-ans\/#primaryimage\"},\"image\":{\"@id\":\"https:\/\/www.griphos.net\/fr\/produit\/un-tour-au-zoo-pour-fille-8-10-ans\/#primaryimage\"},\"thumbnailUrl\":\"https:\/\/www.griphos.net\/wp-content\/uploads\/2021\/03\/1-enquete-policiere-pour-fille5-7-ans-1.jpg\",\"datePublished\":\"2019-02-16T12:01:23+00:00\",\"dateModified\":\"2021-03-14T06:18:54+00:00\",\"breadcrumb\":{\"@id\":\"https:\/\/www.griphos.net\/fr\/produit\/un-tour-au-zoo-pour-fille-8-10-ans\/#breadcrumb\"},\"inLanguage\":\"fr-FR\",\"potentialAction\":[{\"@type\":\"ReadAction\",\"target\":[\"https:\/\/www.griphos.net\/fr\/produit\/un-tour-au-zoo-pour-fille-8-10-ans\/\"]}]},{\"@type\":\"ImageObject\",\"inLanguage\":\"fr-FR\",\"@id\":\"https:\/\/www.griphos.net\/fr\/produit\/un-tour-au-zoo-pour-fille-8-10-ans\/#primaryimage\",\"url\":\"https:\/\/www.griphos.net\/wp-content\/uploads\/2021\/03\/1-enquete-policiere-pour-fille5-7-ans-1.jpg\",\"contentUrl\":\"https:\/\/www.griphos.net\/wp-content\/uploads\/2021\/03\/1-enquete-policiere-pour-fille5-7-ans-1.jpg\",\"width\":500,\"height\":707},{\"@type\":\"BreadcrumbList\",\"@id\":\"https:\/\/www.griphos.net\/fr\/produit\/un-tour-au-zoo-pour-fille-8-10-ans\/#breadcrumb\",\"itemListElement\":[{\"@type\":\"ListItem\",\"position\":1,\"name\":\"Home\",\"item\":\"https:\/\/www.griphos.net\/fr\/\"},{\"@type\":\"ListItem\",\"position\":2,\"name\":\"Shop\",\"item\":\"https:\/\/www.griphos.net\/fr\/shop\/\"},{\"@type\":\"ListItem\",\"position\":3,\"name\":\"Un tour au zoo pour fille 8-10 ans\"}]},{\"@type\":\"WebSite\",\"@id\":\"https:\/\/www.griphos.net\/fr\/#website\",\"url\":\"https:\/\/www.griphos.net\/fr\/\",\"name\":\"Griphos\",\"description\":\"The new entertainment\",\"potentialAction\":[{\"@type\":\"SearchAction\",\"target\":{\"@type\":\"EntryPoint\",\"urlTemplate\":\"https:\/\/www.griphos.net\/fr\/?s={search_term_string}\"},\"query-input\":\"required name=search_term_string\"}],\"inLanguage\":\"fr-FR\"}]}<\/script>\n<!-- \/ Yoast SEO Premium plugin. -->","yoast_head_json":{"title":"Un tour au zoo pour fille 8-10 ans - Griphos","robots":{"index":"index","follow":"follow","max-snippet":"max-snippet:-1","max-image-preview":"max-image-preview:large","max-video-preview":"max-video-preview:-1"},"canonical":"https:\/\/www.griphos.net\/fr\/produit\/un-tour-au-zoo-pour-fille-8-10-ans\/","og_locale":"fr_FR","og_type":"article","og_title":"Un tour au zoo pour fille 8-10 ans","og_description":"Pendant qu'une classe d'\u00e9tudiants \u00e9tait en train de visiter le zoo de la ville, des douzaines de singes sont apparus\u00a0parmi eux. quelqu'un les a lib\u00e9r\u00e9s. Aide le d\u00e9tective \u00e0 trouver de qui il s'agit.  Le d\u00e9tective Maggy et votre fils seront appel\u00e9s \u00e0 enqu\u00eater sur des cas o\u00f9 tout le monde est suspect\u00e9 mais o\u00f9 une seule personne est coupable. Ils devront r\u00e9soudre des \u00e9nigmes, ce qui les am\u00e8nera \u00e0 trouver et \u00e0 examiner des indices (images), \u00e0 \u00e9tudier attentivement les personnes impliqu\u00e9es et, \u00e9ventuellement, \u00e0 r\u00e9sumer ce qu'ils ont d\u00e9couvert pour trouver le coupable.  Tout cela \u00e0 travers la lecture d'une histoire, d'\u00e9nigmes simples et amusantes et d'images qui sont autant d'indices n\u00e9cessaires pour r\u00e9soudre l'affaire.   PDF  12 pages  Les instructions sont incluses  &nbsp;","og_url":"https:\/\/www.griphos.net\/fr\/produit\/un-tour-au-zoo-pour-fille-8-10-ans\/","og_site_name":"Griphos","article_modified_time":"2021-03-14T06:18:54+00:00","og_image":[{"width":500,"height":707,"url":"https:\/\/www.griphos.net\/wp-content\/uploads\/2021\/03\/1-enquete-policiere-pour-fille5-7-ans-1.jpg","type":"image\/jpeg"}],"twitter_card":"summary_large_image","schema":{"@context":"https:\/\/schema.org","@graph":[{"@type":"WebPage","@id":"https:\/\/www.griphos.net\/fr\/produit\/un-tour-au-zoo-pour-fille-8-10-ans\/","url":"https:\/\/www.griphos.net\/fr\/produit\/un-tour-au-zoo-pour-fille-8-10-ans\/","name":"Un tour au zoo pour fille 8-10 ans - Griphos","isPartOf":{"@id":"https:\/\/www.griphos.net\/fr\/#website"},"primaryImageOfPage":{"@id":"https:\/\/www.griphos.net\/fr\/produit\/un-tour-au-zoo-pour-fille-8-10-ans\/#primaryimage"},"image":{"@id":"https:\/\/www.griphos.net\/fr\/produit\/un-tour-au-zoo-pour-fille-8-10-ans\/#primaryimage"},"thumbnailUrl":"https:\/\/www.griphos.net\/wp-content\/uploads\/2021\/03\/1-enquete-policiere-pour-fille5-7-ans-1.jpg","datePublished":"2019-02-16T12:01:23+00:00","dateModified":"2021-03-14T06:18:54+00:00","breadcrumb":{"@id":"https:\/\/www.griphos.net\/fr\/produit\/un-tour-au-zoo-pour-fille-8-10-ans\/#breadcrumb"},"inLanguage":"fr-FR","potentialAction":[{"@type":"ReadAction","target":["https:\/\/www.griphos.net\/fr\/produit\/un-tour-au-zoo-pour-fille-8-10-ans\/"]}]},{"@type":"ImageObject","inLanguage":"fr-FR","@id":"https:\/\/www.griphos.net\/fr\/produit\/un-tour-au-zoo-pour-fille-8-10-ans\/#primaryimage","url":"https:\/\/www.griphos.net\/wp-content\/uploads\/2021\/03\/1-enquete-policiere-pour-fille5-7-ans-1.jpg","contentUrl":"https:\/\/www.griphos.net\/wp-content\/uploads\/2021\/03\/1-enquete-policiere-pour-fille5-7-ans-1.jpg","width":500,"height":707},{"@type":"BreadcrumbList","@id":"https:\/\/www.griphos.net\/fr\/produit\/un-tour-au-zoo-pour-fille-8-10-ans\/#breadcrumb","itemListElement":[{"@type":"ListItem","position":1,"name":"Home","item":"https:\/\/www.griphos.net\/fr\/"},{"@type":"ListItem","position":2,"name":"Shop","item":"https:\/\/www.griphos.net\/fr\/shop\/"},{"@type":"ListItem","position":3,"name":"Un tour au zoo pour fille 8-10 ans"}]},{"@type":"WebSite","@id":"https:\/\/www.griphos.net\/fr\/#website","url":"https:\/\/www.griphos.net\/fr\/","name":"Griphos","description":"The new entertainment","potentialAction":[{"@type":"SearchAction","target":{"@type":"EntryPoint","urlTemplate":"https:\/\/www.griphos.net\/fr\/?s={search_term_string}"},"query-input":"required name=search_term_string"}],"inLanguage":"fr-FR"}]}},"_links":{"self":[{"href":"https:\/\/www.griphos.net\/fr\/wp-json\/wp\/v2\/product\/14531","targetHints":{"allow":["GET"]}}],"collection":[{"href":"https:\/\/www.griphos.net\/fr\/wp-json\/wp\/v2\/product"}],"about":[{"href":"https:\/\/www.griphos.net\/fr\/wp-json\/wp\/v2\/types\/product"}],"replies":[{"embeddable":true,"href":"https:\/\/www.griphos.net\/fr\/wp-json\/wp\/v2\/comments?post=14531"}],"wp:featuredmedia":[{"embeddable":true,"href":"https:\/\/www.griphos.net\/fr\/wp-json\/wp\/v2\/media\/14475"}],"wp:attachment":[{"href":"https:\/\/www.griphos.net\/fr\/wp-json\/wp\/v2\/media?parent=14531"}],"wp:term":[{"taxonomy":"product_cat","embeddable":true,"href":"https:\/\/www.griphos.net\/fr\/wp-json\/wp\/v2\/product_cat?post=14531"},{"taxonomy":"product_tag","embeddable":true,"href":"https:\/\/www.griphos.net\/fr\/wp-json\/wp\/v2\/product_tag?post=14531"}],"curies":[{"name":"wp","href":"https:\/\/api.w.org\/{rel}","templated":true}]}}