{"id":13471,"date":"2018-08-23T09:36:51","date_gmt":"2018-08-23T08:36:51","guid":{"rendered":"https:\/\/www.griphos.net\/product\/chasse-au-tresor-en-plein-air-sur-la-plage-le-tresor-des-pyramides\/"},"modified":"2018-09-01T11:47:07","modified_gmt":"2018-09-01T10:47:07","slug":"chasse-au-tresor-en-plein-air-sur-la-plage-le-tresor-des-pyramides","status":"publish","type":"product","link":"https:\/\/www.griphos.net\/fr\/produit\/chasse-au-tresor-en-plein-air-sur-la-plage-le-tresor-des-pyramides\/","title":{"rendered":"Chasse au tresor en plein air &#8211; sur la plage &#8211; le tr\u00e9sor des pyramides"},"content":{"rendered":"<p>Chasse au tresor en plein air &#8211; sur la plage &#8211; le tr\u00e9sor des pyramides<\/p>\n","protected":false},"excerpt":{"rendered":"<p>Toutes les chasses au tr\u00e9sor pr\u00e9sent\u00e9es ici comprennent des \u00e9nigmes pour les cachettes les plus courantes sur la plage ou dans un jardin ou\u00a0jardin\/maison\u00a0 ; afin de satisfaire tous les parents d\u00e9sireux d&#8217;organiser une chasse au tr\u00e9sor en plein air pour leur enfant.<\/p>\n<p>Devinettes : Serviette de bain \u2013 Trou \u2013 Chapeau \u2013 Poubelle \u2013 Claquette\/Tong \u2013 T-shirt \u2013 Lunettes de soleil \u2013 Parasol &#8211; Ballon \u2013 Chaise longue \u2013 Seau<\/p>\n<p>Convient aux enfants de 7 \u00e0 12 ans mais aussi aux plus jeunes s&#8217;ils sont aid\u00e9s.<\/p>\n<ul>\n<li>2 PDF<\/li>\n<li>27 pages<\/li>\n<li>Les instructions sont incluses<\/li>\n<\/ul>\n<p>&nbsp;<\/p>\n","protected":false},"featured_media":9105,"comment_status":"closed","ping_status":"closed","template":"","meta":[],"product_cat":[187],"product_tag":[184],"class_list":{"0":"post-13471","1":"product","2":"type-product","3":"status-publish","4":"has-post-thumbnail","6":"product_cat-chasses-au-tresor-en-plein-air-chasse-au-tresor-pour-enfants","7":"product_tag-chasse-au-coupable","9":"first","10":"instock","11":"downloadable","12":"virtual","13":"taxable","14":"purchasable","15":"product-type-simple"},"yoast_head":"<!-- This site is optimized with the Yoast SEO Premium plugin v22.5 (Yoast SEO v22.5) - https:\/\/yoast.com\/wordpress\/plugins\/seo\/ -->\n<title>Chasse au tresor en plein air - sur la plage - le tr\u00e9sor des pyramides - Griphos<\/title>\n<meta name=\"robots\" content=\"index, follow, max-snippet:-1, max-image-preview:large, max-video-preview:-1\" \/>\n<link rel=\"canonical\" href=\"https:\/\/www.griphos.net\/fr\/produit\/chasse-au-tresor-en-plein-air-sur-la-plage-le-tresor-des-pyramides\/\" \/>\n<meta property=\"og:locale\" content=\"fr_FR\" \/>\n<meta property=\"og:type\" content=\"article\" \/>\n<meta property=\"og:title\" content=\"Chasse au tresor en plein air - sur la plage - le tr\u00e9sor des pyramides\" \/>\n<meta property=\"og:description\" content=\"Toutes les chasses au tr\u00e9sor pr\u00e9sent\u00e9es ici comprennent des \u00e9nigmes pour les cachettes les plus courantes sur la plage ou dans un jardin ou\u00a0jardin\/maison\u00a0 ; afin de satisfaire tous les parents d\u00e9sireux d&#039;organiser une chasse au tr\u00e9sor en plein air pour leur enfant.  Devinettes : Serviette de bain \u2013 Trou \u2013 Chapeau \u2013 Poubelle \u2013 Claquette\/Tong \u2013 T-shirt \u2013 Lunettes de soleil \u2013 Parasol - Ballon \u2013 Chaise longue \u2013 Seau  Convient aux enfants de 7 \u00e0 12 ans mais aussi aux plus jeunes s&#039;ils sont aid\u00e9s.   2 PDF  27 pages  Les instructions sont incluses  &nbsp;\" \/>\n<meta property=\"og:url\" content=\"https:\/\/www.griphos.net\/fr\/produit\/chasse-au-tresor-en-plein-air-sur-la-plage-le-tresor-des-pyramides\/\" \/>\n<meta property=\"og:site_name\" content=\"Griphos\" \/>\n<meta property=\"article:modified_time\" content=\"2018-09-01T10:47:07+00:00\" \/>\n<meta property=\"og:image\" content=\"https:\/\/www.griphos.net\/wp-content\/uploads\/2018\/08\/0-sable-fr-1.jpg\" \/>\n\t<meta property=\"og:image:width\" content=\"600\" \/>\n\t<meta property=\"og:image:height\" content=\"848\" \/>\n\t<meta property=\"og:image:type\" content=\"image\/jpeg\" \/>\n<meta name=\"twitter:card\" content=\"summary_large_image\" \/>\n<script type=\"application\/ld+json\" class=\"yoast-schema-graph\">{\"@context\":\"https:\/\/schema.org\",\"@graph\":[{\"@type\":\"WebPage\",\"@id\":\"https:\/\/www.griphos.net\/fr\/produit\/chasse-au-tresor-en-plein-air-sur-la-plage-le-tresor-des-pyramides\/\",\"url\":\"https:\/\/www.griphos.net\/fr\/produit\/chasse-au-tresor-en-plein-air-sur-la-plage-le-tresor-des-pyramides\/\",\"name\":\"Chasse au tresor en plein air - sur la plage - le tr\u00e9sor des pyramides - Griphos\",\"isPartOf\":{\"@id\":\"https:\/\/www.griphos.net\/fr\/#website\"},\"primaryImageOfPage\":{\"@id\":\"https:\/\/www.griphos.net\/fr\/produit\/chasse-au-tresor-en-plein-air-sur-la-plage-le-tresor-des-pyramides\/#primaryimage\"},\"image\":{\"@id\":\"https:\/\/www.griphos.net\/fr\/produit\/chasse-au-tresor-en-plein-air-sur-la-plage-le-tresor-des-pyramides\/#primaryimage\"},\"thumbnailUrl\":\"https:\/\/www.griphos.net\/wp-content\/uploads\/2018\/08\/0-sable-fr-1.jpg\",\"datePublished\":\"2018-08-23T08:36:51+00:00\",\"dateModified\":\"2018-09-01T10:47:07+00:00\",\"breadcrumb\":{\"@id\":\"https:\/\/www.griphos.net\/fr\/produit\/chasse-au-tresor-en-plein-air-sur-la-plage-le-tresor-des-pyramides\/#breadcrumb\"},\"inLanguage\":\"fr-FR\",\"potentialAction\":[{\"@type\":\"ReadAction\",\"target\":[\"https:\/\/www.griphos.net\/fr\/produit\/chasse-au-tresor-en-plein-air-sur-la-plage-le-tresor-des-pyramides\/\"]}]},{\"@type\":\"ImageObject\",\"inLanguage\":\"fr-FR\",\"@id\":\"https:\/\/www.griphos.net\/fr\/produit\/chasse-au-tresor-en-plein-air-sur-la-plage-le-tresor-des-pyramides\/#primaryimage\",\"url\":\"https:\/\/www.griphos.net\/wp-content\/uploads\/2018\/08\/0-sable-fr-1.jpg\",\"contentUrl\":\"https:\/\/www.griphos.net\/wp-content\/uploads\/2018\/08\/0-sable-fr-1.jpg\",\"width\":600,\"height\":848},{\"@type\":\"BreadcrumbList\",\"@id\":\"https:\/\/www.griphos.net\/fr\/produit\/chasse-au-tresor-en-plein-air-sur-la-plage-le-tresor-des-pyramides\/#breadcrumb\",\"itemListElement\":[{\"@type\":\"ListItem\",\"position\":1,\"name\":\"Home\",\"item\":\"https:\/\/www.griphos.net\/fr\/\"},{\"@type\":\"ListItem\",\"position\":2,\"name\":\"Shop\",\"item\":\"https:\/\/www.griphos.net\/fr\/shop\/\"},{\"@type\":\"ListItem\",\"position\":3,\"name\":\"Chasse au tresor en plein air &#8211; sur la plage &#8211; le tr\u00e9sor des pyramides\"}]},{\"@type\":\"WebSite\",\"@id\":\"https:\/\/www.griphos.net\/fr\/#website\",\"url\":\"https:\/\/www.griphos.net\/fr\/\",\"name\":\"Griphos\",\"description\":\"The new entertainment\",\"potentialAction\":[{\"@type\":\"SearchAction\",\"target\":{\"@type\":\"EntryPoint\",\"urlTemplate\":\"https:\/\/www.griphos.net\/fr\/?s={search_term_string}\"},\"query-input\":\"required name=search_term_string\"}],\"inLanguage\":\"fr-FR\"}]}<\/script>\n<!-- \/ Yoast SEO Premium plugin. -->","yoast_head_json":{"title":"Chasse au tresor en plein air - sur la plage - le tr\u00e9sor des pyramides - Griphos","robots":{"index":"index","follow":"follow","max-snippet":"max-snippet:-1","max-image-preview":"max-image-preview:large","max-video-preview":"max-video-preview:-1"},"canonical":"https:\/\/www.griphos.net\/fr\/produit\/chasse-au-tresor-en-plein-air-sur-la-plage-le-tresor-des-pyramides\/","og_locale":"fr_FR","og_type":"article","og_title":"Chasse au tresor en plein air - sur la plage - le tr\u00e9sor des pyramides","og_description":"Toutes les chasses au tr\u00e9sor pr\u00e9sent\u00e9es ici comprennent des \u00e9nigmes pour les cachettes les plus courantes sur la plage ou dans un jardin ou\u00a0jardin\/maison\u00a0 ; afin de satisfaire tous les parents d\u00e9sireux d'organiser une chasse au tr\u00e9sor en plein air pour leur enfant.  Devinettes : Serviette de bain \u2013 Trou \u2013 Chapeau \u2013 Poubelle \u2013 Claquette\/Tong \u2013 T-shirt \u2013 Lunettes de soleil \u2013 Parasol - Ballon \u2013 Chaise longue \u2013 Seau  Convient aux enfants de 7 \u00e0 12 ans mais aussi aux plus jeunes s'ils sont aid\u00e9s.   2 PDF  27 pages  Les instructions sont incluses  &nbsp;","og_url":"https:\/\/www.griphos.net\/fr\/produit\/chasse-au-tresor-en-plein-air-sur-la-plage-le-tresor-des-pyramides\/","og_site_name":"Griphos","article_modified_time":"2018-09-01T10:47:07+00:00","og_image":[{"width":600,"height":848,"url":"https:\/\/www.griphos.net\/wp-content\/uploads\/2018\/08\/0-sable-fr-1.jpg","type":"image\/jpeg"}],"twitter_card":"summary_large_image","schema":{"@context":"https:\/\/schema.org","@graph":[{"@type":"WebPage","@id":"https:\/\/www.griphos.net\/fr\/produit\/chasse-au-tresor-en-plein-air-sur-la-plage-le-tresor-des-pyramides\/","url":"https:\/\/www.griphos.net\/fr\/produit\/chasse-au-tresor-en-plein-air-sur-la-plage-le-tresor-des-pyramides\/","name":"Chasse au tresor en plein air - sur la plage - le tr\u00e9sor des pyramides - Griphos","isPartOf":{"@id":"https:\/\/www.griphos.net\/fr\/#website"},"primaryImageOfPage":{"@id":"https:\/\/www.griphos.net\/fr\/produit\/chasse-au-tresor-en-plein-air-sur-la-plage-le-tresor-des-pyramides\/#primaryimage"},"image":{"@id":"https:\/\/www.griphos.net\/fr\/produit\/chasse-au-tresor-en-plein-air-sur-la-plage-le-tresor-des-pyramides\/#primaryimage"},"thumbnailUrl":"https:\/\/www.griphos.net\/wp-content\/uploads\/2018\/08\/0-sable-fr-1.jpg","datePublished":"2018-08-23T08:36:51+00:00","dateModified":"2018-09-01T10:47:07+00:00","breadcrumb":{"@id":"https:\/\/www.griphos.net\/fr\/produit\/chasse-au-tresor-en-plein-air-sur-la-plage-le-tresor-des-pyramides\/#breadcrumb"},"inLanguage":"fr-FR","potentialAction":[{"@type":"ReadAction","target":["https:\/\/www.griphos.net\/fr\/produit\/chasse-au-tresor-en-plein-air-sur-la-plage-le-tresor-des-pyramides\/"]}]},{"@type":"ImageObject","inLanguage":"fr-FR","@id":"https:\/\/www.griphos.net\/fr\/produit\/chasse-au-tresor-en-plein-air-sur-la-plage-le-tresor-des-pyramides\/#primaryimage","url":"https:\/\/www.griphos.net\/wp-content\/uploads\/2018\/08\/0-sable-fr-1.jpg","contentUrl":"https:\/\/www.griphos.net\/wp-content\/uploads\/2018\/08\/0-sable-fr-1.jpg","width":600,"height":848},{"@type":"BreadcrumbList","@id":"https:\/\/www.griphos.net\/fr\/produit\/chasse-au-tresor-en-plein-air-sur-la-plage-le-tresor-des-pyramides\/#breadcrumb","itemListElement":[{"@type":"ListItem","position":1,"name":"Home","item":"https:\/\/www.griphos.net\/fr\/"},{"@type":"ListItem","position":2,"name":"Shop","item":"https:\/\/www.griphos.net\/fr\/shop\/"},{"@type":"ListItem","position":3,"name":"Chasse au tresor en plein air &#8211; sur la plage &#8211; le tr\u00e9sor des pyramides"}]},{"@type":"WebSite","@id":"https:\/\/www.griphos.net\/fr\/#website","url":"https:\/\/www.griphos.net\/fr\/","name":"Griphos","description":"The new entertainment","potentialAction":[{"@type":"SearchAction","target":{"@type":"EntryPoint","urlTemplate":"https:\/\/www.griphos.net\/fr\/?s={search_term_string}"},"query-input":"required name=search_term_string"}],"inLanguage":"fr-FR"}]}},"_links":{"self":[{"href":"https:\/\/www.griphos.net\/fr\/wp-json\/wp\/v2\/product\/13471","targetHints":{"allow":["GET"]}}],"collection":[{"href":"https:\/\/www.griphos.net\/fr\/wp-json\/wp\/v2\/product"}],"about":[{"href":"https:\/\/www.griphos.net\/fr\/wp-json\/wp\/v2\/types\/product"}],"replies":[{"embeddable":true,"href":"https:\/\/www.griphos.net\/fr\/wp-json\/wp\/v2\/comments?post=13471"}],"wp:featuredmedia":[{"embeddable":true,"href":"https:\/\/www.griphos.net\/fr\/wp-json\/wp\/v2\/media\/9105"}],"wp:attachment":[{"href":"https:\/\/www.griphos.net\/fr\/wp-json\/wp\/v2\/media?parent=13471"}],"wp:term":[{"taxonomy":"product_cat","embeddable":true,"href":"https:\/\/www.griphos.net\/fr\/wp-json\/wp\/v2\/product_cat?post=13471"},{"taxonomy":"product_tag","embeddable":true,"href":"https:\/\/www.griphos.net\/fr\/wp-json\/wp\/v2\/product_tag?post=13471"}],"curies":[{"name":"wp","href":"https:\/\/api.w.org\/{rel}","templated":true}]}}