{"id":8655,"date":"2018-08-14T12:19:13","date_gmt":"2018-08-14T11:19:13","guid":{"rendered":"https:\/\/www.griphos.net\/qui-sommes-nous\/"},"modified":"2020-08-29T16:47:04","modified_gmt":"2020-08-29T15:47:04","slug":"qui-sommes-nous","status":"publish","type":"page","link":"https:\/\/www.griphos.net\/fr\/qui-sommes-nous\/","title":{"rendered":"Qui sommes-nous"},"content":{"rendered":"<p>[vc_row][vc_column][vc_column_text]<br \/>\n<strong>Griphos.net<\/strong> est la version internationale de &#8220;Piccole Perle Edizioni Creative&#8221;. Fruit de l&#8217;id\u00e9e d&#8217;une seule personne, c&#8217;est-\u00e0-dire de son fondateur Raffaele Testa, apr\u00e8s quelques r\u00e9sultats satisfaisants dans son pays d&#8217;origine, il a d\u00e9cid\u00e9 de faire profiter de son divertissement \u00e0 un public plus large \u00e0 travers l&#8217;un des jeux les plus c\u00e9l\u00e8bres au monde.<\/p>\n<p>Le seul but de <strong>Griphos.net<\/strong> est de cr\u00e9er du divertissement, purement et simplement, pour tous les \u00e2ges, du plus petit au plus grand.<\/p>\n<p>Il aspire \u00e0 faire passer un moment agr\u00e9able \u00e0 votre enfant pour son anniversaire, lors d&#8217;un apr\u00e8s-midi avec des amis, \u00e0 n&#8217;importe quel moment ou occasion o\u00f9 il sera l&#8217;acteur principal.<\/p>\n<p>Les \u00e9nigmes de la Chasse au tr\u00e9sor et de la Chasse au coupable sont simples, dr\u00f4les et amusantes et rassemblent tous les participants pour un moment de joie et d&#8217;insouciante.<\/p>\n<p>Griphos.net s&#8217;adresse aussi \u00e0 un public adulte souhaitant faire quelque chose qui change lors d&#8217;une <strong>soir\u00e9e entre amis<\/strong>, d&#8217;un <strong>anniversaire<\/strong>,d &#8216;une <strong>c\u00e9l\u00e9bration<\/strong> ou toute <strong>occasion<\/strong> sp\u00e9ciale \u00e0 plusieurs.<\/p>\n<p>Nous souhaitons faire jouer et rire les gens de mani\u00e8re simple et authentique.<\/p>\n<p>Elle a pour ambition de faire na\u00eetre des sourires chez vous et vos enfants.<\/p>\n<p>Nous esp\u00e9rons que ce que vous trouverez sur ce site vous plaira et surtout que son ambition de divertissement sera un succ\u00e8s.<\/p>\n<p>Pour r\u00e9sumer,<strong>Griphos.net<\/strong> vous souhaite un excellent divertissement.[\/vc_column_text][vc_separator type=&#8221;space&#8221;][\/vc_column][\/vc_row]<\/p>\n","protected":false},"excerpt":{"rendered":"<p>[vc_row][vc_column][vc_column_text] Griphos.net est la version internationale de &#8220;Piccole Perle Edizioni Creative&#8221;. Fruit de l&#8217;id\u00e9e d&#8217;une seule personne, c&#8217;est-\u00e0-dire de son fondateur Raffaele Testa, apr\u00e8s quelques r\u00e9sultats satisfaisants dans son pays d&#8217;origine, il a d\u00e9cid\u00e9 de faire profiter de son divertissement \u00e0 un public plus large \u00e0 travers l&#8217;un des jeux&#8230;<\/p>\n","protected":false},"author":1,"featured_media":0,"parent":0,"menu_order":0,"comment_status":"open","ping_status":"open","template":"","meta":{"footnotes":""},"class_list":["post-8655","page","type-page","status-publish","hentry"],"yoast_head":"<!-- This site is optimized with the Yoast SEO Premium plugin v22.5 (Yoast SEO v22.5) - https:\/\/yoast.com\/wordpress\/plugins\/seo\/ -->\n<title>Qui sommes-nous - Griphos<\/title>\n<meta name=\"robots\" content=\"index, follow, max-snippet:-1, max-image-preview:large, max-video-preview:-1\" \/>\n<link rel=\"canonical\" href=\"https:\/\/www.griphos.net\/fr\/qui-sommes-nous\/\" \/>\n<meta property=\"og:locale\" content=\"fr_FR\" \/>\n<meta property=\"og:type\" content=\"article\" \/>\n<meta property=\"og:title\" content=\"Qui sommes-nous\" \/>\n<meta property=\"og:description\" content=\"[vc_row][vc_column][vc_column_text] Griphos.net est la version internationale de &#8220;Piccole Perle Edizioni Creative&#8221;. Fruit de l&#8217;id\u00e9e d&#8217;une seule personne, c&#8217;est-\u00e0-dire de son fondateur Raffaele Testa, apr\u00e8s quelques r\u00e9sultats satisfaisants dans son pays d&#8217;origine, il a d\u00e9cid\u00e9 de faire profiter de son divertissement \u00e0 un public plus large \u00e0 travers l&#8217;un des jeux...\" \/>\n<meta property=\"og:url\" content=\"https:\/\/www.griphos.net\/fr\/qui-sommes-nous\/\" \/>\n<meta property=\"og:site_name\" content=\"Griphos\" \/>\n<meta property=\"article:modified_time\" content=\"2020-08-29T15:47:04+00:00\" \/>\n<meta name=\"twitter:card\" content=\"summary_large_image\" \/>\n<meta name=\"twitter:label1\" content=\"Est. reading time\" \/>\n\t<meta name=\"twitter:data1\" content=\"1 minute\" \/>\n<script type=\"application\/ld+json\" class=\"yoast-schema-graph\">{\"@context\":\"https:\/\/schema.org\",\"@graph\":[{\"@type\":\"WebPage\",\"@id\":\"https:\/\/www.griphos.net\/fr\/qui-sommes-nous\/\",\"url\":\"https:\/\/www.griphos.net\/fr\/qui-sommes-nous\/\",\"name\":\"Qui sommes-nous - Griphos\",\"isPartOf\":{\"@id\":\"https:\/\/www.griphos.net\/fr\/#website\"},\"datePublished\":\"2018-08-14T11:19:13+00:00\",\"dateModified\":\"2020-08-29T15:47:04+00:00\",\"breadcrumb\":{\"@id\":\"https:\/\/www.griphos.net\/fr\/qui-sommes-nous\/#breadcrumb\"},\"inLanguage\":\"fr-FR\",\"potentialAction\":[{\"@type\":\"ReadAction\",\"target\":[\"https:\/\/www.griphos.net\/fr\/qui-sommes-nous\/\"]}]},{\"@type\":\"BreadcrumbList\",\"@id\":\"https:\/\/www.griphos.net\/fr\/qui-sommes-nous\/#breadcrumb\",\"itemListElement\":[{\"@type\":\"ListItem\",\"position\":1,\"name\":\"Home\",\"item\":\"https:\/\/www.griphos.net\/fr\/\"},{\"@type\":\"ListItem\",\"position\":2,\"name\":\"Qui sommes-nous\"}]},{\"@type\":\"WebSite\",\"@id\":\"https:\/\/www.griphos.net\/fr\/#website\",\"url\":\"https:\/\/www.griphos.net\/fr\/\",\"name\":\"Griphos\",\"description\":\"The new entertainment\",\"potentialAction\":[{\"@type\":\"SearchAction\",\"target\":{\"@type\":\"EntryPoint\",\"urlTemplate\":\"https:\/\/www.griphos.net\/fr\/?s={search_term_string}\"},\"query-input\":\"required name=search_term_string\"}],\"inLanguage\":\"fr-FR\"}]}<\/script>\n<!-- \/ Yoast SEO Premium plugin. -->","yoast_head_json":{"title":"Qui sommes-nous - Griphos","robots":{"index":"index","follow":"follow","max-snippet":"max-snippet:-1","max-image-preview":"max-image-preview:large","max-video-preview":"max-video-preview:-1"},"canonical":"https:\/\/www.griphos.net\/fr\/qui-sommes-nous\/","og_locale":"fr_FR","og_type":"article","og_title":"Qui sommes-nous","og_description":"[vc_row][vc_column][vc_column_text] Griphos.net est la version internationale de &#8220;Piccole Perle Edizioni Creative&#8221;. Fruit de l&#8217;id\u00e9e d&#8217;une seule personne, c&#8217;est-\u00e0-dire de son fondateur Raffaele Testa, apr\u00e8s quelques r\u00e9sultats satisfaisants dans son pays d&#8217;origine, il a d\u00e9cid\u00e9 de faire profiter de son divertissement \u00e0 un public plus large \u00e0 travers l&#8217;un des jeux...","og_url":"https:\/\/www.griphos.net\/fr\/qui-sommes-nous\/","og_site_name":"Griphos","article_modified_time":"2020-08-29T15:47:04+00:00","twitter_card":"summary_large_image","twitter_misc":{"Est. reading time":"1 minute"},"schema":{"@context":"https:\/\/schema.org","@graph":[{"@type":"WebPage","@id":"https:\/\/www.griphos.net\/fr\/qui-sommes-nous\/","url":"https:\/\/www.griphos.net\/fr\/qui-sommes-nous\/","name":"Qui sommes-nous - Griphos","isPartOf":{"@id":"https:\/\/www.griphos.net\/fr\/#website"},"datePublished":"2018-08-14T11:19:13+00:00","dateModified":"2020-08-29T15:47:04+00:00","breadcrumb":{"@id":"https:\/\/www.griphos.net\/fr\/qui-sommes-nous\/#breadcrumb"},"inLanguage":"fr-FR","potentialAction":[{"@type":"ReadAction","target":["https:\/\/www.griphos.net\/fr\/qui-sommes-nous\/"]}]},{"@type":"BreadcrumbList","@id":"https:\/\/www.griphos.net\/fr\/qui-sommes-nous\/#breadcrumb","itemListElement":[{"@type":"ListItem","position":1,"name":"Home","item":"https:\/\/www.griphos.net\/fr\/"},{"@type":"ListItem","position":2,"name":"Qui sommes-nous"}]},{"@type":"WebSite","@id":"https:\/\/www.griphos.net\/fr\/#website","url":"https:\/\/www.griphos.net\/fr\/","name":"Griphos","description":"The new entertainment","potentialAction":[{"@type":"SearchAction","target":{"@type":"EntryPoint","urlTemplate":"https:\/\/www.griphos.net\/fr\/?s={search_term_string}"},"query-input":"required name=search_term_string"}],"inLanguage":"fr-FR"}]}},"_links":{"self":[{"href":"https:\/\/www.griphos.net\/fr\/wp-json\/wp\/v2\/pages\/8655","targetHints":{"allow":["GET"]}}],"collection":[{"href":"https:\/\/www.griphos.net\/fr\/wp-json\/wp\/v2\/pages"}],"about":[{"href":"https:\/\/www.griphos.net\/fr\/wp-json\/wp\/v2\/types\/page"}],"author":[{"embeddable":true,"href":"https:\/\/www.griphos.net\/fr\/wp-json\/wp\/v2\/users\/1"}],"replies":[{"embeddable":true,"href":"https:\/\/www.griphos.net\/fr\/wp-json\/wp\/v2\/comments?post=8655"}],"version-history":[{"count":4,"href":"https:\/\/www.griphos.net\/fr\/wp-json\/wp\/v2\/pages\/8655\/revisions"}],"predecessor-version":[{"id":15868,"href":"https:\/\/www.griphos.net\/fr\/wp-json\/wp\/v2\/pages\/8655\/revisions\/15868"}],"wp:attachment":[{"href":"https:\/\/www.griphos.net\/fr\/wp-json\/wp\/v2\/media?parent=8655"}],"curies":[{"name":"wp","href":"https:\/\/api.w.org\/{rel}","templated":true}]}}