{"id":8652,"date":"2018-08-14T12:03:49","date_gmt":"2018-08-14T11:03:49","guid":{"rendered":"https:\/\/www.griphos.net\/terms-and-conditions\/"},"modified":"2018-08-14T12:03:49","modified_gmt":"2018-08-14T11:03:49","slug":"terms-and-conditions","status":"publish","type":"page","link":"https:\/\/www.griphos.net\/fr\/terms-and-conditions\/","title":{"rendered":"Terms and Conditions"},"content":{"rendered":"<p><strong>Conditions d&#8217;utilisation du site Web<\/strong><\/p>\n<p>L&#8217;utilisation de ce site est offerte par Edizioni Piccole Perle (ci-apr\u00e8s le Propri\u00e9taire) \u00e0 condition que vous acceptiez les termes, conditions et notes contenus dans cette page et dans les autres pages du site.<br \/>\nL&#8217;acc\u00e8s ou l&#8217;utilisation de ce site est soumis \u00e0 l&#8217;acceptation des conditions. Votre utilisation de ce site constitue votre acceptation de ces termes et conditions. Le Propri\u00e9taire se r\u00e9serve le droit de modifier \u00e0 tout moment et \u00e0 sa discr\u00e9tion les conditions d&#8217;utilisation et les conditions dans lesquelles le site est offert.<\/p>\n<ol>\n<li>A) Utilisation des informations et de la documentation<br \/>\nCe site Web est destin\u00e9 \u00e0 un usage personnel et non commercial. Vous ne pouvez pas t\u00e9l\u00e9charger, copier, reproduire, modifier, distribuer, publier, transmettre, transf\u00e9rer, vendre, conc\u00e9der sous licence, afficher, ex\u00e9cuter ou adapter les informations, produits ou services obtenus \u00e0 partir de ce site Web. Vous \u00eates autoris\u00e9 \u00e0 t\u00e9l\u00e9charger et \u00e0 copier des informations pour votre usage personnel uniquement, \u00e0 condition que les droits d&#8217;auteur et autres restrictions d&#8217;utilisation soient respect\u00e9s.<\/li>\n<li>B) Usage ill\u00e9gal et interdit<br \/>\nVous garantissez que vous n&#8217;utiliserez pas ce site Web \u00e0 des fins contraires aux lois applicables ou interdites par les modalit\u00e9s d&#8217;utilisation, les conditions et les avis d\u00e9crits aux pr\u00e9sentes.<\/li>\n<li>C) Activit\u00e9s interdites<br \/>\nEn utilisant les services de courrier \u00e9lectronique ou d&#8217;autres services de messagerie et de communication sur ce site Web, vous d\u00e9clarez que vous n&#8217;utiliserez pas le site Web pour :<\/li>\n<\/ol>\n<ul>\n<li>Afficher ou transmettre de toute autre mani\u00e8re que ce soit toute communication ou mat\u00e9riel ill\u00e9gal, nuisible, mena\u00e7ant, abusif, harcelant, diffamatoire, vulgaire, obsc\u00e8ne, envahissant la vie priv\u00e9e d&#8217;autrui, nuisible au site, haineux, raciste, inacceptable sur le plan \u00e9thique ou de toute autre mani\u00e8re que ce soit ;<\/li>\n<li>Falsifier les en-t\u00eates ou manipuler d&#8217;une autre mani\u00e8re les identificateurs afin de contrefaire l&#8217;origine de toute information transmise par l&#8217;interm\u00e9diaire de ce site Web ;<\/li>\n<li>Installer, envoyer ou transmettre d&#8217;une autre mani\u00e8re toute publicit\u00e9 non sollicit\u00e9e ou non autoris\u00e9e, du mat\u00e9riel promotionnel, des messages ou groupes de messages non sollicit\u00e9s ou toute autre forme de pression, sans l&#8217;autorisation expresse du propri\u00e9taire ;<\/li>\n<li>Perturber ou interf\u00e9rer avec le fonctionnement de ce site Web ou d&#8217;autres serveurs ou r\u00e9seaux connect\u00e9s au site Web ;<\/li>\n<li>Violer toute loi locale, nationale ou internationale ;<\/li>\n<li>Collecter ou stocker des informations personnelles sur d&#8217;autres utilisateurs.<\/li>\n<\/ul>\n<ol>\n<li>F) Indemnit\u00e9<br \/>\nVous acceptez d&#8217;indemniser et de d\u00e9gager de toute responsabilit\u00e9 le Propri\u00e9taire de ce site Web pour toute r\u00e9clamation, perte, dommage, responsabilit\u00e9, co\u00fbts et d\u00e9penses (y compris les honoraires d&#8217;avocats raisonnables) d\u00e9coulant de, corr\u00e9l\u00e9s ou directement li\u00e9s \u00e0 votre utilisation du site Web qui sont erron\u00e9s ou ill\u00e9gaux, ou pour toute violation des garanties \u00e9nonc\u00e9es par l&#8217;utilisateur dans le pr\u00e9sent document.<\/li>\n<li>G) Relations contractuelles<br \/>\nVous reconnaissez et acceptez que les communications et les transmissions \u00e0 destination et en provenance du site Web sont non confidentielles. Il n&#8217;existe aucune implication confidentielle, fiduciaire, contractuelle ou autre relation cr\u00e9\u00e9e entre l&#8217;utilisateur et le Propri\u00e9taire du site, autre que celle mentionn\u00e9e dans ce document ou dans les termes contractuels pr\u00e9sents dans les pages du site. Vous acceptez qu&#8217;il n&#8217;existe aucune relation de type joint-venture, partenariat, emploi ou agence entre vous et le Propri\u00e9taire d\u00e9coulant du pr\u00e9sent document ou de votre utilisation du Site Web.<\/li>\n<li>H) G\u00e9n\u00e9ralit\u00e9s<br \/>\nLe pr\u00e9sent contrat est r\u00e9gi par le droit italien. Vous acceptez la juridiction exclusive des tribunaux de Milan, Italie, pour tous les litiges d\u00e9coulant de ou relatifs \u00e0 votre utilisation de ce site Web. L&#8217;utilisation de ce site Web n&#8217;est pas autoris\u00e9e dans les juridictions qui ne donnent pas plein effet \u00e0 toutes les conditions d&#8217;utilisation, conditions, avis de ce site Web et de ce document, y compris ce paragraphe.<br \/>\nDans l&#8217;\u00e9ventualit\u00e9 o\u00f9 une disposition du pr\u00e9sent contrat serait jug\u00e9e invalide, ill\u00e9gale ou autrement inapplicable, cette disposition sera supprim\u00e9e du pr\u00e9sent contrat. Le reste du pr\u00e9sent contrat demeurera pleinement valide et efficace dans ses modalit\u00e9s.<br \/>\nLes parties comprennent et acceptent pleinement cet accord relatif \u00e0 l&#8217;utilisation de ce site Web. Il remplace tout accord ant\u00e9rieur, oral ou \u00e9crit, concernant l&#8217;utilisation de ce site Web. La renonciation du Propri\u00e9taire \u00e0 l&#8217;une des dispositions du pr\u00e9sent contrat n&#8217;implique pas qu&#8217;elle ne pourra pas \u00eatre r\u00e9tablie \u00e0 l&#8217;avenir.<\/li>\n<li>I) Exemption totale de l&#8217;endommagement du produit<br \/>\nEdizionipiccoleperle n&#8217;assume aucune responsabilit\u00e9 en cas de dommages aux produits exp\u00e9di\u00e9s.<br \/>\nTous les contenus de ce site sont la propri\u00e9t\u00e9 \u00a9 2015 Edizioni Piccole Perle. Tous droits r\u00e9serv\u00e9s.<\/li>\n<\/ol>\n","protected":false},"excerpt":{"rendered":"<p>Conditions d&#8217;utilisation du site Web L&#8217;utilisation de ce site est offerte par Edizioni Piccole Perle (ci-apr\u00e8s le Propri\u00e9taire) \u00e0 condition que vous acceptiez les termes, conditions et notes contenus dans cette page et dans les autres pages du site. L&#8217;acc\u00e8s ou l&#8217;utilisation de ce site est soumis \u00e0 l&#8217;acceptation des&#8230;<\/p>\n","protected":false},"author":2,"featured_media":0,"parent":0,"menu_order":0,"comment_status":"closed","ping_status":"closed","template":"","meta":{"footnotes":""},"class_list":["post-8652","page","type-page","status-publish","hentry"],"yoast_head":"<!-- This site is optimized with the Yoast SEO Premium plugin v22.5 (Yoast SEO v22.5) - https:\/\/yoast.com\/wordpress\/plugins\/seo\/ -->\n<title>Terms and Conditions - Griphos<\/title>\n<meta name=\"robots\" content=\"index, follow, max-snippet:-1, max-image-preview:large, max-video-preview:-1\" \/>\n<link rel=\"canonical\" href=\"https:\/\/www.griphos.net\/fr\/terms-and-conditions\/\" \/>\n<meta property=\"og:locale\" content=\"fr_FR\" \/>\n<meta property=\"og:type\" content=\"article\" \/>\n<meta property=\"og:title\" content=\"Terms and Conditions\" \/>\n<meta property=\"og:description\" content=\"Conditions d&#8217;utilisation du site Web L&#8217;utilisation de ce site est offerte par Edizioni Piccole Perle (ci-apr\u00e8s le Propri\u00e9taire) \u00e0 condition que vous acceptiez les termes, conditions et notes contenus dans cette page et dans les autres pages du site. L&#8217;acc\u00e8s ou l&#8217;utilisation de ce site est soumis \u00e0 l&#8217;acceptation des...\" \/>\n<meta property=\"og:url\" content=\"https:\/\/www.griphos.net\/fr\/terms-and-conditions\/\" \/>\n<meta property=\"og:site_name\" content=\"Griphos\" \/>\n<meta name=\"twitter:card\" content=\"summary_large_image\" \/>\n<meta name=\"twitter:label1\" content=\"Est. reading time\" \/>\n\t<meta name=\"twitter:data1\" content=\"4 minutes\" \/>\n<script type=\"application\/ld+json\" class=\"yoast-schema-graph\">{\"@context\":\"https:\/\/schema.org\",\"@graph\":[{\"@type\":\"WebPage\",\"@id\":\"https:\/\/www.griphos.net\/fr\/terms-and-conditions\/\",\"url\":\"https:\/\/www.griphos.net\/fr\/terms-and-conditions\/\",\"name\":\"Terms and Conditions - Griphos\",\"isPartOf\":{\"@id\":\"https:\/\/www.griphos.net\/fr\/#website\"},\"datePublished\":\"2018-08-14T11:03:49+00:00\",\"dateModified\":\"2018-08-14T11:03:49+00:00\",\"breadcrumb\":{\"@id\":\"https:\/\/www.griphos.net\/fr\/terms-and-conditions\/#breadcrumb\"},\"inLanguage\":\"fr-FR\",\"potentialAction\":[{\"@type\":\"ReadAction\",\"target\":[\"https:\/\/www.griphos.net\/fr\/terms-and-conditions\/\"]}]},{\"@type\":\"BreadcrumbList\",\"@id\":\"https:\/\/www.griphos.net\/fr\/terms-and-conditions\/#breadcrumb\",\"itemListElement\":[{\"@type\":\"ListItem\",\"position\":1,\"name\":\"Home\",\"item\":\"https:\/\/www.griphos.net\/fr\/\"},{\"@type\":\"ListItem\",\"position\":2,\"name\":\"Terms and Conditions\"}]},{\"@type\":\"WebSite\",\"@id\":\"https:\/\/www.griphos.net\/fr\/#website\",\"url\":\"https:\/\/www.griphos.net\/fr\/\",\"name\":\"Griphos\",\"description\":\"The new entertainment\",\"potentialAction\":[{\"@type\":\"SearchAction\",\"target\":{\"@type\":\"EntryPoint\",\"urlTemplate\":\"https:\/\/www.griphos.net\/fr\/?s={search_term_string}\"},\"query-input\":\"required name=search_term_string\"}],\"inLanguage\":\"fr-FR\"}]}<\/script>\n<!-- \/ Yoast SEO Premium plugin. -->","yoast_head_json":{"title":"Terms and Conditions - Griphos","robots":{"index":"index","follow":"follow","max-snippet":"max-snippet:-1","max-image-preview":"max-image-preview:large","max-video-preview":"max-video-preview:-1"},"canonical":"https:\/\/www.griphos.net\/fr\/terms-and-conditions\/","og_locale":"fr_FR","og_type":"article","og_title":"Terms and Conditions","og_description":"Conditions d&#8217;utilisation du site Web L&#8217;utilisation de ce site est offerte par Edizioni Piccole Perle (ci-apr\u00e8s le Propri\u00e9taire) \u00e0 condition que vous acceptiez les termes, conditions et notes contenus dans cette page et dans les autres pages du site. L&#8217;acc\u00e8s ou l&#8217;utilisation de ce site est soumis \u00e0 l&#8217;acceptation des...","og_url":"https:\/\/www.griphos.net\/fr\/terms-and-conditions\/","og_site_name":"Griphos","twitter_card":"summary_large_image","twitter_misc":{"Est. reading time":"4 minutes"},"schema":{"@context":"https:\/\/schema.org","@graph":[{"@type":"WebPage","@id":"https:\/\/www.griphos.net\/fr\/terms-and-conditions\/","url":"https:\/\/www.griphos.net\/fr\/terms-and-conditions\/","name":"Terms and Conditions - Griphos","isPartOf":{"@id":"https:\/\/www.griphos.net\/fr\/#website"},"datePublished":"2018-08-14T11:03:49+00:00","dateModified":"2018-08-14T11:03:49+00:00","breadcrumb":{"@id":"https:\/\/www.griphos.net\/fr\/terms-and-conditions\/#breadcrumb"},"inLanguage":"fr-FR","potentialAction":[{"@type":"ReadAction","target":["https:\/\/www.griphos.net\/fr\/terms-and-conditions\/"]}]},{"@type":"BreadcrumbList","@id":"https:\/\/www.griphos.net\/fr\/terms-and-conditions\/#breadcrumb","itemListElement":[{"@type":"ListItem","position":1,"name":"Home","item":"https:\/\/www.griphos.net\/fr\/"},{"@type":"ListItem","position":2,"name":"Terms and Conditions"}]},{"@type":"WebSite","@id":"https:\/\/www.griphos.net\/fr\/#website","url":"https:\/\/www.griphos.net\/fr\/","name":"Griphos","description":"The new entertainment","potentialAction":[{"@type":"SearchAction","target":{"@type":"EntryPoint","urlTemplate":"https:\/\/www.griphos.net\/fr\/?s={search_term_string}"},"query-input":"required name=search_term_string"}],"inLanguage":"fr-FR"}]}},"_links":{"self":[{"href":"https:\/\/www.griphos.net\/fr\/wp-json\/wp\/v2\/pages\/8652","targetHints":{"allow":["GET"]}}],"collection":[{"href":"https:\/\/www.griphos.net\/fr\/wp-json\/wp\/v2\/pages"}],"about":[{"href":"https:\/\/www.griphos.net\/fr\/wp-json\/wp\/v2\/types\/page"}],"author":[{"embeddable":true,"href":"https:\/\/www.griphos.net\/fr\/wp-json\/wp\/v2\/users\/2"}],"replies":[{"embeddable":true,"href":"https:\/\/www.griphos.net\/fr\/wp-json\/wp\/v2\/comments?post=8652"}],"version-history":[{"count":0,"href":"https:\/\/www.griphos.net\/fr\/wp-json\/wp\/v2\/pages\/8652\/revisions"}],"wp:attachment":[{"href":"https:\/\/www.griphos.net\/fr\/wp-json\/wp\/v2\/media?parent=8652"}],"curies":[{"name":"wp","href":"https:\/\/api.w.org\/{rel}","templated":true}]}}