{"id":8649,"date":"2018-08-14T11:54:55","date_gmt":"2018-08-14T10:54:55","guid":{"rendered":"https:\/\/www.griphos.net\/privacy-policy\/"},"modified":"2018-08-14T11:54:55","modified_gmt":"2018-08-14T10:54:55","slug":"privacy-policy","status":"publish","type":"page","link":"https:\/\/www.griphos.net\/fr\/privacy-policy\/","title":{"rendered":"Privacy Policy"},"content":{"rendered":"<p><strong>CONFIDENTIALIT\u00c9<\/strong><\/p>\n<p>Cher client et visiteur du site www.griphos.net,<\/p>\n<p>nous vous remercions de la confiance que vous nous accordez. Nous mettons tout en \u0153uvre pour s\u00e9curiser vos donn\u00e9es personnelles, vos droits moraux et votre droit \u00e0 l&#8217;autod\u00e9termination en ce qui concerne le recueil, le traitement et l&#8217;utilisation de vos donn\u00e9es personnelles. Notre syst\u00e8me de protection des donn\u00e9es personnelles est conforme \u00e0 la loi f\u00e9d\u00e9rale sur la protection des donn\u00e9es (BDSG) et \u00e0 la loi sur les t\u00e9l\u00e9m\u00e9dias (TMG).<\/p>\n<p>Piccole Perle Edizioni Creative de Testa Raffaele, conform\u00e9ment aux obligations d\u00e9coulant du r\u00e8glement (UE) 2016\/679 du Parlement europ\u00e9en et du Conseil du 27 avril 2016 (r\u00e8glement g\u00e9n\u00e9ral sur la protection des donn\u00e9es, ci-apr\u00e8s RGPD) et de la l\u00e9gislation italienne sur la protection des donn\u00e9es, respecte et prot\u00e8ge la confidentialit\u00e9 des utilisateurs du site web www.griphos.net, en faisant tous les efforts possibles et \u00e0 sa port\u00e9e pour ne pas porter atteinte \u00e0 leurs droits, de fa\u00e7on compatible avec le format \u00e9lectronique des services, et pour maintenir la confidentialit\u00e9 la plus absolue dans l&#8217;ex\u00e9cution des services.<\/p>\n<p><strong>Collecte et utilisation des donn\u00e9es<\/strong><\/p>\n<p>Vos donn\u00e9es personnelles ne seront en aucun cas transmises \u00e0 des tiers non autoris\u00e9s qui ne font pas partie d&#8217;Edizioni Piccole Perle.<\/p>\n<p><strong>Utilisation de cookies<\/strong><\/p>\n<p>Les cookies sont des \u00e9l\u00e9ments d&#8217;identification alphanum\u00e9riques (petits fichiers texte) que Edizioni Piccole Perle transmet au disque dur de votre ordinateur via votre navigateur. La technique des cookies est tr\u00e8s r\u00e9pandue et est utilis\u00e9e par de nombreux magasins en ligne. Par exemple, dans le commerce en ligne, le panier virtuel est cr\u00e9\u00e9 \u00e0 l&#8217;aide de cookies.<br \/>\nLors de votre inscription (avec votre nom d&#8217;utilisateur et votre mot de passe), des &#8220;cookies de session&#8221; sont utilis\u00e9s pour vous identifier lors de votre visite sur notre site. \u00c0 la fin de la session d&#8217;achat, les cookies de session sont automatiquement perdus.<br \/>\nLors de votre session d&#8217;achat dans Edizioni Piccole Perle, Edizioni Piccole Perle transf\u00e8re un cookie permanent sur votre disque dur. Cela permet \u00e0 nos syst\u00e8mes d&#8217;enregistrer votre panier pour la dur\u00e9e de votre session d&#8217;achat et pour vos visites ult\u00e9rieures sur notre boutique (jusqu&#8217;\u00e0 90 jours). Ils permettent \u00e9galement de d\u00e9tecter les abus, par exemple, lors de la cr\u00e9ation de comptes doubles. Enfin, avec l&#8217;aide des cookies, Edizioni Piccole Perle enregistre \u00e9galement les derniers termes de recherche que vous avez saisis dans la boutique pour afficher ceux que vous avez r\u00e9cemment utilis\u00e9s.<br \/>\nEn utilisant des banni\u00e8res et des liens externes \u00e0 Edizioni Piccole Perle, les cookies permettent \u00e9galement de vous attribuer des identifiants pour des actions publicitaires et des bons de r\u00e9duction. Les cookies persistants ne contiennent pas de donn\u00e9es personnelles telles que le nom, l&#8217;e-mail ou l&#8217;adresse IP. Cette m\u00e9thode d&#8217;utilisation des cookies ne permet pas d&#8217;identifier un utilisateur de mani\u00e8re univoque.<br \/>\nVous pouvez d\u00e9sactiver l&#8217;enregistrement des cookies dans votre navigateur, le limiter \u00e0 certains sites ou configurer votre navigateur pour qu&#8217;il vous avertisse d\u00e8s qu&#8217;un cookie est envoy\u00e9. Vous pouvez \u00e9galement supprimer les cookies du disque dur de votre ordinateur \u00e0 tout moment. Vous trouverez de plus amples informations sur la configuration de votre navigateur en ce qui concerne les cookies dans le menu d&#8217;aide de votre navigateur.<\/p>\n<p><strong>Google Analytics<\/strong><\/p>\n<p>Ce site utilise Google Analytics, un service d&#8217;analyse de site Web de Google Inc. (\u00ab Google \u00bb). Google Analytics utilise des &#8220;cookies&#8221;, des fichiers texte enregistr\u00e9s sur votre<br \/>\nordinateur qui vous permettent d&#8217;analyser votre utilisation du site Web. Les informations g\u00e9n\u00e9r\u00e9es par les cookies relatives \u00e0 votre utilisation de ce site web (y compris votre adresse IP, sauf les 8 derniers caract\u00e8res qui ne sont pas transmis \u00e0 Google Analytics pour assurer votre anonymat au moyen de &#8220;_anonymizeIp()&#8221;) sont transmises \u00e0 un serveur Google aux \u00c9tats-Unis o\u00f9 elles sont sauvegard\u00e9es. Google utilisera ces informations dans le but d&#8217;\u00e9valuer votre utilisation du site Web, de compiler des rapports sur l&#8217;activit\u00e9 du site Web pour les exploitants du site Web et de fournir d&#8217;autres services li\u00e9s \u00e0 l&#8217;activit\u00e9 du site Web et \u00e0 l&#8217;utilisation d&#8217;Internet. Google se r\u00e9serve le droit de transmettre ces informations \u00e0 des tiers si la loi l&#8217;exige ou si ces tiers traitent les donn\u00e9es pour le compte de Google. Google ne mettra en aucun cas votre adresse IP en relation avec d&#8217;autres donn\u00e9es d\u00e9tenues par Google. Vous pouvez \u00e0 tout moment emp\u00eacher l&#8217;installation de cookies en configurant votre navigateur, mais nous attirons votre attention sur le fait que, dans ce cas, vous risquez de ne pas pouvoir utiliser toutes les fonctions de ce site dans son int\u00e9gralit\u00e9. En utilisant ce site Web, vous consentez au traitement des donn\u00e9es collect\u00e9es vous concernant par Google de la mani\u00e8re et aux fins d\u00e9crites ci-dessus. Si vous ne souhaitez pas que des informations sur votre visite du site soient transmises \u00e0 Google Analytics, vous pouvez t\u00e9l\u00e9charger ici un module compl\u00e9mentaire de d\u00e9sactivation pour votre navigateur Internet.<\/p>\n<p><strong>Aper\u00e7u de vos donn\u00e9es personnelles<\/strong><\/p>\n<p>Vous pouvez \u00e0 tout moment consulter, modifier et supprimer vos donn\u00e9es personnelles en cliquant sur &#8220;Mon compte&#8221; et en utilisant votre adresse e-mail et votre mot de passe. Si vous avez oubli\u00e9 votre mot de passe, nous vous offrons un service sp\u00e9cial. En cliquant sur &#8220;mon compte&#8221; sur la page de connexion, vous trouverez le lien &#8220;Mot de passe oubli\u00e9&#8221;, qui vous aidera \u00e0 trouver votre mot de passe. Il vous suffit d&#8217;entrer l&#8217;adresse e-mail que vous connaissez et de soumettre le module. Un nouveau mot de passe sera envoy\u00e9 \u00e0 votre adresse e-mail. Cette proc\u00e9dure n&#8217;est pas non plus risqu\u00e9e si un tiers tente d&#8217;acc\u00e9der \u00e0 vos donn\u00e9es : dans tous les cas, le mot de passe sera envoy\u00e9 \u00e0 votre adresse e-mail, \u00e0 laquelle vous seul pouvez acc\u00e9der.<\/p>\n","protected":false},"excerpt":{"rendered":"<p>CONFIDENTIALIT\u00c9 Cher client et visiteur du site www.griphos.net, nous vous remercions de la confiance que vous nous accordez. Nous mettons tout en \u0153uvre pour s\u00e9curiser vos donn\u00e9es personnelles, vos droits moraux et votre droit \u00e0 l&#8217;autod\u00e9termination en ce qui concerne le recueil, le traitement et l&#8217;utilisation de vos donn\u00e9es personnelles&#8230;.<\/p>\n","protected":false},"author":2,"featured_media":0,"parent":0,"menu_order":0,"comment_status":"closed","ping_status":"closed","template":"","meta":{"footnotes":""},"class_list":["post-8649","page","type-page","status-publish","hentry"],"yoast_head":"<!-- This site is optimized with the Yoast SEO Premium plugin v22.5 (Yoast SEO v22.5) - https:\/\/yoast.com\/wordpress\/plugins\/seo\/ -->\n<title>Privacy Policy - Griphos<\/title>\n<meta name=\"robots\" content=\"index, follow, max-snippet:-1, max-image-preview:large, max-video-preview:-1\" \/>\n<link rel=\"canonical\" href=\"https:\/\/www.griphos.net\/fr\/privacy-policy\/\" \/>\n<meta property=\"og:locale\" content=\"fr_FR\" \/>\n<meta property=\"og:type\" content=\"article\" \/>\n<meta property=\"og:title\" content=\"Privacy Policy\" \/>\n<meta property=\"og:description\" content=\"CONFIDENTIALIT\u00c9 Cher client et visiteur du site www.griphos.net, nous vous remercions de la confiance que vous nous accordez. Nous mettons tout en \u0153uvre pour s\u00e9curiser vos donn\u00e9es personnelles, vos droits moraux et votre droit \u00e0 l&#8217;autod\u00e9termination en ce qui concerne le recueil, le traitement et l&#8217;utilisation de vos donn\u00e9es personnelles....\" \/>\n<meta property=\"og:url\" content=\"https:\/\/www.griphos.net\/fr\/privacy-policy\/\" \/>\n<meta property=\"og:site_name\" content=\"Griphos\" \/>\n<meta name=\"twitter:card\" content=\"summary_large_image\" \/>\n<meta name=\"twitter:label1\" content=\"Est. reading time\" \/>\n\t<meta name=\"twitter:data1\" content=\"5 minutes\" \/>\n<script type=\"application\/ld+json\" class=\"yoast-schema-graph\">{\"@context\":\"https:\/\/schema.org\",\"@graph\":[{\"@type\":\"WebPage\",\"@id\":\"https:\/\/www.griphos.net\/fr\/privacy-policy\/\",\"url\":\"https:\/\/www.griphos.net\/fr\/privacy-policy\/\",\"name\":\"Privacy Policy - Griphos\",\"isPartOf\":{\"@id\":\"https:\/\/www.griphos.net\/fr\/#website\"},\"datePublished\":\"2018-08-14T10:54:55+00:00\",\"dateModified\":\"2018-08-14T10:54:55+00:00\",\"breadcrumb\":{\"@id\":\"https:\/\/www.griphos.net\/fr\/privacy-policy\/#breadcrumb\"},\"inLanguage\":\"fr-FR\",\"potentialAction\":[{\"@type\":\"ReadAction\",\"target\":[\"https:\/\/www.griphos.net\/fr\/privacy-policy\/\"]}]},{\"@type\":\"BreadcrumbList\",\"@id\":\"https:\/\/www.griphos.net\/fr\/privacy-policy\/#breadcrumb\",\"itemListElement\":[{\"@type\":\"ListItem\",\"position\":1,\"name\":\"Home\",\"item\":\"https:\/\/www.griphos.net\/fr\/\"},{\"@type\":\"ListItem\",\"position\":2,\"name\":\"Privacy Policy\"}]},{\"@type\":\"WebSite\",\"@id\":\"https:\/\/www.griphos.net\/fr\/#website\",\"url\":\"https:\/\/www.griphos.net\/fr\/\",\"name\":\"Griphos\",\"description\":\"The new entertainment\",\"potentialAction\":[{\"@type\":\"SearchAction\",\"target\":{\"@type\":\"EntryPoint\",\"urlTemplate\":\"https:\/\/www.griphos.net\/fr\/?s={search_term_string}\"},\"query-input\":\"required name=search_term_string\"}],\"inLanguage\":\"fr-FR\"}]}<\/script>\n<!-- \/ Yoast SEO Premium plugin. -->","yoast_head_json":{"title":"Privacy Policy - Griphos","robots":{"index":"index","follow":"follow","max-snippet":"max-snippet:-1","max-image-preview":"max-image-preview:large","max-video-preview":"max-video-preview:-1"},"canonical":"https:\/\/www.griphos.net\/fr\/privacy-policy\/","og_locale":"fr_FR","og_type":"article","og_title":"Privacy Policy","og_description":"CONFIDENTIALIT\u00c9 Cher client et visiteur du site www.griphos.net, nous vous remercions de la confiance que vous nous accordez. Nous mettons tout en \u0153uvre pour s\u00e9curiser vos donn\u00e9es personnelles, vos droits moraux et votre droit \u00e0 l&#8217;autod\u00e9termination en ce qui concerne le recueil, le traitement et l&#8217;utilisation de vos donn\u00e9es personnelles....","og_url":"https:\/\/www.griphos.net\/fr\/privacy-policy\/","og_site_name":"Griphos","twitter_card":"summary_large_image","twitter_misc":{"Est. reading time":"5 minutes"},"schema":{"@context":"https:\/\/schema.org","@graph":[{"@type":"WebPage","@id":"https:\/\/www.griphos.net\/fr\/privacy-policy\/","url":"https:\/\/www.griphos.net\/fr\/privacy-policy\/","name":"Privacy Policy - Griphos","isPartOf":{"@id":"https:\/\/www.griphos.net\/fr\/#website"},"datePublished":"2018-08-14T10:54:55+00:00","dateModified":"2018-08-14T10:54:55+00:00","breadcrumb":{"@id":"https:\/\/www.griphos.net\/fr\/privacy-policy\/#breadcrumb"},"inLanguage":"fr-FR","potentialAction":[{"@type":"ReadAction","target":["https:\/\/www.griphos.net\/fr\/privacy-policy\/"]}]},{"@type":"BreadcrumbList","@id":"https:\/\/www.griphos.net\/fr\/privacy-policy\/#breadcrumb","itemListElement":[{"@type":"ListItem","position":1,"name":"Home","item":"https:\/\/www.griphos.net\/fr\/"},{"@type":"ListItem","position":2,"name":"Privacy Policy"}]},{"@type":"WebSite","@id":"https:\/\/www.griphos.net\/fr\/#website","url":"https:\/\/www.griphos.net\/fr\/","name":"Griphos","description":"The new entertainment","potentialAction":[{"@type":"SearchAction","target":{"@type":"EntryPoint","urlTemplate":"https:\/\/www.griphos.net\/fr\/?s={search_term_string}"},"query-input":"required name=search_term_string"}],"inLanguage":"fr-FR"}]}},"_links":{"self":[{"href":"https:\/\/www.griphos.net\/fr\/wp-json\/wp\/v2\/pages\/8649","targetHints":{"allow":["GET"]}}],"collection":[{"href":"https:\/\/www.griphos.net\/fr\/wp-json\/wp\/v2\/pages"}],"about":[{"href":"https:\/\/www.griphos.net\/fr\/wp-json\/wp\/v2\/types\/page"}],"author":[{"embeddable":true,"href":"https:\/\/www.griphos.net\/fr\/wp-json\/wp\/v2\/users\/2"}],"replies":[{"embeddable":true,"href":"https:\/\/www.griphos.net\/fr\/wp-json\/wp\/v2\/comments?post=8649"}],"version-history":[{"count":0,"href":"https:\/\/www.griphos.net\/fr\/wp-json\/wp\/v2\/pages\/8649\/revisions"}],"wp:attachment":[{"href":"https:\/\/www.griphos.net\/fr\/wp-json\/wp\/v2\/media?parent=8649"}],"curies":[{"name":"wp","href":"https:\/\/api.w.org\/{rel}","templated":true}]}}