{"id":1411,"date":"2013-12-02T10:10:43","date_gmt":"2013-12-02T10:10:43","guid":{"rendered":"https:\/\/www.griphos.net\/sobre-nostros\/"},"modified":"2020-08-29T16:47:04","modified_gmt":"2020-08-29T15:47:04","slug":"about-us","status":"publish","type":"page","link":"https:\/\/www.griphos.net\/en\/about-us\/","title":{"rendered":"About us"},"content":{"rendered":"<p>[vc_row][vc_column][vc_column_text]<\/p>\n<h3>Qui\u00e9nes somos<\/h3>\n<p>Griphos.net es la versi\u00f3n internacional de \u00abPiccole Perle Edizioni Creative\u00bb. Fruto de la idea de una sola persona, es decir, de su fundador, Raffaele Testa.<\/p>\n<p>Despu\u00e9s de haber obtenido resultados satisfactorios en su pa\u00eds de origen, ha decidido ofrecer su entretenimiento a un p\u00fablico m\u00e1s amplio mediante uno de los juegos m\u00e1s conocidos del mundo.<\/p>\n<p>Lo \u00fanico que Griphos.net pretende es crear diversi\u00f3n, pura y simple, para todas las edades, desde los m\u00e1s peque\u00f1os hasta los m\u00e1s mayores.<\/p>\n<p>Quiere que el cumplea\u00f1os de vuestro hijo, una tarde con sus amigos, o cualquier momento u ocasi\u00f3n sean agradables y tengan a vuestro hijo como protagonista.<\/p>\n<p>Los acertijos de la B\u00fasqueda del Tesoro y de la B\u00fasqueda del Culpable son simples, simp\u00e1ticos y divertidos para un juego en el que todos pueden participar y pasar un momento tranquilo y alegre.<\/p>\n<p>Griphos.net tambi\u00e9n se dirige a un p\u00fablico adulto para hacer que una tarde entre amigos, un cumplea\u00f1os, un aniversario o un evento especial sean distintos. Y no solo eso.<\/p>\n<p>Quiere que se juegue y que se r\u00eda de forma simple y aut\u00e9ntica.<\/p>\n<p>Quiere regalaros una sonrisa, a vosotros y a vuestros hijos.<\/p>\n<p>Esperamos que os guste lo que hay en esta p\u00e1gina y que consiga entreteneros.<\/p>\n<p>Por tanto, Griphos.net os desea mucha diversi\u00f3n.[\/vc_column_text][vc_separator type=&#8221;space&#8221;][\/vc_column][\/vc_row]<\/p>\n","protected":false},"excerpt":{"rendered":"<p>[vc_row][vc_column][vc_column_text] Qui\u00e9nes somos Griphos.net es la versi\u00f3n internacional de \u00abPiccole Perle Edizioni Creative\u00bb. Fruto de la idea de una sola persona, es decir, de su fundador, Raffaele Testa. Despu\u00e9s de haber obtenido resultados satisfactorios en su pa\u00eds de origen, ha decidido ofrecer su entretenimiento a un p\u00fablico m\u00e1s amplio mediante&#8230;<\/p>\n","protected":false},"author":1,"featured_media":0,"parent":0,"menu_order":0,"comment_status":"open","ping_status":"open","template":"","meta":{"footnotes":""},"class_list":["post-1411","page","type-page","status-publish","hentry"],"yoast_head":"<!-- This site is optimized with the Yoast SEO Premium plugin v22.5 (Yoast SEO v22.5) - https:\/\/yoast.com\/wordpress\/plugins\/seo\/ -->\n<title>About us - Griphos<\/title>\n<meta name=\"robots\" content=\"index, follow, max-snippet:-1, max-image-preview:large, max-video-preview:-1\" \/>\n<link rel=\"canonical\" href=\"https:\/\/www.griphos.net\/en\/about-us\/\" \/>\n<meta property=\"og:locale\" content=\"en_GB\" \/>\n<meta property=\"og:type\" content=\"article\" \/>\n<meta property=\"og:title\" content=\"About us\" \/>\n<meta property=\"og:description\" content=\"[vc_row][vc_column][vc_column_text] Qui\u00e9nes somos Griphos.net es la versi\u00f3n internacional de \u00abPiccole Perle Edizioni Creative\u00bb. Fruto de la idea de una sola persona, es decir, de su fundador, Raffaele Testa. Despu\u00e9s de haber obtenido resultados satisfactorios en su pa\u00eds de origen, ha decidido ofrecer su entretenimiento a un p\u00fablico m\u00e1s amplio mediante...\" \/>\n<meta property=\"og:url\" content=\"https:\/\/www.griphos.net\/en\/about-us\/\" \/>\n<meta property=\"og:site_name\" content=\"Griphos\" \/>\n<meta property=\"article:modified_time\" content=\"2020-08-29T15:47:04+00:00\" \/>\n<meta name=\"twitter:card\" content=\"summary_large_image\" \/>\n<meta name=\"twitter:label1\" content=\"Est. reading time\" \/>\n\t<meta name=\"twitter:data1\" content=\"1 minute\" \/>\n<script type=\"application\/ld+json\" class=\"yoast-schema-graph\">{\"@context\":\"https:\/\/schema.org\",\"@graph\":[{\"@type\":\"WebPage\",\"@id\":\"https:\/\/www.griphos.net\/en\/about-us\/\",\"url\":\"https:\/\/www.griphos.net\/en\/about-us\/\",\"name\":\"About us - Griphos\",\"isPartOf\":{\"@id\":\"https:\/\/www.griphos.net\/en\/#website\"},\"datePublished\":\"2013-12-02T10:10:43+00:00\",\"dateModified\":\"2020-08-29T15:47:04+00:00\",\"breadcrumb\":{\"@id\":\"https:\/\/www.griphos.net\/en\/about-us\/#breadcrumb\"},\"inLanguage\":\"en-GB\",\"potentialAction\":[{\"@type\":\"ReadAction\",\"target\":[\"https:\/\/www.griphos.net\/en\/about-us\/\"]}]},{\"@type\":\"BreadcrumbList\",\"@id\":\"https:\/\/www.griphos.net\/en\/about-us\/#breadcrumb\",\"itemListElement\":[{\"@type\":\"ListItem\",\"position\":1,\"name\":\"Home\",\"item\":\"https:\/\/www.griphos.net\/en\/\"},{\"@type\":\"ListItem\",\"position\":2,\"name\":\"About us\"}]},{\"@type\":\"WebSite\",\"@id\":\"https:\/\/www.griphos.net\/en\/#website\",\"url\":\"https:\/\/www.griphos.net\/en\/\",\"name\":\"Griphos\",\"description\":\"The new entertainment\",\"potentialAction\":[{\"@type\":\"SearchAction\",\"target\":{\"@type\":\"EntryPoint\",\"urlTemplate\":\"https:\/\/www.griphos.net\/en\/?s={search_term_string}\"},\"query-input\":\"required name=search_term_string\"}],\"inLanguage\":\"en-GB\"}]}<\/script>\n<!-- \/ Yoast SEO Premium plugin. -->","yoast_head_json":{"title":"About us - Griphos","robots":{"index":"index","follow":"follow","max-snippet":"max-snippet:-1","max-image-preview":"max-image-preview:large","max-video-preview":"max-video-preview:-1"},"canonical":"https:\/\/www.griphos.net\/en\/about-us\/","og_locale":"en_GB","og_type":"article","og_title":"About us","og_description":"[vc_row][vc_column][vc_column_text] Qui\u00e9nes somos Griphos.net es la versi\u00f3n internacional de \u00abPiccole Perle Edizioni Creative\u00bb. Fruto de la idea de una sola persona, es decir, de su fundador, Raffaele Testa. Despu\u00e9s de haber obtenido resultados satisfactorios en su pa\u00eds de origen, ha decidido ofrecer su entretenimiento a un p\u00fablico m\u00e1s amplio mediante...","og_url":"https:\/\/www.griphos.net\/en\/about-us\/","og_site_name":"Griphos","article_modified_time":"2020-08-29T15:47:04+00:00","twitter_card":"summary_large_image","twitter_misc":{"Est. reading time":"1 minute"},"schema":{"@context":"https:\/\/schema.org","@graph":[{"@type":"WebPage","@id":"https:\/\/www.griphos.net\/en\/about-us\/","url":"https:\/\/www.griphos.net\/en\/about-us\/","name":"About us - Griphos","isPartOf":{"@id":"https:\/\/www.griphos.net\/en\/#website"},"datePublished":"2013-12-02T10:10:43+00:00","dateModified":"2020-08-29T15:47:04+00:00","breadcrumb":{"@id":"https:\/\/www.griphos.net\/en\/about-us\/#breadcrumb"},"inLanguage":"en-GB","potentialAction":[{"@type":"ReadAction","target":["https:\/\/www.griphos.net\/en\/about-us\/"]}]},{"@type":"BreadcrumbList","@id":"https:\/\/www.griphos.net\/en\/about-us\/#breadcrumb","itemListElement":[{"@type":"ListItem","position":1,"name":"Home","item":"https:\/\/www.griphos.net\/en\/"},{"@type":"ListItem","position":2,"name":"About us"}]},{"@type":"WebSite","@id":"https:\/\/www.griphos.net\/en\/#website","url":"https:\/\/www.griphos.net\/en\/","name":"Griphos","description":"The new entertainment","potentialAction":[{"@type":"SearchAction","target":{"@type":"EntryPoint","urlTemplate":"https:\/\/www.griphos.net\/en\/?s={search_term_string}"},"query-input":"required name=search_term_string"}],"inLanguage":"en-GB"}]}},"_links":{"self":[{"href":"https:\/\/www.griphos.net\/en\/wp-json\/wp\/v2\/pages\/1411","targetHints":{"allow":["GET"]}}],"collection":[{"href":"https:\/\/www.griphos.net\/en\/wp-json\/wp\/v2\/pages"}],"about":[{"href":"https:\/\/www.griphos.net\/en\/wp-json\/wp\/v2\/types\/page"}],"author":[{"embeddable":true,"href":"https:\/\/www.griphos.net\/en\/wp-json\/wp\/v2\/users\/1"}],"replies":[{"embeddable":true,"href":"https:\/\/www.griphos.net\/en\/wp-json\/wp\/v2\/comments?post=1411"}],"version-history":[{"count":5,"href":"https:\/\/www.griphos.net\/en\/wp-json\/wp\/v2\/pages\/1411\/revisions"}],"predecessor-version":[{"id":15863,"href":"https:\/\/www.griphos.net\/en\/wp-json\/wp\/v2\/pages\/1411\/revisions\/15863"}],"wp:attachment":[{"href":"https:\/\/www.griphos.net\/en\/wp-json\/wp\/v2\/media?parent=1411"}],"curies":[{"name":"wp","href":"https:\/\/api.w.org\/{rel}","templated":true}]}}