{"id":18970,"date":"2020-09-12T16:10:58","date_gmt":"2020-09-12T15:10:58","guid":{"rendered":"https:\/\/www.griphos.net\/product\/chasse-au-tresor-des-petits-diables-pour-jardin-ou-maison-5-7-ans\/"},"modified":"2020-09-12T16:10:58","modified_gmt":"2020-09-12T15:10:58","slug":"chasse-au-tresor-des-petits-diables-pour-jardin-ou-maison-5-7-ans","status":"publish","type":"product","link":"https:\/\/www.griphos.net\/ch\/product\/chasse-au-tresor-des-petits-diables-pour-jardin-ou-maison-5-7-ans\/","title":{"rendered":"Chasse au tr\u00e9sor des petits diables &#8211; pour jardin ou maison 5-7 ans"},"content":{"rendered":"<p>Chasse au tr\u00e9sor des petits diables &#8211; pour jardin ou maison 5-7 ans<\/p>\n","protected":false},"excerpt":{"rendered":"<p>Version pour enfants 5 7 ans. Des petits diables ont cach\u00e9 un tr\u00e9sor. Votre enfant devra trouver ces petits diables \u00e0 travers la r\u00e9solution d\u2019\u00e9nigmes sympas et amusantes pour arriver au tr\u00e9sor.<\/p>\n<ul>\n<li>PDF<\/li>\n<li>20 pages<\/li>\n<li>Les instructions sont incluses<\/li>\n<\/ul>\n","protected":false},"featured_media":17183,"comment_status":"closed","ping_status":"closed","template":"","meta":[],"product_cat":[189],"product_tag":[],"class_list":{"0":"post-18970","1":"product","2":"type-product","3":"status-publish","4":"has-post-thumbnail","6":"product_cat-chasses-au-tresor-en-plein-air-ch-chasse-au-tresor-pour-enfants-ch","8":"first","9":"instock","10":"sale","11":"downloadable","12":"virtual","13":"taxable","14":"purchasable","15":"product-type-simple"},"yoast_head":"<!-- This site is optimized with the Yoast SEO Premium plugin v22.5 (Yoast SEO v22.5) - https:\/\/yoast.com\/wordpress\/plugins\/seo\/ -->\n<title>Chasse au tr\u00e9sor des petits diables - pour jardin ou maison 5-7 ans - Griphos<\/title>\n<meta name=\"robots\" content=\"index, follow, max-snippet:-1, max-image-preview:large, max-video-preview:-1\" \/>\n<link rel=\"canonical\" href=\"https:\/\/www.griphos.net\/ch\/product\/chasse-au-tresor-des-petits-diables-pour-jardin-ou-maison-5-7-ans\/\" \/>\n<meta property=\"og:locale\" content=\"fr_FR\" \/>\n<meta property=\"og:type\" content=\"article\" \/>\n<meta property=\"og:title\" content=\"Chasse au tr\u00e9sor des petits diables - pour jardin ou maison 5-7 ans\" \/>\n<meta property=\"og:description\" content=\"Version pour enfants 5 7 ans. Des petits diables ont cach\u00e9 un tr\u00e9sor. Votre enfant devra trouver ces petits diables \u00e0 travers la r\u00e9solution d\u2019\u00e9nigmes sympas et amusantes pour arriver au tr\u00e9sor.   PDF  20 pages  Les instructions sont incluses\" \/>\n<meta property=\"og:url\" content=\"https:\/\/www.griphos.net\/ch\/product\/chasse-au-tresor-des-petits-diables-pour-jardin-ou-maison-5-7-ans\/\" \/>\n<meta property=\"og:site_name\" content=\"Griphos\" \/>\n<meta property=\"og:image\" content=\"https:\/\/www.griphos.net\/wp-content\/uploads\/2021\/03\/1-chasse-au-tresor-a-imprimer-pour-enfant-5-7-ans-2.jpg\" \/>\n\t<meta property=\"og:image:width\" content=\"500\" \/>\n\t<meta property=\"og:image:height\" content=\"707\" \/>\n\t<meta property=\"og:image:type\" content=\"image\/jpeg\" \/>\n<meta name=\"twitter:card\" content=\"summary_large_image\" \/>\n<script type=\"application\/ld+json\" class=\"yoast-schema-graph\">{\"@context\":\"https:\/\/schema.org\",\"@graph\":[{\"@type\":\"WebPage\",\"@id\":\"https:\/\/www.griphos.net\/ch\/product\/chasse-au-tresor-des-petits-diables-pour-jardin-ou-maison-5-7-ans\/\",\"url\":\"https:\/\/www.griphos.net\/ch\/product\/chasse-au-tresor-des-petits-diables-pour-jardin-ou-maison-5-7-ans\/\",\"name\":\"Chasse au tr\u00e9sor des petits diables - pour jardin ou maison 5-7 ans - Griphos\",\"isPartOf\":{\"@id\":\"https:\/\/www.griphos.net\/ch\/#website\"},\"primaryImageOfPage\":{\"@id\":\"https:\/\/www.griphos.net\/ch\/product\/chasse-au-tresor-des-petits-diables-pour-jardin-ou-maison-5-7-ans\/#primaryimage\"},\"image\":{\"@id\":\"https:\/\/www.griphos.net\/ch\/product\/chasse-au-tresor-des-petits-diables-pour-jardin-ou-maison-5-7-ans\/#primaryimage\"},\"thumbnailUrl\":\"https:\/\/www.griphos.net\/wp-content\/uploads\/2021\/03\/1-chasse-au-tresor-a-imprimer-pour-enfant-5-7-ans-2.jpg\",\"datePublished\":\"2020-09-12T15:10:58+00:00\",\"dateModified\":\"2020-09-12T15:10:58+00:00\",\"breadcrumb\":{\"@id\":\"https:\/\/www.griphos.net\/ch\/product\/chasse-au-tresor-des-petits-diables-pour-jardin-ou-maison-5-7-ans\/#breadcrumb\"},\"inLanguage\":\"fr-CH\",\"potentialAction\":[{\"@type\":\"ReadAction\",\"target\":[\"https:\/\/www.griphos.net\/ch\/product\/chasse-au-tresor-des-petits-diables-pour-jardin-ou-maison-5-7-ans\/\"]}]},{\"@type\":\"ImageObject\",\"inLanguage\":\"fr-CH\",\"@id\":\"https:\/\/www.griphos.net\/ch\/product\/chasse-au-tresor-des-petits-diables-pour-jardin-ou-maison-5-7-ans\/#primaryimage\",\"url\":\"https:\/\/www.griphos.net\/wp-content\/uploads\/2021\/03\/1-chasse-au-tresor-a-imprimer-pour-enfant-5-7-ans-2.jpg\",\"contentUrl\":\"https:\/\/www.griphos.net\/wp-content\/uploads\/2021\/03\/1-chasse-au-tresor-a-imprimer-pour-enfant-5-7-ans-2.jpg\",\"width\":500,\"height\":707},{\"@type\":\"BreadcrumbList\",\"@id\":\"https:\/\/www.griphos.net\/ch\/product\/chasse-au-tresor-des-petits-diables-pour-jardin-ou-maison-5-7-ans\/#breadcrumb\",\"itemListElement\":[{\"@type\":\"ListItem\",\"position\":1,\"name\":\"Home\",\"item\":\"https:\/\/www.griphos.net\/ch\/\"},{\"@type\":\"ListItem\",\"position\":2,\"name\":\"Shop\",\"item\":\"https:\/\/www.griphos.net\/ch\/shop\/\"},{\"@type\":\"ListItem\",\"position\":3,\"name\":\"Chasse au tr\u00e9sor des petits diables &#8211; pour jardin ou maison 5-7 ans\"}]},{\"@type\":\"WebSite\",\"@id\":\"https:\/\/www.griphos.net\/ch\/#website\",\"url\":\"https:\/\/www.griphos.net\/ch\/\",\"name\":\"Griphos\",\"description\":\"The new entertainment\",\"potentialAction\":[{\"@type\":\"SearchAction\",\"target\":{\"@type\":\"EntryPoint\",\"urlTemplate\":\"https:\/\/www.griphos.net\/ch\/?s={search_term_string}\"},\"query-input\":\"required name=search_term_string\"}],\"inLanguage\":\"fr-CH\"}]}<\/script>\n<!-- \/ Yoast SEO Premium plugin. -->","yoast_head_json":{"title":"Chasse au tr\u00e9sor des petits diables - pour jardin ou maison 5-7 ans - Griphos","robots":{"index":"index","follow":"follow","max-snippet":"max-snippet:-1","max-image-preview":"max-image-preview:large","max-video-preview":"max-video-preview:-1"},"canonical":"https:\/\/www.griphos.net\/ch\/product\/chasse-au-tresor-des-petits-diables-pour-jardin-ou-maison-5-7-ans\/","og_locale":"fr_FR","og_type":"article","og_title":"Chasse au tr\u00e9sor des petits diables - pour jardin ou maison 5-7 ans","og_description":"Version pour enfants 5 7 ans. Des petits diables ont cach\u00e9 un tr\u00e9sor. Votre enfant devra trouver ces petits diables \u00e0 travers la r\u00e9solution d\u2019\u00e9nigmes sympas et amusantes pour arriver au tr\u00e9sor.   PDF  20 pages  Les instructions sont incluses","og_url":"https:\/\/www.griphos.net\/ch\/product\/chasse-au-tresor-des-petits-diables-pour-jardin-ou-maison-5-7-ans\/","og_site_name":"Griphos","og_image":[{"width":500,"height":707,"url":"https:\/\/www.griphos.net\/wp-content\/uploads\/2021\/03\/1-chasse-au-tresor-a-imprimer-pour-enfant-5-7-ans-2.jpg","type":"image\/jpeg"}],"twitter_card":"summary_large_image","schema":{"@context":"https:\/\/schema.org","@graph":[{"@type":"WebPage","@id":"https:\/\/www.griphos.net\/ch\/product\/chasse-au-tresor-des-petits-diables-pour-jardin-ou-maison-5-7-ans\/","url":"https:\/\/www.griphos.net\/ch\/product\/chasse-au-tresor-des-petits-diables-pour-jardin-ou-maison-5-7-ans\/","name":"Chasse au tr\u00e9sor des petits diables - pour jardin ou maison 5-7 ans - Griphos","isPartOf":{"@id":"https:\/\/www.griphos.net\/ch\/#website"},"primaryImageOfPage":{"@id":"https:\/\/www.griphos.net\/ch\/product\/chasse-au-tresor-des-petits-diables-pour-jardin-ou-maison-5-7-ans\/#primaryimage"},"image":{"@id":"https:\/\/www.griphos.net\/ch\/product\/chasse-au-tresor-des-petits-diables-pour-jardin-ou-maison-5-7-ans\/#primaryimage"},"thumbnailUrl":"https:\/\/www.griphos.net\/wp-content\/uploads\/2021\/03\/1-chasse-au-tresor-a-imprimer-pour-enfant-5-7-ans-2.jpg","datePublished":"2020-09-12T15:10:58+00:00","dateModified":"2020-09-12T15:10:58+00:00","breadcrumb":{"@id":"https:\/\/www.griphos.net\/ch\/product\/chasse-au-tresor-des-petits-diables-pour-jardin-ou-maison-5-7-ans\/#breadcrumb"},"inLanguage":"fr-CH","potentialAction":[{"@type":"ReadAction","target":["https:\/\/www.griphos.net\/ch\/product\/chasse-au-tresor-des-petits-diables-pour-jardin-ou-maison-5-7-ans\/"]}]},{"@type":"ImageObject","inLanguage":"fr-CH","@id":"https:\/\/www.griphos.net\/ch\/product\/chasse-au-tresor-des-petits-diables-pour-jardin-ou-maison-5-7-ans\/#primaryimage","url":"https:\/\/www.griphos.net\/wp-content\/uploads\/2021\/03\/1-chasse-au-tresor-a-imprimer-pour-enfant-5-7-ans-2.jpg","contentUrl":"https:\/\/www.griphos.net\/wp-content\/uploads\/2021\/03\/1-chasse-au-tresor-a-imprimer-pour-enfant-5-7-ans-2.jpg","width":500,"height":707},{"@type":"BreadcrumbList","@id":"https:\/\/www.griphos.net\/ch\/product\/chasse-au-tresor-des-petits-diables-pour-jardin-ou-maison-5-7-ans\/#breadcrumb","itemListElement":[{"@type":"ListItem","position":1,"name":"Home","item":"https:\/\/www.griphos.net\/ch\/"},{"@type":"ListItem","position":2,"name":"Shop","item":"https:\/\/www.griphos.net\/ch\/shop\/"},{"@type":"ListItem","position":3,"name":"Chasse au tr\u00e9sor des petits diables &#8211; pour jardin ou maison 5-7 ans"}]},{"@type":"WebSite","@id":"https:\/\/www.griphos.net\/ch\/#website","url":"https:\/\/www.griphos.net\/ch\/","name":"Griphos","description":"The new entertainment","potentialAction":[{"@type":"SearchAction","target":{"@type":"EntryPoint","urlTemplate":"https:\/\/www.griphos.net\/ch\/?s={search_term_string}"},"query-input":"required name=search_term_string"}],"inLanguage":"fr-CH"}]}},"_links":{"self":[{"href":"https:\/\/www.griphos.net\/ch\/wp-json\/wp\/v2\/product\/18970","targetHints":{"allow":["GET"]}}],"collection":[{"href":"https:\/\/www.griphos.net\/ch\/wp-json\/wp\/v2\/product"}],"about":[{"href":"https:\/\/www.griphos.net\/ch\/wp-json\/wp\/v2\/types\/product"}],"replies":[{"embeddable":true,"href":"https:\/\/www.griphos.net\/ch\/wp-json\/wp\/v2\/comments?post=18970"}],"wp:featuredmedia":[{"embeddable":true,"href":"https:\/\/www.griphos.net\/ch\/wp-json\/wp\/v2\/media\/17183"}],"wp:attachment":[{"href":"https:\/\/www.griphos.net\/ch\/wp-json\/wp\/v2\/media?parent=18970"}],"wp:term":[{"taxonomy":"product_cat","embeddable":true,"href":"https:\/\/www.griphos.net\/ch\/wp-json\/wp\/v2\/product_cat?post=18970"},{"taxonomy":"product_tag","embeddable":true,"href":"https:\/\/www.griphos.net\/ch\/wp-json\/wp\/v2\/product_tag?post=18970"}],"curies":[{"name":"wp","href":"https:\/\/api.w.org\/{rel}","templated":true}]}}