{"id":18813,"date":"2020-08-30T08:03:21","date_gmt":"2020-08-30T07:03:21","guid":{"rendered":"https:\/\/www.griphos.net\/product\/un-tour-au-zoo-pour-garcon-8-10-ans\/"},"modified":"2021-03-14T07:23:24","modified_gmt":"2021-03-14T06:23:24","slug":"un-tour-au-zoo-pour-garcon-8-10-ans","status":"publish","type":"product","link":"https:\/\/www.griphos.net\/ch\/product\/un-tour-au-zoo-pour-garcon-8-10-ans\/","title":{"rendered":"Un tour au zoo pour gar\u00e7on 8-10 ans"},"content":{"rendered":"<p>Un tour au zoo pour gar\u00e7on 8-10 ans<\/p>\n","protected":false},"excerpt":{"rendered":"<p>Pendant qu\u2019une classe d\u2019\u00e9tudiants \u00e9tait en train de visiter le zoo de la ville, des douzaines de singes sont apparus parmi eux. quelqu\u2019un les a lib\u00e9r\u00e9s. Aide le d\u00e9tective \u00e0 trouver de qui il s\u2019agit.<\/p>\n<p>Le d\u00e9tective Jimmy et votre fils seront appel\u00e9s \u00e0 enqu\u00eater sur des cas o\u00f9 tout le monde est suspect\u00e9 mais o\u00f9 une seule personne est coupable. Ils devront r\u00e9soudre des \u00e9nigmes, ce qui les am\u00e8nera \u00e0 trouver et \u00e0 examiner des indices (images), \u00e0 \u00e9tudier attentivement les personnes impliqu\u00e9es et, \u00e9ventuellement, \u00e0 r\u00e9sumer ce qu\u2019ils ont d\u00e9couvert pour trouver le coupable.<\/p>\n<p>Tout cela \u00e0 travers la lecture d\u2019une histoire, d\u2019\u00e9nigmes simples et amusantes et d\u2019images qui sont autant d\u2019indices n\u00e9cessaires pour r\u00e9soudre l\u2019affaire.<\/p>\n<ul>\n<li>PDF<\/li>\n<li>12 pages<\/li>\n<li>Les instructions sont incluses<\/li>\n<\/ul>\n","protected":false},"featured_media":15948,"comment_status":"closed","ping_status":"closed","template":"","meta":[],"product_cat":[129,135],"product_tag":[],"class_list":{"0":"post-18813","1":"product","2":"type-product","3":"status-publish","4":"has-post-thumbnail","6":"product_cat-chasse-au-coupable-ch","7":"product_cat-chasse-au-coupable-pour-garcons-ch","9":"first","10":"instock","11":"sale","12":"downloadable","13":"virtual","14":"taxable","15":"purchasable","16":"product-type-simple"},"yoast_head":"<!-- This site is optimized with the Yoast SEO Premium plugin v22.5 (Yoast SEO v22.5) - https:\/\/yoast.com\/wordpress\/plugins\/seo\/ -->\n<title>Un tour au zoo pour gar\u00e7on 8-10 ans - Griphos<\/title>\n<meta name=\"robots\" content=\"index, follow, max-snippet:-1, max-image-preview:large, max-video-preview:-1\" \/>\n<link rel=\"canonical\" href=\"https:\/\/www.griphos.net\/ch\/product\/un-tour-au-zoo-pour-garcon-8-10-ans\/\" \/>\n<meta property=\"og:locale\" content=\"fr_FR\" \/>\n<meta property=\"og:type\" content=\"article\" \/>\n<meta property=\"og:title\" content=\"Un tour au zoo pour gar\u00e7on 8-10 ans\" \/>\n<meta property=\"og:description\" content=\"Pendant qu\u2019une classe d\u2019\u00e9tudiants \u00e9tait en train de visiter le zoo de la ville, des douzaines de singes sont apparus parmi eux. quelqu\u2019un les a lib\u00e9r\u00e9s. Aide le d\u00e9tective \u00e0 trouver de qui il s\u2019agit.  Le d\u00e9tective Jimmy et votre fils seront appel\u00e9s \u00e0 enqu\u00eater sur des cas o\u00f9 tout le monde est suspect\u00e9 mais o\u00f9 une seule personne est coupable. Ils devront r\u00e9soudre des \u00e9nigmes, ce qui les am\u00e8nera \u00e0 trouver et \u00e0 examiner des indices (images), \u00e0 \u00e9tudier attentivement les personnes impliqu\u00e9es et, \u00e9ventuellement, \u00e0 r\u00e9sumer ce qu\u2019ils ont d\u00e9couvert pour trouver le coupable.  Tout cela \u00e0 travers la lecture d\u2019une histoire, d\u2019\u00e9nigmes simples et amusantes et d\u2019images qui sont autant d\u2019indices n\u00e9cessaires pour r\u00e9soudre l\u2019affaire.   PDF  12 pages  Les instructions sont incluses\" \/>\n<meta property=\"og:url\" content=\"https:\/\/www.griphos.net\/ch\/product\/un-tour-au-zoo-pour-garcon-8-10-ans\/\" \/>\n<meta property=\"og:site_name\" content=\"Griphos\" \/>\n<meta property=\"article:modified_time\" content=\"2021-03-14T06:23:24+00:00\" \/>\n<meta property=\"og:image\" content=\"https:\/\/www.griphos.net\/wp-content\/uploads\/2021\/03\/1-enquete-policiere-pour-garcon-8-10-ans-2.jpg\" \/>\n\t<meta property=\"og:image:width\" content=\"500\" \/>\n\t<meta property=\"og:image:height\" content=\"707\" \/>\n\t<meta property=\"og:image:type\" content=\"image\/jpeg\" \/>\n<meta name=\"twitter:card\" content=\"summary_large_image\" \/>\n<script type=\"application\/ld+json\" class=\"yoast-schema-graph\">{\"@context\":\"https:\/\/schema.org\",\"@graph\":[{\"@type\":\"WebPage\",\"@id\":\"https:\/\/www.griphos.net\/ch\/product\/un-tour-au-zoo-pour-garcon-8-10-ans\/\",\"url\":\"https:\/\/www.griphos.net\/ch\/product\/un-tour-au-zoo-pour-garcon-8-10-ans\/\",\"name\":\"Un tour au zoo pour gar\u00e7on 8-10 ans - Griphos\",\"isPartOf\":{\"@id\":\"https:\/\/www.griphos.net\/ch\/#website\"},\"primaryImageOfPage\":{\"@id\":\"https:\/\/www.griphos.net\/ch\/product\/un-tour-au-zoo-pour-garcon-8-10-ans\/#primaryimage\"},\"image\":{\"@id\":\"https:\/\/www.griphos.net\/ch\/product\/un-tour-au-zoo-pour-garcon-8-10-ans\/#primaryimage\"},\"thumbnailUrl\":\"https:\/\/www.griphos.net\/wp-content\/uploads\/2021\/03\/1-enquete-policiere-pour-garcon-8-10-ans-2.jpg\",\"datePublished\":\"2020-08-30T07:03:21+00:00\",\"dateModified\":\"2021-03-14T06:23:24+00:00\",\"breadcrumb\":{\"@id\":\"https:\/\/www.griphos.net\/ch\/product\/un-tour-au-zoo-pour-garcon-8-10-ans\/#breadcrumb\"},\"inLanguage\":\"fr-CH\",\"potentialAction\":[{\"@type\":\"ReadAction\",\"target\":[\"https:\/\/www.griphos.net\/ch\/product\/un-tour-au-zoo-pour-garcon-8-10-ans\/\"]}]},{\"@type\":\"ImageObject\",\"inLanguage\":\"fr-CH\",\"@id\":\"https:\/\/www.griphos.net\/ch\/product\/un-tour-au-zoo-pour-garcon-8-10-ans\/#primaryimage\",\"url\":\"https:\/\/www.griphos.net\/wp-content\/uploads\/2021\/03\/1-enquete-policiere-pour-garcon-8-10-ans-2.jpg\",\"contentUrl\":\"https:\/\/www.griphos.net\/wp-content\/uploads\/2021\/03\/1-enquete-policiere-pour-garcon-8-10-ans-2.jpg\",\"width\":500,\"height\":707},{\"@type\":\"BreadcrumbList\",\"@id\":\"https:\/\/www.griphos.net\/ch\/product\/un-tour-au-zoo-pour-garcon-8-10-ans\/#breadcrumb\",\"itemListElement\":[{\"@type\":\"ListItem\",\"position\":1,\"name\":\"Home\",\"item\":\"https:\/\/www.griphos.net\/ch\/\"},{\"@type\":\"ListItem\",\"position\":2,\"name\":\"Shop\",\"item\":\"https:\/\/www.griphos.net\/ch\/shop\/\"},{\"@type\":\"ListItem\",\"position\":3,\"name\":\"Un tour au zoo pour gar\u00e7on 8-10 ans\"}]},{\"@type\":\"WebSite\",\"@id\":\"https:\/\/www.griphos.net\/ch\/#website\",\"url\":\"https:\/\/www.griphos.net\/ch\/\",\"name\":\"Griphos\",\"description\":\"The new entertainment\",\"potentialAction\":[{\"@type\":\"SearchAction\",\"target\":{\"@type\":\"EntryPoint\",\"urlTemplate\":\"https:\/\/www.griphos.net\/ch\/?s={search_term_string}\"},\"query-input\":\"required name=search_term_string\"}],\"inLanguage\":\"fr-CH\"}]}<\/script>\n<!-- \/ Yoast SEO Premium plugin. -->","yoast_head_json":{"title":"Un tour au zoo pour gar\u00e7on 8-10 ans - Griphos","robots":{"index":"index","follow":"follow","max-snippet":"max-snippet:-1","max-image-preview":"max-image-preview:large","max-video-preview":"max-video-preview:-1"},"canonical":"https:\/\/www.griphos.net\/ch\/product\/un-tour-au-zoo-pour-garcon-8-10-ans\/","og_locale":"fr_FR","og_type":"article","og_title":"Un tour au zoo pour gar\u00e7on 8-10 ans","og_description":"Pendant qu\u2019une classe d\u2019\u00e9tudiants \u00e9tait en train de visiter le zoo de la ville, des douzaines de singes sont apparus parmi eux. quelqu\u2019un les a lib\u00e9r\u00e9s. Aide le d\u00e9tective \u00e0 trouver de qui il s\u2019agit.  Le d\u00e9tective Jimmy et votre fils seront appel\u00e9s \u00e0 enqu\u00eater sur des cas o\u00f9 tout le monde est suspect\u00e9 mais o\u00f9 une seule personne est coupable. Ils devront r\u00e9soudre des \u00e9nigmes, ce qui les am\u00e8nera \u00e0 trouver et \u00e0 examiner des indices (images), \u00e0 \u00e9tudier attentivement les personnes impliqu\u00e9es et, \u00e9ventuellement, \u00e0 r\u00e9sumer ce qu\u2019ils ont d\u00e9couvert pour trouver le coupable.  Tout cela \u00e0 travers la lecture d\u2019une histoire, d\u2019\u00e9nigmes simples et amusantes et d\u2019images qui sont autant d\u2019indices n\u00e9cessaires pour r\u00e9soudre l\u2019affaire.   PDF  12 pages  Les instructions sont incluses","og_url":"https:\/\/www.griphos.net\/ch\/product\/un-tour-au-zoo-pour-garcon-8-10-ans\/","og_site_name":"Griphos","article_modified_time":"2021-03-14T06:23:24+00:00","og_image":[{"width":500,"height":707,"url":"https:\/\/www.griphos.net\/wp-content\/uploads\/2021\/03\/1-enquete-policiere-pour-garcon-8-10-ans-2.jpg","type":"image\/jpeg"}],"twitter_card":"summary_large_image","schema":{"@context":"https:\/\/schema.org","@graph":[{"@type":"WebPage","@id":"https:\/\/www.griphos.net\/ch\/product\/un-tour-au-zoo-pour-garcon-8-10-ans\/","url":"https:\/\/www.griphos.net\/ch\/product\/un-tour-au-zoo-pour-garcon-8-10-ans\/","name":"Un tour au zoo pour gar\u00e7on 8-10 ans - Griphos","isPartOf":{"@id":"https:\/\/www.griphos.net\/ch\/#website"},"primaryImageOfPage":{"@id":"https:\/\/www.griphos.net\/ch\/product\/un-tour-au-zoo-pour-garcon-8-10-ans\/#primaryimage"},"image":{"@id":"https:\/\/www.griphos.net\/ch\/product\/un-tour-au-zoo-pour-garcon-8-10-ans\/#primaryimage"},"thumbnailUrl":"https:\/\/www.griphos.net\/wp-content\/uploads\/2021\/03\/1-enquete-policiere-pour-garcon-8-10-ans-2.jpg","datePublished":"2020-08-30T07:03:21+00:00","dateModified":"2021-03-14T06:23:24+00:00","breadcrumb":{"@id":"https:\/\/www.griphos.net\/ch\/product\/un-tour-au-zoo-pour-garcon-8-10-ans\/#breadcrumb"},"inLanguage":"fr-CH","potentialAction":[{"@type":"ReadAction","target":["https:\/\/www.griphos.net\/ch\/product\/un-tour-au-zoo-pour-garcon-8-10-ans\/"]}]},{"@type":"ImageObject","inLanguage":"fr-CH","@id":"https:\/\/www.griphos.net\/ch\/product\/un-tour-au-zoo-pour-garcon-8-10-ans\/#primaryimage","url":"https:\/\/www.griphos.net\/wp-content\/uploads\/2021\/03\/1-enquete-policiere-pour-garcon-8-10-ans-2.jpg","contentUrl":"https:\/\/www.griphos.net\/wp-content\/uploads\/2021\/03\/1-enquete-policiere-pour-garcon-8-10-ans-2.jpg","width":500,"height":707},{"@type":"BreadcrumbList","@id":"https:\/\/www.griphos.net\/ch\/product\/un-tour-au-zoo-pour-garcon-8-10-ans\/#breadcrumb","itemListElement":[{"@type":"ListItem","position":1,"name":"Home","item":"https:\/\/www.griphos.net\/ch\/"},{"@type":"ListItem","position":2,"name":"Shop","item":"https:\/\/www.griphos.net\/ch\/shop\/"},{"@type":"ListItem","position":3,"name":"Un tour au zoo pour gar\u00e7on 8-10 ans"}]},{"@type":"WebSite","@id":"https:\/\/www.griphos.net\/ch\/#website","url":"https:\/\/www.griphos.net\/ch\/","name":"Griphos","description":"The new entertainment","potentialAction":[{"@type":"SearchAction","target":{"@type":"EntryPoint","urlTemplate":"https:\/\/www.griphos.net\/ch\/?s={search_term_string}"},"query-input":"required name=search_term_string"}],"inLanguage":"fr-CH"}]}},"_links":{"self":[{"href":"https:\/\/www.griphos.net\/ch\/wp-json\/wp\/v2\/product\/18813","targetHints":{"allow":["GET"]}}],"collection":[{"href":"https:\/\/www.griphos.net\/ch\/wp-json\/wp\/v2\/product"}],"about":[{"href":"https:\/\/www.griphos.net\/ch\/wp-json\/wp\/v2\/types\/product"}],"replies":[{"embeddable":true,"href":"https:\/\/www.griphos.net\/ch\/wp-json\/wp\/v2\/comments?post=18813"}],"wp:featuredmedia":[{"embeddable":true,"href":"https:\/\/www.griphos.net\/ch\/wp-json\/wp\/v2\/media\/15948"}],"wp:attachment":[{"href":"https:\/\/www.griphos.net\/ch\/wp-json\/wp\/v2\/media?parent=18813"}],"wp:term":[{"taxonomy":"product_cat","embeddable":true,"href":"https:\/\/www.griphos.net\/ch\/wp-json\/wp\/v2\/product_cat?post=18813"},{"taxonomy":"product_tag","embeddable":true,"href":"https:\/\/www.griphos.net\/ch\/wp-json\/wp\/v2\/product_tag?post=18813"}],"curies":[{"name":"wp","href":"https:\/\/api.w.org\/{rel}","templated":true}]}}