{"id":18749,"date":"2020-08-30T07:43:12","date_gmt":"2020-08-30T06:43:12","guid":{"rendered":"https:\/\/www.griphos.net\/product\/le-fantome-du-chateau-pour-garcon-11-12-ans\/"},"modified":"2021-03-13T18:03:17","modified_gmt":"2021-03-13T17:03:17","slug":"le-fantome-du-chateau-pour-garcon-11-12-ans","status":"publish","type":"product","link":"https:\/\/www.griphos.net\/ch\/product\/le-fantome-du-chateau-pour-garcon-11-12-ans\/","title":{"rendered":"Le fantome du ch\u00e2teau pour gar\u00e7on 11-12 ans"},"content":{"rendered":"<p>Le fantome du ch\u00e2teau pour gar\u00e7on 11-12 ans<\/p>\n","protected":false},"excerpt":{"rendered":"<p>Une visite au ch\u00e2teau des comtes crickets s&#8217;est transform\u00e9 en un apr\u00e8s-midi d&#8217;effroi pour un groupe de visiteurs. Un fant\u00f4me est apparu devant eux.\u00a0Aide le d\u00e9tective \u00e0 \u00e9lucider ce myst\u00e8re.<\/p>\n","protected":false},"featured_media":15911,"comment_status":"closed","ping_status":"closed","template":"","meta":[],"product_cat":[129,135],"product_tag":[],"class_list":{"0":"post-18749","1":"product","2":"type-product","3":"status-publish","4":"has-post-thumbnail","6":"product_cat-chasse-au-coupable-ch","7":"product_cat-chasse-au-coupable-pour-garcons-ch","9":"first","10":"instock","11":"sale","12":"downloadable","13":"virtual","14":"taxable","15":"purchasable","16":"product-type-simple"},"yoast_head":"<!-- This site is optimized with the Yoast SEO Premium plugin v22.5 (Yoast SEO v22.5) - https:\/\/yoast.com\/wordpress\/plugins\/seo\/ -->\n<title>Le fantome du ch\u00e2teau pour gar\u00e7on 11-12 ans - Griphos<\/title>\n<meta name=\"robots\" content=\"index, follow, max-snippet:-1, max-image-preview:large, max-video-preview:-1\" \/>\n<link rel=\"canonical\" href=\"https:\/\/www.griphos.net\/ch\/product\/le-fantome-du-chateau-pour-garcon-11-12-ans\/\" \/>\n<meta property=\"og:locale\" content=\"fr_FR\" \/>\n<meta property=\"og:type\" content=\"article\" \/>\n<meta property=\"og:title\" content=\"Le fantome du ch\u00e2teau pour gar\u00e7on 11-12 ans\" \/>\n<meta property=\"og:description\" content=\"Une visite au ch\u00e2teau des comtes crickets s&#039;est transform\u00e9 en un apr\u00e8s-midi d&#039;effroi pour un groupe de visiteurs. Un fant\u00f4me est apparu devant eux.\u00a0Aide le d\u00e9tective \u00e0 \u00e9lucider ce myst\u00e8re.\" \/>\n<meta property=\"og:url\" content=\"https:\/\/www.griphos.net\/ch\/product\/le-fantome-du-chateau-pour-garcon-11-12-ans\/\" \/>\n<meta property=\"og:site_name\" content=\"Griphos\" \/>\n<meta property=\"article:modified_time\" content=\"2021-03-13T17:03:17+00:00\" \/>\n<meta property=\"og:image\" content=\"https:\/\/www.griphos.net\/wp-content\/uploads\/2021\/03\/1-enquete-policiere-pour-enfant-11-12-ans-2.jpg\" \/>\n\t<meta property=\"og:image:width\" content=\"600\" \/>\n\t<meta property=\"og:image:height\" content=\"849\" \/>\n\t<meta property=\"og:image:type\" content=\"image\/jpeg\" \/>\n<meta name=\"twitter:card\" content=\"summary_large_image\" \/>\n<script type=\"application\/ld+json\" class=\"yoast-schema-graph\">{\"@context\":\"https:\/\/schema.org\",\"@graph\":[{\"@type\":\"WebPage\",\"@id\":\"https:\/\/www.griphos.net\/ch\/product\/le-fantome-du-chateau-pour-garcon-11-12-ans\/\",\"url\":\"https:\/\/www.griphos.net\/ch\/product\/le-fantome-du-chateau-pour-garcon-11-12-ans\/\",\"name\":\"Le fantome du ch\u00e2teau pour gar\u00e7on 11-12 ans - Griphos\",\"isPartOf\":{\"@id\":\"https:\/\/www.griphos.net\/ch\/#website\"},\"primaryImageOfPage\":{\"@id\":\"https:\/\/www.griphos.net\/ch\/product\/le-fantome-du-chateau-pour-garcon-11-12-ans\/#primaryimage\"},\"image\":{\"@id\":\"https:\/\/www.griphos.net\/ch\/product\/le-fantome-du-chateau-pour-garcon-11-12-ans\/#primaryimage\"},\"thumbnailUrl\":\"https:\/\/www.griphos.net\/wp-content\/uploads\/2021\/03\/1-enquete-policiere-pour-enfant-11-12-ans-2.jpg\",\"datePublished\":\"2020-08-30T06:43:12+00:00\",\"dateModified\":\"2021-03-13T17:03:17+00:00\",\"breadcrumb\":{\"@id\":\"https:\/\/www.griphos.net\/ch\/product\/le-fantome-du-chateau-pour-garcon-11-12-ans\/#breadcrumb\"},\"inLanguage\":\"fr-CH\",\"potentialAction\":[{\"@type\":\"ReadAction\",\"target\":[\"https:\/\/www.griphos.net\/ch\/product\/le-fantome-du-chateau-pour-garcon-11-12-ans\/\"]}]},{\"@type\":\"ImageObject\",\"inLanguage\":\"fr-CH\",\"@id\":\"https:\/\/www.griphos.net\/ch\/product\/le-fantome-du-chateau-pour-garcon-11-12-ans\/#primaryimage\",\"url\":\"https:\/\/www.griphos.net\/wp-content\/uploads\/2021\/03\/1-enquete-policiere-pour-enfant-11-12-ans-2.jpg\",\"contentUrl\":\"https:\/\/www.griphos.net\/wp-content\/uploads\/2021\/03\/1-enquete-policiere-pour-enfant-11-12-ans-2.jpg\",\"width\":600,\"height\":849},{\"@type\":\"BreadcrumbList\",\"@id\":\"https:\/\/www.griphos.net\/ch\/product\/le-fantome-du-chateau-pour-garcon-11-12-ans\/#breadcrumb\",\"itemListElement\":[{\"@type\":\"ListItem\",\"position\":1,\"name\":\"Home\",\"item\":\"https:\/\/www.griphos.net\/ch\/\"},{\"@type\":\"ListItem\",\"position\":2,\"name\":\"Shop\",\"item\":\"https:\/\/www.griphos.net\/ch\/shop\/\"},{\"@type\":\"ListItem\",\"position\":3,\"name\":\"Le fantome du ch\u00e2teau pour gar\u00e7on 11-12 ans\"}]},{\"@type\":\"WebSite\",\"@id\":\"https:\/\/www.griphos.net\/ch\/#website\",\"url\":\"https:\/\/www.griphos.net\/ch\/\",\"name\":\"Griphos\",\"description\":\"The new entertainment\",\"potentialAction\":[{\"@type\":\"SearchAction\",\"target\":{\"@type\":\"EntryPoint\",\"urlTemplate\":\"https:\/\/www.griphos.net\/ch\/?s={search_term_string}\"},\"query-input\":\"required name=search_term_string\"}],\"inLanguage\":\"fr-CH\"}]}<\/script>\n<!-- \/ Yoast SEO Premium plugin. -->","yoast_head_json":{"title":"Le fantome du ch\u00e2teau pour gar\u00e7on 11-12 ans - Griphos","robots":{"index":"index","follow":"follow","max-snippet":"max-snippet:-1","max-image-preview":"max-image-preview:large","max-video-preview":"max-video-preview:-1"},"canonical":"https:\/\/www.griphos.net\/ch\/product\/le-fantome-du-chateau-pour-garcon-11-12-ans\/","og_locale":"fr_FR","og_type":"article","og_title":"Le fantome du ch\u00e2teau pour gar\u00e7on 11-12 ans","og_description":"Une visite au ch\u00e2teau des comtes crickets s'est transform\u00e9 en un apr\u00e8s-midi d'effroi pour un groupe de visiteurs. Un fant\u00f4me est apparu devant eux.\u00a0Aide le d\u00e9tective \u00e0 \u00e9lucider ce myst\u00e8re.","og_url":"https:\/\/www.griphos.net\/ch\/product\/le-fantome-du-chateau-pour-garcon-11-12-ans\/","og_site_name":"Griphos","article_modified_time":"2021-03-13T17:03:17+00:00","og_image":[{"width":600,"height":849,"url":"https:\/\/www.griphos.net\/wp-content\/uploads\/2021\/03\/1-enquete-policiere-pour-enfant-11-12-ans-2.jpg","type":"image\/jpeg"}],"twitter_card":"summary_large_image","schema":{"@context":"https:\/\/schema.org","@graph":[{"@type":"WebPage","@id":"https:\/\/www.griphos.net\/ch\/product\/le-fantome-du-chateau-pour-garcon-11-12-ans\/","url":"https:\/\/www.griphos.net\/ch\/product\/le-fantome-du-chateau-pour-garcon-11-12-ans\/","name":"Le fantome du ch\u00e2teau pour gar\u00e7on 11-12 ans - Griphos","isPartOf":{"@id":"https:\/\/www.griphos.net\/ch\/#website"},"primaryImageOfPage":{"@id":"https:\/\/www.griphos.net\/ch\/product\/le-fantome-du-chateau-pour-garcon-11-12-ans\/#primaryimage"},"image":{"@id":"https:\/\/www.griphos.net\/ch\/product\/le-fantome-du-chateau-pour-garcon-11-12-ans\/#primaryimage"},"thumbnailUrl":"https:\/\/www.griphos.net\/wp-content\/uploads\/2021\/03\/1-enquete-policiere-pour-enfant-11-12-ans-2.jpg","datePublished":"2020-08-30T06:43:12+00:00","dateModified":"2021-03-13T17:03:17+00:00","breadcrumb":{"@id":"https:\/\/www.griphos.net\/ch\/product\/le-fantome-du-chateau-pour-garcon-11-12-ans\/#breadcrumb"},"inLanguage":"fr-CH","potentialAction":[{"@type":"ReadAction","target":["https:\/\/www.griphos.net\/ch\/product\/le-fantome-du-chateau-pour-garcon-11-12-ans\/"]}]},{"@type":"ImageObject","inLanguage":"fr-CH","@id":"https:\/\/www.griphos.net\/ch\/product\/le-fantome-du-chateau-pour-garcon-11-12-ans\/#primaryimage","url":"https:\/\/www.griphos.net\/wp-content\/uploads\/2021\/03\/1-enquete-policiere-pour-enfant-11-12-ans-2.jpg","contentUrl":"https:\/\/www.griphos.net\/wp-content\/uploads\/2021\/03\/1-enquete-policiere-pour-enfant-11-12-ans-2.jpg","width":600,"height":849},{"@type":"BreadcrumbList","@id":"https:\/\/www.griphos.net\/ch\/product\/le-fantome-du-chateau-pour-garcon-11-12-ans\/#breadcrumb","itemListElement":[{"@type":"ListItem","position":1,"name":"Home","item":"https:\/\/www.griphos.net\/ch\/"},{"@type":"ListItem","position":2,"name":"Shop","item":"https:\/\/www.griphos.net\/ch\/shop\/"},{"@type":"ListItem","position":3,"name":"Le fantome du ch\u00e2teau pour gar\u00e7on 11-12 ans"}]},{"@type":"WebSite","@id":"https:\/\/www.griphos.net\/ch\/#website","url":"https:\/\/www.griphos.net\/ch\/","name":"Griphos","description":"The new entertainment","potentialAction":[{"@type":"SearchAction","target":{"@type":"EntryPoint","urlTemplate":"https:\/\/www.griphos.net\/ch\/?s={search_term_string}"},"query-input":"required name=search_term_string"}],"inLanguage":"fr-CH"}]}},"_links":{"self":[{"href":"https:\/\/www.griphos.net\/ch\/wp-json\/wp\/v2\/product\/18749","targetHints":{"allow":["GET"]}}],"collection":[{"href":"https:\/\/www.griphos.net\/ch\/wp-json\/wp\/v2\/product"}],"about":[{"href":"https:\/\/www.griphos.net\/ch\/wp-json\/wp\/v2\/types\/product"}],"replies":[{"embeddable":true,"href":"https:\/\/www.griphos.net\/ch\/wp-json\/wp\/v2\/comments?post=18749"}],"wp:featuredmedia":[{"embeddable":true,"href":"https:\/\/www.griphos.net\/ch\/wp-json\/wp\/v2\/media\/15911"}],"wp:attachment":[{"href":"https:\/\/www.griphos.net\/ch\/wp-json\/wp\/v2\/media?parent=18749"}],"wp:term":[{"taxonomy":"product_cat","embeddable":true,"href":"https:\/\/www.griphos.net\/ch\/wp-json\/wp\/v2\/product_cat?post=18749"},{"taxonomy":"product_tag","embeddable":true,"href":"https:\/\/www.griphos.net\/ch\/wp-json\/wp\/v2\/product_tag?post=18749"}],"curies":[{"name":"wp","href":"https:\/\/api.w.org\/{rel}","templated":true}]}}