{"id":15664,"date":"2020-08-01T12:26:23","date_gmt":"2020-08-01T11:26:24","guid":{"rendered":"https:\/\/www.griphos.net\/?post_type=product&#038;p=15664"},"modified":"2021-03-13T19:01:05","modified_gmt":"2021-03-13T18:01:05","slug":"le-fantome-du-chateau-pour-fille-11-12-ans","status":"publish","type":"product","link":"https:\/\/www.griphos.net\/ch\/product\/le-fantome-du-chateau-pour-fille-11-12-ans\/","title":{"rendered":"Le fantome du ch\u00e2teau pour fille 11-12 ans"},"content":{"rendered":"<p>Le fantome du ch\u00e2teau pour fille 11-12 ans<\/p>\n","protected":false},"excerpt":{"rendered":"<p>Une visite au ch\u00e2teau des comtes crickets s&#8217;est transform\u00e9 en un apr\u00e8s-midi d&#8217;effroi pour un groupe de visiteurs. Un fant\u00f4me est apparu devant eux.\u00a0Aide le d\u00e9tective \u00e0 \u00e9lucider ce myst\u00e8re.<\/p>\n<p>Le d\u00e9tective Maggy et votre fils seront appel\u00e9s \u00e0 enqu\u00eater sur des cas o\u00f9 tout le monde est suspect\u00e9 mais o\u00f9 une seule personne est coupable. Ils devront r\u00e9soudre des \u00e9nigmes, ce qui les am\u00e8nera \u00e0 trouver et \u00e0 examiner des indices (images), \u00e0 \u00e9tudier attentivement les personnes impliqu\u00e9es et, \u00e9ventuellement, \u00e0 r\u00e9sumer ce qu&#8217;ils ont d\u00e9couvert pour trouver le coupable.<\/p>\n<p>Tout cela \u00e0 travers la lecture d&#8217;une histoire, d&#8217;\u00e9nigmes simples et amusantes et d&#8217;images qui sont autant d&#8217;indices n\u00e9cessaires pour r\u00e9soudre l&#8217;affaire.<\/p>\n<ul>\n<li>PDF<\/li>\n<li>10 pages<\/li>\n<li>Les instructions sont incluses<\/li>\n<\/ul>\n","protected":false},"featured_media":15672,"comment_status":"closed","ping_status":"closed","template":"","meta":[],"product_cat":[129,132],"product_tag":[186],"class_list":{"0":"post-15664","1":"product","2":"type-product","3":"status-publish","4":"has-post-thumbnail","6":"product_cat-chasse-au-coupable-ch","7":"product_cat-chasse-au-coupable-pour-filles-ch","8":"product_tag-chasse-au-coupable-ch","10":"first","11":"instock","12":"sale","13":"downloadable","14":"virtual","15":"taxable","16":"purchasable","17":"product-type-simple"},"yoast_head":"<!-- This site is optimized with the Yoast SEO Premium plugin v22.5 (Yoast SEO v22.5) - https:\/\/yoast.com\/wordpress\/plugins\/seo\/ -->\n<title>Le fantome du ch\u00e2teau pour fille 11-12 ans - Griphos<\/title>\n<meta name=\"robots\" content=\"index, follow, max-snippet:-1, max-image-preview:large, max-video-preview:-1\" \/>\n<link rel=\"canonical\" href=\"https:\/\/www.griphos.net\/ch\/product\/le-fantome-du-chateau-pour-fille-11-12-ans\/\" \/>\n<meta property=\"og:locale\" content=\"fr_FR\" \/>\n<meta property=\"og:type\" content=\"article\" \/>\n<meta property=\"og:title\" content=\"Le fantome du ch\u00e2teau pour fille 11-12 ans\" \/>\n<meta property=\"og:description\" content=\"Une visite au ch\u00e2teau des comtes crickets s&#039;est transform\u00e9 en un apr\u00e8s-midi d&#039;effroi pour un groupe de visiteurs. Un fant\u00f4me est apparu devant eux.\u00a0Aide le d\u00e9tective \u00e0 \u00e9lucider ce myst\u00e8re.  Le d\u00e9tective Maggy et votre fils seront appel\u00e9s \u00e0 enqu\u00eater sur des cas o\u00f9 tout le monde est suspect\u00e9 mais o\u00f9 une seule personne est coupable. Ils devront r\u00e9soudre des \u00e9nigmes, ce qui les am\u00e8nera \u00e0 trouver et \u00e0 examiner des indices (images), \u00e0 \u00e9tudier attentivement les personnes impliqu\u00e9es et, \u00e9ventuellement, \u00e0 r\u00e9sumer ce qu&#039;ils ont d\u00e9couvert pour trouver le coupable.  Tout cela \u00e0 travers la lecture d&#039;une histoire, d&#039;\u00e9nigmes simples et amusantes et d&#039;images qui sont autant d&#039;indices n\u00e9cessaires pour r\u00e9soudre l&#039;affaire.   PDF  10 pages  Les instructions sont incluses\" \/>\n<meta property=\"og:url\" content=\"https:\/\/www.griphos.net\/ch\/product\/le-fantome-du-chateau-pour-fille-11-12-ans\/\" \/>\n<meta property=\"og:site_name\" content=\"Griphos\" \/>\n<meta property=\"article:modified_time\" content=\"2021-03-13T18:01:05+00:00\" \/>\n<meta property=\"og:image\" content=\"https:\/\/www.griphos.net\/wp-content\/uploads\/2021\/03\/1jeux-pour-les-fetes-danniversaire-11-12-ans-2.jpg\" \/>\n\t<meta property=\"og:image:width\" content=\"600\" \/>\n\t<meta property=\"og:image:height\" content=\"849\" \/>\n\t<meta property=\"og:image:type\" content=\"image\/jpeg\" \/>\n<meta name=\"twitter:card\" content=\"summary_large_image\" \/>\n<script type=\"application\/ld+json\" class=\"yoast-schema-graph\">{\"@context\":\"https:\/\/schema.org\",\"@graph\":[{\"@type\":\"WebPage\",\"@id\":\"https:\/\/www.griphos.net\/ch\/product\/le-fantome-du-chateau-pour-fille-11-12-ans\/\",\"url\":\"https:\/\/www.griphos.net\/ch\/product\/le-fantome-du-chateau-pour-fille-11-12-ans\/\",\"name\":\"Le fantome du ch\u00e2teau pour fille 11-12 ans - Griphos\",\"isPartOf\":{\"@id\":\"https:\/\/www.griphos.net\/ch\/#website\"},\"primaryImageOfPage\":{\"@id\":\"https:\/\/www.griphos.net\/ch\/product\/le-fantome-du-chateau-pour-fille-11-12-ans\/#primaryimage\"},\"image\":{\"@id\":\"https:\/\/www.griphos.net\/ch\/product\/le-fantome-du-chateau-pour-fille-11-12-ans\/#primaryimage\"},\"thumbnailUrl\":\"https:\/\/www.griphos.net\/wp-content\/uploads\/2021\/03\/1jeux-pour-les-fetes-danniversaire-11-12-ans-2.jpg\",\"datePublished\":\"2020-08-01T11:26:24+00:00\",\"dateModified\":\"2021-03-13T18:01:05+00:00\",\"breadcrumb\":{\"@id\":\"https:\/\/www.griphos.net\/ch\/product\/le-fantome-du-chateau-pour-fille-11-12-ans\/#breadcrumb\"},\"inLanguage\":\"fr-CH\",\"potentialAction\":[{\"@type\":\"ReadAction\",\"target\":[\"https:\/\/www.griphos.net\/ch\/product\/le-fantome-du-chateau-pour-fille-11-12-ans\/\"]}]},{\"@type\":\"ImageObject\",\"inLanguage\":\"fr-CH\",\"@id\":\"https:\/\/www.griphos.net\/ch\/product\/le-fantome-du-chateau-pour-fille-11-12-ans\/#primaryimage\",\"url\":\"https:\/\/www.griphos.net\/wp-content\/uploads\/2021\/03\/1jeux-pour-les-fetes-danniversaire-11-12-ans-2.jpg\",\"contentUrl\":\"https:\/\/www.griphos.net\/wp-content\/uploads\/2021\/03\/1jeux-pour-les-fetes-danniversaire-11-12-ans-2.jpg\",\"width\":600,\"height\":849},{\"@type\":\"BreadcrumbList\",\"@id\":\"https:\/\/www.griphos.net\/ch\/product\/le-fantome-du-chateau-pour-fille-11-12-ans\/#breadcrumb\",\"itemListElement\":[{\"@type\":\"ListItem\",\"position\":1,\"name\":\"Home\",\"item\":\"https:\/\/www.griphos.net\/ch\/\"},{\"@type\":\"ListItem\",\"position\":2,\"name\":\"Shop\",\"item\":\"https:\/\/www.griphos.net\/ch\/shop\/\"},{\"@type\":\"ListItem\",\"position\":3,\"name\":\"Le fantome du ch\u00e2teau pour fille 11-12 ans\"}]},{\"@type\":\"WebSite\",\"@id\":\"https:\/\/www.griphos.net\/ch\/#website\",\"url\":\"https:\/\/www.griphos.net\/ch\/\",\"name\":\"Griphos\",\"description\":\"The new entertainment\",\"potentialAction\":[{\"@type\":\"SearchAction\",\"target\":{\"@type\":\"EntryPoint\",\"urlTemplate\":\"https:\/\/www.griphos.net\/ch\/?s={search_term_string}\"},\"query-input\":\"required name=search_term_string\"}],\"inLanguage\":\"fr-CH\"}]}<\/script>\n<!-- \/ Yoast SEO Premium plugin. -->","yoast_head_json":{"title":"Le fantome du ch\u00e2teau pour fille 11-12 ans - Griphos","robots":{"index":"index","follow":"follow","max-snippet":"max-snippet:-1","max-image-preview":"max-image-preview:large","max-video-preview":"max-video-preview:-1"},"canonical":"https:\/\/www.griphos.net\/ch\/product\/le-fantome-du-chateau-pour-fille-11-12-ans\/","og_locale":"fr_FR","og_type":"article","og_title":"Le fantome du ch\u00e2teau pour fille 11-12 ans","og_description":"Une visite au ch\u00e2teau des comtes crickets s'est transform\u00e9 en un apr\u00e8s-midi d'effroi pour un groupe de visiteurs. Un fant\u00f4me est apparu devant eux.\u00a0Aide le d\u00e9tective \u00e0 \u00e9lucider ce myst\u00e8re.  Le d\u00e9tective Maggy et votre fils seront appel\u00e9s \u00e0 enqu\u00eater sur des cas o\u00f9 tout le monde est suspect\u00e9 mais o\u00f9 une seule personne est coupable. Ils devront r\u00e9soudre des \u00e9nigmes, ce qui les am\u00e8nera \u00e0 trouver et \u00e0 examiner des indices (images), \u00e0 \u00e9tudier attentivement les personnes impliqu\u00e9es et, \u00e9ventuellement, \u00e0 r\u00e9sumer ce qu'ils ont d\u00e9couvert pour trouver le coupable.  Tout cela \u00e0 travers la lecture d'une histoire, d'\u00e9nigmes simples et amusantes et d'images qui sont autant d'indices n\u00e9cessaires pour r\u00e9soudre l'affaire.   PDF  10 pages  Les instructions sont incluses","og_url":"https:\/\/www.griphos.net\/ch\/product\/le-fantome-du-chateau-pour-fille-11-12-ans\/","og_site_name":"Griphos","article_modified_time":"2021-03-13T18:01:05+00:00","og_image":[{"width":600,"height":849,"url":"https:\/\/www.griphos.net\/wp-content\/uploads\/2021\/03\/1jeux-pour-les-fetes-danniversaire-11-12-ans-2.jpg","type":"image\/jpeg"}],"twitter_card":"summary_large_image","schema":{"@context":"https:\/\/schema.org","@graph":[{"@type":"WebPage","@id":"https:\/\/www.griphos.net\/ch\/product\/le-fantome-du-chateau-pour-fille-11-12-ans\/","url":"https:\/\/www.griphos.net\/ch\/product\/le-fantome-du-chateau-pour-fille-11-12-ans\/","name":"Le fantome du ch\u00e2teau pour fille 11-12 ans - Griphos","isPartOf":{"@id":"https:\/\/www.griphos.net\/ch\/#website"},"primaryImageOfPage":{"@id":"https:\/\/www.griphos.net\/ch\/product\/le-fantome-du-chateau-pour-fille-11-12-ans\/#primaryimage"},"image":{"@id":"https:\/\/www.griphos.net\/ch\/product\/le-fantome-du-chateau-pour-fille-11-12-ans\/#primaryimage"},"thumbnailUrl":"https:\/\/www.griphos.net\/wp-content\/uploads\/2021\/03\/1jeux-pour-les-fetes-danniversaire-11-12-ans-2.jpg","datePublished":"2020-08-01T11:26:24+00:00","dateModified":"2021-03-13T18:01:05+00:00","breadcrumb":{"@id":"https:\/\/www.griphos.net\/ch\/product\/le-fantome-du-chateau-pour-fille-11-12-ans\/#breadcrumb"},"inLanguage":"fr-CH","potentialAction":[{"@type":"ReadAction","target":["https:\/\/www.griphos.net\/ch\/product\/le-fantome-du-chateau-pour-fille-11-12-ans\/"]}]},{"@type":"ImageObject","inLanguage":"fr-CH","@id":"https:\/\/www.griphos.net\/ch\/product\/le-fantome-du-chateau-pour-fille-11-12-ans\/#primaryimage","url":"https:\/\/www.griphos.net\/wp-content\/uploads\/2021\/03\/1jeux-pour-les-fetes-danniversaire-11-12-ans-2.jpg","contentUrl":"https:\/\/www.griphos.net\/wp-content\/uploads\/2021\/03\/1jeux-pour-les-fetes-danniversaire-11-12-ans-2.jpg","width":600,"height":849},{"@type":"BreadcrumbList","@id":"https:\/\/www.griphos.net\/ch\/product\/le-fantome-du-chateau-pour-fille-11-12-ans\/#breadcrumb","itemListElement":[{"@type":"ListItem","position":1,"name":"Home","item":"https:\/\/www.griphos.net\/ch\/"},{"@type":"ListItem","position":2,"name":"Shop","item":"https:\/\/www.griphos.net\/ch\/shop\/"},{"@type":"ListItem","position":3,"name":"Le fantome du ch\u00e2teau pour fille 11-12 ans"}]},{"@type":"WebSite","@id":"https:\/\/www.griphos.net\/ch\/#website","url":"https:\/\/www.griphos.net\/ch\/","name":"Griphos","description":"The new entertainment","potentialAction":[{"@type":"SearchAction","target":{"@type":"EntryPoint","urlTemplate":"https:\/\/www.griphos.net\/ch\/?s={search_term_string}"},"query-input":"required name=search_term_string"}],"inLanguage":"fr-CH"}]}},"_links":{"self":[{"href":"https:\/\/www.griphos.net\/ch\/wp-json\/wp\/v2\/product\/15664","targetHints":{"allow":["GET"]}}],"collection":[{"href":"https:\/\/www.griphos.net\/ch\/wp-json\/wp\/v2\/product"}],"about":[{"href":"https:\/\/www.griphos.net\/ch\/wp-json\/wp\/v2\/types\/product"}],"replies":[{"embeddable":true,"href":"https:\/\/www.griphos.net\/ch\/wp-json\/wp\/v2\/comments?post=15664"}],"wp:featuredmedia":[{"embeddable":true,"href":"https:\/\/www.griphos.net\/ch\/wp-json\/wp\/v2\/media\/15672"}],"wp:attachment":[{"href":"https:\/\/www.griphos.net\/ch\/wp-json\/wp\/v2\/media?parent=15664"}],"wp:term":[{"taxonomy":"product_cat","embeddable":true,"href":"https:\/\/www.griphos.net\/ch\/wp-json\/wp\/v2\/product_cat?post=15664"},{"taxonomy":"product_tag","embeddable":true,"href":"https:\/\/www.griphos.net\/ch\/wp-json\/wp\/v2\/product_tag?post=15664"}],"curies":[{"name":"wp","href":"https:\/\/api.w.org\/{rel}","templated":true}]}}