{"id":13883,"date":"2018-12-21T06:16:41","date_gmt":"2018-12-21T05:31:20","guid":{"rendered":"https:\/\/www.griphos.net\/?post_type=product&#038;p=13883"},"modified":"2018-12-21T06:31:20","modified_gmt":"2018-12-21T05:31:20","slug":"chasse-au-cadeau-du-pere-noel-8-12-ans","status":"publish","type":"product","link":"https:\/\/www.griphos.net\/ch\/product\/chasse-au-cadeau-du-pere-noel-8-12-ans\/","title":{"rendered":"Chasse au cadeau du p\u00e8re no\u00ebl 8-12 ans"},"content":{"rendered":"<p>Chasse au cadeau du p\u00e8re no\u00ebl 8-12 ans<\/p>\n","protected":false},"excerpt":{"rendered":"<p>Les amis du P\u00e8re No\u00ebl lui ont fait un cadeau, mais ils l&#8217;ont cach\u00e9, en organisant pour lui une Chasse au tr\u00e9sor. Il a besoin de l&#8217;aide de vos enfants pour trouver son unique cadeau de No\u00ebl. Vos enfants devront r\u00e9soudre des devinettes sympathiques et amusantes pour retrouver le cadeau du P\u00e8re No\u00ebl.<\/p>\n<p>Convient aux enfants de 8 \u00e0 12 ans.<\/p>\n<ul>\n<li>1 PDF<\/li>\n<li>10 pages<\/li>\n<li>Les instructions sont incluses<\/li>\n<\/ul>\n","protected":false},"featured_media":13784,"comment_status":"closed","ping_status":"closed","template":"","meta":[],"product_cat":[204,138],"product_tag":[],"class_list":{"0":"post-13883","1":"product","2":"type-product","3":"status-publish","4":"has-post-thumbnail","6":"product_cat-chasse-au-tresor-de-noel-ch","7":"product_cat-chasse-au-tresor-ch","9":"first","10":"instock","11":"downloadable","12":"virtual","13":"taxable","14":"purchasable","15":"product-type-simple"},"yoast_head":"<!-- This site is optimized with the Yoast SEO Premium plugin v22.5 (Yoast SEO v22.5) - https:\/\/yoast.com\/wordpress\/plugins\/seo\/ -->\n<title>Chasse au cadeau du p\u00e8re no\u00ebl 8-12 ans - Griphos<\/title>\n<meta name=\"robots\" content=\"index, follow, max-snippet:-1, max-image-preview:large, max-video-preview:-1\" \/>\n<link rel=\"canonical\" href=\"https:\/\/www.griphos.net\/ch\/product\/chasse-au-cadeau-du-pere-noel-8-12-ans\/\" \/>\n<meta property=\"og:locale\" content=\"fr_FR\" \/>\n<meta property=\"og:type\" content=\"article\" \/>\n<meta property=\"og:title\" content=\"Chasse au cadeau du p\u00e8re no\u00ebl 8-12 ans\" \/>\n<meta property=\"og:description\" content=\"Les amis du P\u00e8re No\u00ebl lui ont fait un cadeau, mais ils l&#039;ont cach\u00e9, en organisant pour lui une Chasse au tr\u00e9sor. Il a besoin de l&#039;aide de vos enfants pour trouver son unique cadeau de No\u00ebl. Vos enfants devront r\u00e9soudre des devinettes sympathiques et amusantes pour retrouver le cadeau du P\u00e8re No\u00ebl. Convient aux enfants de 8 \u00e0 12 ans.  1 PDF 10 pages Les instructions sont incluses\" \/>\n<meta property=\"og:url\" content=\"https:\/\/www.griphos.net\/ch\/product\/chasse-au-cadeau-du-pere-noel-8-12-ans\/\" \/>\n<meta property=\"og:site_name\" content=\"Griphos\" \/>\n<meta property=\"og:image\" content=\"https:\/\/www.griphos.net\/wp-content\/uploads\/2018\/12\/1-fr-chasse-au-tr\u00e9sor-de-no\u00ebl.jpg\" \/>\n\t<meta property=\"og:image:width\" content=\"600\" \/>\n\t<meta property=\"og:image:height\" content=\"848\" \/>\n\t<meta property=\"og:image:type\" content=\"image\/jpeg\" \/>\n<meta name=\"twitter:card\" content=\"summary_large_image\" \/>\n<script type=\"application\/ld+json\" class=\"yoast-schema-graph\">{\"@context\":\"https:\/\/schema.org\",\"@graph\":[{\"@type\":\"WebPage\",\"@id\":\"https:\/\/www.griphos.net\/ch\/product\/chasse-au-cadeau-du-pere-noel-8-12-ans\/\",\"url\":\"https:\/\/www.griphos.net\/ch\/product\/chasse-au-cadeau-du-pere-noel-8-12-ans\/\",\"name\":\"Chasse au cadeau du p\u00e8re no\u00ebl 8-12 ans - Griphos\",\"isPartOf\":{\"@id\":\"https:\/\/www.griphos.net\/ch\/#website\"},\"primaryImageOfPage\":{\"@id\":\"https:\/\/www.griphos.net\/ch\/product\/chasse-au-cadeau-du-pere-noel-8-12-ans\/#primaryimage\"},\"image\":{\"@id\":\"https:\/\/www.griphos.net\/ch\/product\/chasse-au-cadeau-du-pere-noel-8-12-ans\/#primaryimage\"},\"thumbnailUrl\":\"https:\/\/www.griphos.net\/wp-content\/uploads\/2018\/12\/1-fr-chasse-au-tr\u00e9sor-de-no\u00ebl.jpg\",\"datePublished\":\"2018-12-21T05:31:20+00:00\",\"dateModified\":\"2018-12-21T05:31:20+00:00\",\"breadcrumb\":{\"@id\":\"https:\/\/www.griphos.net\/ch\/product\/chasse-au-cadeau-du-pere-noel-8-12-ans\/#breadcrumb\"},\"inLanguage\":\"fr-CH\",\"potentialAction\":[{\"@type\":\"ReadAction\",\"target\":[\"https:\/\/www.griphos.net\/ch\/product\/chasse-au-cadeau-du-pere-noel-8-12-ans\/\"]}]},{\"@type\":\"ImageObject\",\"inLanguage\":\"fr-CH\",\"@id\":\"https:\/\/www.griphos.net\/ch\/product\/chasse-au-cadeau-du-pere-noel-8-12-ans\/#primaryimage\",\"url\":\"https:\/\/www.griphos.net\/wp-content\/uploads\/2018\/12\/1-fr-chasse-au-tr\u00e9sor-de-no\u00ebl.jpg\",\"contentUrl\":\"https:\/\/www.griphos.net\/wp-content\/uploads\/2018\/12\/1-fr-chasse-au-tr\u00e9sor-de-no\u00ebl.jpg\",\"width\":600,\"height\":848},{\"@type\":\"BreadcrumbList\",\"@id\":\"https:\/\/www.griphos.net\/ch\/product\/chasse-au-cadeau-du-pere-noel-8-12-ans\/#breadcrumb\",\"itemListElement\":[{\"@type\":\"ListItem\",\"position\":1,\"name\":\"Home\",\"item\":\"https:\/\/www.griphos.net\/ch\/\"},{\"@type\":\"ListItem\",\"position\":2,\"name\":\"Shop\",\"item\":\"https:\/\/www.griphos.net\/ch\/shop\/\"},{\"@type\":\"ListItem\",\"position\":3,\"name\":\"Chasse au cadeau du p\u00e8re no\u00ebl 8-12 ans\"}]},{\"@type\":\"WebSite\",\"@id\":\"https:\/\/www.griphos.net\/ch\/#website\",\"url\":\"https:\/\/www.griphos.net\/ch\/\",\"name\":\"Griphos\",\"description\":\"The new entertainment\",\"potentialAction\":[{\"@type\":\"SearchAction\",\"target\":{\"@type\":\"EntryPoint\",\"urlTemplate\":\"https:\/\/www.griphos.net\/ch\/?s={search_term_string}\"},\"query-input\":\"required name=search_term_string\"}],\"inLanguage\":\"fr-CH\"}]}<\/script>\n<!-- \/ Yoast SEO Premium plugin. -->","yoast_head_json":{"title":"Chasse au cadeau du p\u00e8re no\u00ebl 8-12 ans - Griphos","robots":{"index":"index","follow":"follow","max-snippet":"max-snippet:-1","max-image-preview":"max-image-preview:large","max-video-preview":"max-video-preview:-1"},"canonical":"https:\/\/www.griphos.net\/ch\/product\/chasse-au-cadeau-du-pere-noel-8-12-ans\/","og_locale":"fr_FR","og_type":"article","og_title":"Chasse au cadeau du p\u00e8re no\u00ebl 8-12 ans","og_description":"Les amis du P\u00e8re No\u00ebl lui ont fait un cadeau, mais ils l'ont cach\u00e9, en organisant pour lui une Chasse au tr\u00e9sor. Il a besoin de l'aide de vos enfants pour trouver son unique cadeau de No\u00ebl. Vos enfants devront r\u00e9soudre des devinettes sympathiques et amusantes pour retrouver le cadeau du P\u00e8re No\u00ebl. Convient aux enfants de 8 \u00e0 12 ans.  1 PDF 10 pages Les instructions sont incluses","og_url":"https:\/\/www.griphos.net\/ch\/product\/chasse-au-cadeau-du-pere-noel-8-12-ans\/","og_site_name":"Griphos","og_image":[{"width":600,"height":848,"url":"https:\/\/www.griphos.net\/wp-content\/uploads\/2018\/12\/1-fr-chasse-au-tr\u00e9sor-de-no\u00ebl.jpg","type":"image\/jpeg"}],"twitter_card":"summary_large_image","schema":{"@context":"https:\/\/schema.org","@graph":[{"@type":"WebPage","@id":"https:\/\/www.griphos.net\/ch\/product\/chasse-au-cadeau-du-pere-noel-8-12-ans\/","url":"https:\/\/www.griphos.net\/ch\/product\/chasse-au-cadeau-du-pere-noel-8-12-ans\/","name":"Chasse au cadeau du p\u00e8re no\u00ebl 8-12 ans - Griphos","isPartOf":{"@id":"https:\/\/www.griphos.net\/ch\/#website"},"primaryImageOfPage":{"@id":"https:\/\/www.griphos.net\/ch\/product\/chasse-au-cadeau-du-pere-noel-8-12-ans\/#primaryimage"},"image":{"@id":"https:\/\/www.griphos.net\/ch\/product\/chasse-au-cadeau-du-pere-noel-8-12-ans\/#primaryimage"},"thumbnailUrl":"https:\/\/www.griphos.net\/wp-content\/uploads\/2018\/12\/1-fr-chasse-au-tr\u00e9sor-de-no\u00ebl.jpg","datePublished":"2018-12-21T05:31:20+00:00","dateModified":"2018-12-21T05:31:20+00:00","breadcrumb":{"@id":"https:\/\/www.griphos.net\/ch\/product\/chasse-au-cadeau-du-pere-noel-8-12-ans\/#breadcrumb"},"inLanguage":"fr-CH","potentialAction":[{"@type":"ReadAction","target":["https:\/\/www.griphos.net\/ch\/product\/chasse-au-cadeau-du-pere-noel-8-12-ans\/"]}]},{"@type":"ImageObject","inLanguage":"fr-CH","@id":"https:\/\/www.griphos.net\/ch\/product\/chasse-au-cadeau-du-pere-noel-8-12-ans\/#primaryimage","url":"https:\/\/www.griphos.net\/wp-content\/uploads\/2018\/12\/1-fr-chasse-au-tr\u00e9sor-de-no\u00ebl.jpg","contentUrl":"https:\/\/www.griphos.net\/wp-content\/uploads\/2018\/12\/1-fr-chasse-au-tr\u00e9sor-de-no\u00ebl.jpg","width":600,"height":848},{"@type":"BreadcrumbList","@id":"https:\/\/www.griphos.net\/ch\/product\/chasse-au-cadeau-du-pere-noel-8-12-ans\/#breadcrumb","itemListElement":[{"@type":"ListItem","position":1,"name":"Home","item":"https:\/\/www.griphos.net\/ch\/"},{"@type":"ListItem","position":2,"name":"Shop","item":"https:\/\/www.griphos.net\/ch\/shop\/"},{"@type":"ListItem","position":3,"name":"Chasse au cadeau du p\u00e8re no\u00ebl 8-12 ans"}]},{"@type":"WebSite","@id":"https:\/\/www.griphos.net\/ch\/#website","url":"https:\/\/www.griphos.net\/ch\/","name":"Griphos","description":"The new entertainment","potentialAction":[{"@type":"SearchAction","target":{"@type":"EntryPoint","urlTemplate":"https:\/\/www.griphos.net\/ch\/?s={search_term_string}"},"query-input":"required name=search_term_string"}],"inLanguage":"fr-CH"}]}},"_links":{"self":[{"href":"https:\/\/www.griphos.net\/ch\/wp-json\/wp\/v2\/product\/13883","targetHints":{"allow":["GET"]}}],"collection":[{"href":"https:\/\/www.griphos.net\/ch\/wp-json\/wp\/v2\/product"}],"about":[{"href":"https:\/\/www.griphos.net\/ch\/wp-json\/wp\/v2\/types\/product"}],"replies":[{"embeddable":true,"href":"https:\/\/www.griphos.net\/ch\/wp-json\/wp\/v2\/comments?post=13883"}],"wp:featuredmedia":[{"embeddable":true,"href":"https:\/\/www.griphos.net\/ch\/wp-json\/wp\/v2\/media\/13784"}],"wp:attachment":[{"href":"https:\/\/www.griphos.net\/ch\/wp-json\/wp\/v2\/media?parent=13883"}],"wp:term":[{"taxonomy":"product_cat","embeddable":true,"href":"https:\/\/www.griphos.net\/ch\/wp-json\/wp\/v2\/product_cat?post=13883"},{"taxonomy":"product_tag","embeddable":true,"href":"https:\/\/www.griphos.net\/ch\/wp-json\/wp\/v2\/product_tag?post=13883"}],"curies":[{"name":"wp","href":"https:\/\/api.w.org\/{rel}","templated":true}]}}