{"id":13356,"date":"2017-08-15T16:33:13","date_gmt":"2017-08-15T15:33:13","guid":{"rendered":"https:\/\/www.griphos.net\/product\/chasse-au-tresor-avec-carte-solution-armoire\/"},"modified":"2021-03-13T19:20:00","modified_gmt":"2021-03-13T18:20:00","slug":"chasse-au-tresor-avec-carte-solution-armoire","status":"publish","type":"product","link":"https:\/\/www.griphos.net\/ch\/product\/chasse-au-tresor-avec-carte-solution-armoire\/","title":{"rendered":"Chasse au tr\u00e9sor avec carte &#8211; solution armoire 11-12 ans"},"content":{"rendered":"<p>Chasse au tr\u00e9sor avec carte &#8211; solution armoire 11-12 ans<\/p>\n","protected":false},"excerpt":{"rendered":"<p>Votre enfant devra r\u00e9soudre les \u00e9nigmes, chercher des indices \u00e0 l&#8217;int\u00e9rieur ou le jardin et reporter les solutions aux points indiqu\u00e9s sur la carte. Les premi\u00e8res lettres de chaque solution forment le mot qui l&#8217;am\u00e8nera \u00e0 la cachette du tr\u00e9sor.<\/p>\n<ul>\n<li>PDF<\/li>\n<li>9 pages<\/li>\n<li>Les instructions sont incluses<\/li>\n<\/ul>\n<p>&nbsp;<\/p>\n","protected":false},"featured_media":13363,"comment_status":"closed","ping_status":"closed","template":"","meta":[],"product_cat":[159],"product_tag":[186],"class_list":{"0":"post-13356","1":"product","2":"type-product","3":"status-publish","4":"has-post-thumbnail","6":"product_cat-chasse-au-tresor-avec-carte-pour-enfants-ch","7":"product_tag-chasse-au-coupable-ch","9":"first","10":"instock","11":"sale","12":"downloadable","13":"virtual","14":"taxable","15":"purchasable","16":"product-type-simple"},"yoast_head":"<!-- This site is optimized with the Yoast SEO Premium plugin v22.5 (Yoast SEO v22.5) - https:\/\/yoast.com\/wordpress\/plugins\/seo\/ -->\n<title>Chasse au tr\u00e9sor avec carte - solution armoire 11-12 ans - Griphos<\/title>\n<meta name=\"robots\" content=\"index, follow, max-snippet:-1, max-image-preview:large, max-video-preview:-1\" \/>\n<link rel=\"canonical\" href=\"https:\/\/www.griphos.net\/ch\/product\/chasse-au-tresor-avec-carte-solution-armoire\/\" \/>\n<meta property=\"og:locale\" content=\"fr_FR\" \/>\n<meta property=\"og:type\" content=\"article\" \/>\n<meta property=\"og:title\" content=\"Chasse au tr\u00e9sor avec carte - solution armoire 11-12 ans\" \/>\n<meta property=\"og:description\" content=\"Votre enfant devra r\u00e9soudre les \u00e9nigmes, chercher des indices \u00e0 l&#039;int\u00e9rieur ou le jardin et reporter les solutions aux points indiqu\u00e9s sur la carte. Les premi\u00e8res lettres de chaque solution forment le mot qui l&#039;am\u00e8nera \u00e0 la cachette du tr\u00e9sor.   PDF  9 pages  Les instructions sont incluses  &nbsp;\" \/>\n<meta property=\"og:url\" content=\"https:\/\/www.griphos.net\/ch\/product\/chasse-au-tresor-avec-carte-solution-armoire\/\" \/>\n<meta property=\"og:site_name\" content=\"Griphos\" \/>\n<meta property=\"article:modified_time\" content=\"2021-03-13T18:20:00+00:00\" \/>\n<meta property=\"og:image\" content=\"https:\/\/www.griphos.net\/wp-content\/uploads\/2017\/08\/1-armoire-carte-fr.jpg\" \/>\n\t<meta property=\"og:image:width\" content=\"849\" \/>\n\t<meta property=\"og:image:height\" content=\"600\" \/>\n\t<meta property=\"og:image:type\" content=\"image\/jpeg\" \/>\n<meta name=\"twitter:card\" content=\"summary_large_image\" \/>\n<script type=\"application\/ld+json\" class=\"yoast-schema-graph\">{\"@context\":\"https:\/\/schema.org\",\"@graph\":[{\"@type\":\"WebPage\",\"@id\":\"https:\/\/www.griphos.net\/ch\/product\/chasse-au-tresor-avec-carte-solution-armoire\/\",\"url\":\"https:\/\/www.griphos.net\/ch\/product\/chasse-au-tresor-avec-carte-solution-armoire\/\",\"name\":\"Chasse au tr\u00e9sor avec carte - solution armoire 11-12 ans - Griphos\",\"isPartOf\":{\"@id\":\"https:\/\/www.griphos.net\/ch\/#website\"},\"primaryImageOfPage\":{\"@id\":\"https:\/\/www.griphos.net\/ch\/product\/chasse-au-tresor-avec-carte-solution-armoire\/#primaryimage\"},\"image\":{\"@id\":\"https:\/\/www.griphos.net\/ch\/product\/chasse-au-tresor-avec-carte-solution-armoire\/#primaryimage\"},\"thumbnailUrl\":\"https:\/\/www.griphos.net\/wp-content\/uploads\/2017\/08\/1-armoire-carte-fr.jpg\",\"datePublished\":\"2017-08-15T15:33:13+00:00\",\"dateModified\":\"2021-03-13T18:20:00+00:00\",\"breadcrumb\":{\"@id\":\"https:\/\/www.griphos.net\/ch\/product\/chasse-au-tresor-avec-carte-solution-armoire\/#breadcrumb\"},\"inLanguage\":\"fr-CH\",\"potentialAction\":[{\"@type\":\"ReadAction\",\"target\":[\"https:\/\/www.griphos.net\/ch\/product\/chasse-au-tresor-avec-carte-solution-armoire\/\"]}]},{\"@type\":\"ImageObject\",\"inLanguage\":\"fr-CH\",\"@id\":\"https:\/\/www.griphos.net\/ch\/product\/chasse-au-tresor-avec-carte-solution-armoire\/#primaryimage\",\"url\":\"https:\/\/www.griphos.net\/wp-content\/uploads\/2017\/08\/1-armoire-carte-fr.jpg\",\"contentUrl\":\"https:\/\/www.griphos.net\/wp-content\/uploads\/2017\/08\/1-armoire-carte-fr.jpg\",\"width\":849,\"height\":600},{\"@type\":\"BreadcrumbList\",\"@id\":\"https:\/\/www.griphos.net\/ch\/product\/chasse-au-tresor-avec-carte-solution-armoire\/#breadcrumb\",\"itemListElement\":[{\"@type\":\"ListItem\",\"position\":1,\"name\":\"Home\",\"item\":\"https:\/\/www.griphos.net\/ch\/\"},{\"@type\":\"ListItem\",\"position\":2,\"name\":\"Shop\",\"item\":\"https:\/\/www.griphos.net\/ch\/shop\/\"},{\"@type\":\"ListItem\",\"position\":3,\"name\":\"Chasse au tr\u00e9sor avec carte &#8211; solution armoire 11-12 ans\"}]},{\"@type\":\"WebSite\",\"@id\":\"https:\/\/www.griphos.net\/ch\/#website\",\"url\":\"https:\/\/www.griphos.net\/ch\/\",\"name\":\"Griphos\",\"description\":\"The new entertainment\",\"potentialAction\":[{\"@type\":\"SearchAction\",\"target\":{\"@type\":\"EntryPoint\",\"urlTemplate\":\"https:\/\/www.griphos.net\/ch\/?s={search_term_string}\"},\"query-input\":\"required name=search_term_string\"}],\"inLanguage\":\"fr-CH\"}]}<\/script>\n<!-- \/ Yoast SEO Premium plugin. -->","yoast_head_json":{"title":"Chasse au tr\u00e9sor avec carte - solution armoire 11-12 ans - Griphos","robots":{"index":"index","follow":"follow","max-snippet":"max-snippet:-1","max-image-preview":"max-image-preview:large","max-video-preview":"max-video-preview:-1"},"canonical":"https:\/\/www.griphos.net\/ch\/product\/chasse-au-tresor-avec-carte-solution-armoire\/","og_locale":"fr_FR","og_type":"article","og_title":"Chasse au tr\u00e9sor avec carte - solution armoire 11-12 ans","og_description":"Votre enfant devra r\u00e9soudre les \u00e9nigmes, chercher des indices \u00e0 l'int\u00e9rieur ou le jardin et reporter les solutions aux points indiqu\u00e9s sur la carte. Les premi\u00e8res lettres de chaque solution forment le mot qui l'am\u00e8nera \u00e0 la cachette du tr\u00e9sor.   PDF  9 pages  Les instructions sont incluses  &nbsp;","og_url":"https:\/\/www.griphos.net\/ch\/product\/chasse-au-tresor-avec-carte-solution-armoire\/","og_site_name":"Griphos","article_modified_time":"2021-03-13T18:20:00+00:00","og_image":[{"width":849,"height":600,"url":"https:\/\/www.griphos.net\/wp-content\/uploads\/2017\/08\/1-armoire-carte-fr.jpg","type":"image\/jpeg"}],"twitter_card":"summary_large_image","schema":{"@context":"https:\/\/schema.org","@graph":[{"@type":"WebPage","@id":"https:\/\/www.griphos.net\/ch\/product\/chasse-au-tresor-avec-carte-solution-armoire\/","url":"https:\/\/www.griphos.net\/ch\/product\/chasse-au-tresor-avec-carte-solution-armoire\/","name":"Chasse au tr\u00e9sor avec carte - solution armoire 11-12 ans - Griphos","isPartOf":{"@id":"https:\/\/www.griphos.net\/ch\/#website"},"primaryImageOfPage":{"@id":"https:\/\/www.griphos.net\/ch\/product\/chasse-au-tresor-avec-carte-solution-armoire\/#primaryimage"},"image":{"@id":"https:\/\/www.griphos.net\/ch\/product\/chasse-au-tresor-avec-carte-solution-armoire\/#primaryimage"},"thumbnailUrl":"https:\/\/www.griphos.net\/wp-content\/uploads\/2017\/08\/1-armoire-carte-fr.jpg","datePublished":"2017-08-15T15:33:13+00:00","dateModified":"2021-03-13T18:20:00+00:00","breadcrumb":{"@id":"https:\/\/www.griphos.net\/ch\/product\/chasse-au-tresor-avec-carte-solution-armoire\/#breadcrumb"},"inLanguage":"fr-CH","potentialAction":[{"@type":"ReadAction","target":["https:\/\/www.griphos.net\/ch\/product\/chasse-au-tresor-avec-carte-solution-armoire\/"]}]},{"@type":"ImageObject","inLanguage":"fr-CH","@id":"https:\/\/www.griphos.net\/ch\/product\/chasse-au-tresor-avec-carte-solution-armoire\/#primaryimage","url":"https:\/\/www.griphos.net\/wp-content\/uploads\/2017\/08\/1-armoire-carte-fr.jpg","contentUrl":"https:\/\/www.griphos.net\/wp-content\/uploads\/2017\/08\/1-armoire-carte-fr.jpg","width":849,"height":600},{"@type":"BreadcrumbList","@id":"https:\/\/www.griphos.net\/ch\/product\/chasse-au-tresor-avec-carte-solution-armoire\/#breadcrumb","itemListElement":[{"@type":"ListItem","position":1,"name":"Home","item":"https:\/\/www.griphos.net\/ch\/"},{"@type":"ListItem","position":2,"name":"Shop","item":"https:\/\/www.griphos.net\/ch\/shop\/"},{"@type":"ListItem","position":3,"name":"Chasse au tr\u00e9sor avec carte &#8211; solution armoire 11-12 ans"}]},{"@type":"WebSite","@id":"https:\/\/www.griphos.net\/ch\/#website","url":"https:\/\/www.griphos.net\/ch\/","name":"Griphos","description":"The new entertainment","potentialAction":[{"@type":"SearchAction","target":{"@type":"EntryPoint","urlTemplate":"https:\/\/www.griphos.net\/ch\/?s={search_term_string}"},"query-input":"required name=search_term_string"}],"inLanguage":"fr-CH"}]}},"_links":{"self":[{"href":"https:\/\/www.griphos.net\/ch\/wp-json\/wp\/v2\/product\/13356","targetHints":{"allow":["GET"]}}],"collection":[{"href":"https:\/\/www.griphos.net\/ch\/wp-json\/wp\/v2\/product"}],"about":[{"href":"https:\/\/www.griphos.net\/ch\/wp-json\/wp\/v2\/types\/product"}],"replies":[{"embeddable":true,"href":"https:\/\/www.griphos.net\/ch\/wp-json\/wp\/v2\/comments?post=13356"}],"wp:featuredmedia":[{"embeddable":true,"href":"https:\/\/www.griphos.net\/ch\/wp-json\/wp\/v2\/media\/13363"}],"wp:attachment":[{"href":"https:\/\/www.griphos.net\/ch\/wp-json\/wp\/v2\/media?parent=13356"}],"wp:term":[{"taxonomy":"product_cat","embeddable":true,"href":"https:\/\/www.griphos.net\/ch\/wp-json\/wp\/v2\/product_cat?post=13356"},{"taxonomy":"product_tag","embeddable":true,"href":"https:\/\/www.griphos.net\/ch\/wp-json\/wp\/v2\/product_tag?post=13356"}],"curies":[{"name":"wp","href":"https:\/\/api.w.org\/{rel}","templated":true}]}}