{"id":8636,"date":"2018-08-14T11:16:37","date_gmt":"2018-08-14T10:16:37","guid":{"rendered":"https:\/\/www.griphos.net\/page-de-paiement\/"},"modified":"2018-08-14T11:16:37","modified_gmt":"2018-08-14T10:16:37","slug":"page-de-paiement","status":"publish","type":"page","link":"https:\/\/www.griphos.net\/ch\/page-de-paiement\/","title":{"rendered":"Page de paiement"},"content":{"rendered":"<p>La facture vous sera envoy\u00e9e par e-mail et le montant sera factur\u00e9 selon les accords avec votre banque.<\/p>\n<p>Les liens vers les produits virtuels t\u00e9l\u00e9chargeables seront actifs dans votre compte e-mail pendant 3 jours.<\/p>\n<p>SI VOUS AVEZ DES PROBL\u00c8MES POUR T\u00c9L\u00c9CHARGER DES PRODUITS, CONTACTEZ-MOI.<\/p>\n<p>&nbsp;<\/p>\n<p>REMARQUE : Pour visualiser les produits sur Ipad et Iphone, vous devez avoir install\u00e9 sur votre appareil le programme IZip Free et un \u00e9quivalent pour toutes les autres tablettes et smartphones (t\u00e9l\u00e9chargeable gratuitement \u00e0 partir de votre magasin d&#8217;applications).<\/p>\n<div class=\"woocommerce\"><\/div>\n<p>Attention : Veuillez noter que ce site Web est destin\u00e9 \u00e0 un usage personnel et non commercial de la part de l&#8217;utilisateur. Vous ne pouvez pas t\u00e9l\u00e9charger, copier, reproduire, modifier, distribuer, publier, transmettre, transf\u00e9rer, vendre, conc\u00e9der sous licence, afficher, ex\u00e9cuter ou adapter les informations, produits ou services obtenus \u00e0 partir de ce site Web. Vous \u00eates autoris\u00e9 \u00e0 t\u00e9l\u00e9charger et \u00e0 copier des informations pour votre usage personnel uniquement, \u00e0 condition que les droits d&#8217;auteur et autres restrictions d&#8217;utilisation soient respect\u00e9s.<\/p>\n","protected":false},"excerpt":{"rendered":"<p>La facture vous sera envoy\u00e9e par e-mail et le montant sera factur\u00e9 selon les accords avec votre banque. Les liens vers les produits virtuels t\u00e9l\u00e9chargeables seront actifs dans votre compte e-mail pendant 3 jours. SI VOUS AVEZ DES PROBL\u00c8MES POUR T\u00c9L\u00c9CHARGER DES PRODUITS, CONTACTEZ-MOI. &nbsp; REMARQUE : Pour visualiser les&#8230;<\/p>\n","protected":false},"author":1,"featured_media":0,"parent":0,"menu_order":0,"comment_status":"closed","ping_status":"closed","template":"","meta":{"footnotes":""},"class_list":["post-8636","page","type-page","status-publish","hentry"],"yoast_head":"<!-- This site is optimized with the Yoast SEO Premium plugin v22.5 (Yoast SEO v22.5) - https:\/\/yoast.com\/wordpress\/plugins\/seo\/ -->\n<title>Page de paiement - Griphos<\/title>\n<meta name=\"robots\" content=\"index, follow, max-snippet:-1, max-image-preview:large, max-video-preview:-1\" \/>\n<link rel=\"canonical\" href=\"https:\/\/www.griphos.net\/ch\/page-de-paiement\/\" \/>\n<meta property=\"og:locale\" content=\"fr_FR\" \/>\n<meta property=\"og:type\" content=\"article\" \/>\n<meta property=\"og:title\" content=\"Page de paiement\" \/>\n<meta property=\"og:description\" content=\"La facture vous sera envoy\u00e9e par e-mail et le montant sera factur\u00e9 selon les accords avec votre banque. Les liens vers les produits virtuels t\u00e9l\u00e9chargeables seront actifs dans votre compte e-mail pendant 3 jours. SI VOUS AVEZ DES PROBL\u00c8MES POUR T\u00c9L\u00c9CHARGER DES PRODUITS, CONTACTEZ-MOI. &nbsp; REMARQUE : Pour visualiser les...\" \/>\n<meta property=\"og:url\" content=\"https:\/\/www.griphos.net\/ch\/page-de-paiement\/\" \/>\n<meta property=\"og:site_name\" content=\"Griphos\" \/>\n<meta name=\"twitter:card\" content=\"summary_large_image\" \/>\n<meta name=\"twitter:label1\" content=\"Est. reading time\" \/>\n\t<meta name=\"twitter:data1\" content=\"1 minute\" \/>\n<script type=\"application\/ld+json\" class=\"yoast-schema-graph\">{\"@context\":\"https:\/\/schema.org\",\"@graph\":[{\"@type\":\"WebPage\",\"@id\":\"https:\/\/www.griphos.net\/ch\/page-de-paiement\/\",\"url\":\"https:\/\/www.griphos.net\/ch\/page-de-paiement\/\",\"name\":\"Page de paiement - Griphos\",\"isPartOf\":{\"@id\":\"https:\/\/www.griphos.net\/ch\/#website\"},\"datePublished\":\"2018-08-14T10:16:37+00:00\",\"dateModified\":\"2018-08-14T10:16:37+00:00\",\"breadcrumb\":{\"@id\":\"https:\/\/www.griphos.net\/ch\/page-de-paiement\/#breadcrumb\"},\"inLanguage\":\"fr-CH\",\"potentialAction\":[{\"@type\":\"ReadAction\",\"target\":[\"https:\/\/www.griphos.net\/ch\/page-de-paiement\/\"]}]},{\"@type\":\"BreadcrumbList\",\"@id\":\"https:\/\/www.griphos.net\/ch\/page-de-paiement\/#breadcrumb\",\"itemListElement\":[{\"@type\":\"ListItem\",\"position\":1,\"name\":\"Home\",\"item\":\"https:\/\/www.griphos.net\/ch\/\"},{\"@type\":\"ListItem\",\"position\":2,\"name\":\"Page de paiement\"}]},{\"@type\":\"WebSite\",\"@id\":\"https:\/\/www.griphos.net\/ch\/#website\",\"url\":\"https:\/\/www.griphos.net\/ch\/\",\"name\":\"Griphos\",\"description\":\"The new entertainment\",\"potentialAction\":[{\"@type\":\"SearchAction\",\"target\":{\"@type\":\"EntryPoint\",\"urlTemplate\":\"https:\/\/www.griphos.net\/ch\/?s={search_term_string}\"},\"query-input\":\"required name=search_term_string\"}],\"inLanguage\":\"fr-CH\"}]}<\/script>\n<!-- \/ Yoast SEO Premium plugin. -->","yoast_head_json":{"title":"Page de paiement - Griphos","robots":{"index":"index","follow":"follow","max-snippet":"max-snippet:-1","max-image-preview":"max-image-preview:large","max-video-preview":"max-video-preview:-1"},"canonical":"https:\/\/www.griphos.net\/ch\/page-de-paiement\/","og_locale":"fr_FR","og_type":"article","og_title":"Page de paiement","og_description":"La facture vous sera envoy\u00e9e par e-mail et le montant sera factur\u00e9 selon les accords avec votre banque. Les liens vers les produits virtuels t\u00e9l\u00e9chargeables seront actifs dans votre compte e-mail pendant 3 jours. SI VOUS AVEZ DES PROBL\u00c8MES POUR T\u00c9L\u00c9CHARGER DES PRODUITS, CONTACTEZ-MOI. &nbsp; REMARQUE : Pour visualiser les...","og_url":"https:\/\/www.griphos.net\/ch\/page-de-paiement\/","og_site_name":"Griphos","twitter_card":"summary_large_image","twitter_misc":{"Est. reading time":"1 minute"},"schema":{"@context":"https:\/\/schema.org","@graph":[{"@type":"WebPage","@id":"https:\/\/www.griphos.net\/ch\/page-de-paiement\/","url":"https:\/\/www.griphos.net\/ch\/page-de-paiement\/","name":"Page de paiement - Griphos","isPartOf":{"@id":"https:\/\/www.griphos.net\/ch\/#website"},"datePublished":"2018-08-14T10:16:37+00:00","dateModified":"2018-08-14T10:16:37+00:00","breadcrumb":{"@id":"https:\/\/www.griphos.net\/ch\/page-de-paiement\/#breadcrumb"},"inLanguage":"fr-CH","potentialAction":[{"@type":"ReadAction","target":["https:\/\/www.griphos.net\/ch\/page-de-paiement\/"]}]},{"@type":"BreadcrumbList","@id":"https:\/\/www.griphos.net\/ch\/page-de-paiement\/#breadcrumb","itemListElement":[{"@type":"ListItem","position":1,"name":"Home","item":"https:\/\/www.griphos.net\/ch\/"},{"@type":"ListItem","position":2,"name":"Page de paiement"}]},{"@type":"WebSite","@id":"https:\/\/www.griphos.net\/ch\/#website","url":"https:\/\/www.griphos.net\/ch\/","name":"Griphos","description":"The new entertainment","potentialAction":[{"@type":"SearchAction","target":{"@type":"EntryPoint","urlTemplate":"https:\/\/www.griphos.net\/ch\/?s={search_term_string}"},"query-input":"required name=search_term_string"}],"inLanguage":"fr-CH"}]}},"_links":{"self":[{"href":"https:\/\/www.griphos.net\/ch\/wp-json\/wp\/v2\/pages\/8636","targetHints":{"allow":["GET"]}}],"collection":[{"href":"https:\/\/www.griphos.net\/ch\/wp-json\/wp\/v2\/pages"}],"about":[{"href":"https:\/\/www.griphos.net\/ch\/wp-json\/wp\/v2\/types\/page"}],"author":[{"embeddable":true,"href":"https:\/\/www.griphos.net\/ch\/wp-json\/wp\/v2\/users\/1"}],"replies":[{"embeddable":true,"href":"https:\/\/www.griphos.net\/ch\/wp-json\/wp\/v2\/comments?post=8636"}],"version-history":[{"count":0,"href":"https:\/\/www.griphos.net\/ch\/wp-json\/wp\/v2\/pages\/8636\/revisions"}],"wp:attachment":[{"href":"https:\/\/www.griphos.net\/ch\/wp-json\/wp\/v2\/media?parent=8636"}],"curies":[{"name":"wp","href":"https:\/\/api.w.org\/{rel}","templated":true}]}}