{"id":19055,"date":"2020-09-12T14:39:41","date_gmt":"2020-09-12T13:39:41","guid":{"rendered":"https:\/\/www.griphos.net\/product\/chasse-au-tresor-halloween-chasse-aux-sorcieres-5-7-ans\/"},"modified":"2020-09-12T14:39:41","modified_gmt":"2020-09-12T13:39:41","slug":"chasse-au-tresor-halloween-chasse-aux-sorcieres-5-7-ans","status":"publish","type":"product","link":"https:\/\/www.griphos.net\/be\/product\/chasse-au-tresor-halloween-chasse-aux-sorcieres-5-7-ans\/","title":{"rendered":"Chasse au tr\u00e9sor halloween &#8211; chasse aux sorci\u00e8res 5-7 ans"},"content":{"rendered":"<p>Chasse au tr\u00e9sor halloween &#8211; chasse aux sorci\u00e8res 5-7 ans<\/p>\n","protected":false},"excerpt":{"rendered":"<p>Version pour enfants 5-7 ans. pars \u00e0 la chasse aux sorci\u00e8res elphaba et mal\u00e9fique. R\u00e9cup\u00e8re le tr\u00e9sor qu\u2019elles ont cach\u00e9 en lui jetant un sort. Cherche les indices et r\u00e9sous les \u00e9nigmes pour le trouver.<\/p>\n<ul>\n<li>PDF<\/li>\n<li>16 pages<\/li>\n<li>Les instructions sont incluses<\/li>\n<\/ul>\n","protected":false},"featured_media":17021,"comment_status":"closed","ping_status":"closed","template":"","meta":[],"product_cat":[226],"product_tag":[],"class_list":{"0":"post-19055","1":"product","2":"type-product","3":"status-publish","4":"has-post-thumbnail","6":"product_cat-chasse-au-tresor-halloween","8":"first","9":"instock","10":"sale","11":"downloadable","12":"virtual","13":"taxable","14":"purchasable","15":"product-type-simple"},"yoast_head":"<!-- This site is optimized with the Yoast SEO Premium plugin v22.5 (Yoast SEO v22.5) - https:\/\/yoast.com\/wordpress\/plugins\/seo\/ -->\n<title>Chasse au tr\u00e9sor halloween - chasse aux sorci\u00e8res 5-7 ans - Griphos<\/title>\n<meta name=\"robots\" content=\"index, follow, max-snippet:-1, max-image-preview:large, max-video-preview:-1\" \/>\n<link rel=\"canonical\" href=\"https:\/\/www.griphos.net\/be\/product\/chasse-au-tresor-halloween-chasse-aux-sorcieres-5-7-ans\/\" \/>\n<meta property=\"og:locale\" content=\"fr_FR\" \/>\n<meta property=\"og:type\" content=\"article\" \/>\n<meta property=\"og:title\" content=\"Chasse au tr\u00e9sor halloween - chasse aux sorci\u00e8res 5-7 ans\" \/>\n<meta property=\"og:description\" content=\"Version pour enfants 5-7 ans. pars \u00e0 la chasse aux sorci\u00e8res elphaba et mal\u00e9fique. R\u00e9cup\u00e8re le tr\u00e9sor qu\u2019elles ont cach\u00e9 en lui jetant un sort. Cherche les indices et r\u00e9sous les \u00e9nigmes pour le trouver.   PDF  16 pages  Les instructions sont incluses\" \/>\n<meta property=\"og:url\" content=\"https:\/\/www.griphos.net\/be\/product\/chasse-au-tresor-halloween-chasse-aux-sorcieres-5-7-ans\/\" \/>\n<meta property=\"og:site_name\" content=\"Griphos\" \/>\n<meta property=\"og:image\" content=\"https:\/\/www.griphos.net\/wp-content\/uploads\/2021\/03\/1-Chasse-au-tresor-halloween-chasse-aux-sorcieres-5-7-ans.jpg\" \/>\n\t<meta property=\"og:image:width\" content=\"500\" \/>\n\t<meta property=\"og:image:height\" content=\"707\" \/>\n\t<meta property=\"og:image:type\" content=\"image\/jpeg\" \/>\n<meta name=\"twitter:card\" content=\"summary_large_image\" \/>\n<script type=\"application\/ld+json\" class=\"yoast-schema-graph\">{\"@context\":\"https:\/\/schema.org\",\"@graph\":[{\"@type\":\"WebPage\",\"@id\":\"https:\/\/www.griphos.net\/be\/product\/chasse-au-tresor-halloween-chasse-aux-sorcieres-5-7-ans\/\",\"url\":\"https:\/\/www.griphos.net\/be\/product\/chasse-au-tresor-halloween-chasse-aux-sorcieres-5-7-ans\/\",\"name\":\"Chasse au tr\u00e9sor halloween - chasse aux sorci\u00e8res 5-7 ans - Griphos\",\"isPartOf\":{\"@id\":\"https:\/\/www.griphos.net\/be\/#website\"},\"primaryImageOfPage\":{\"@id\":\"https:\/\/www.griphos.net\/be\/product\/chasse-au-tresor-halloween-chasse-aux-sorcieres-5-7-ans\/#primaryimage\"},\"image\":{\"@id\":\"https:\/\/www.griphos.net\/be\/product\/chasse-au-tresor-halloween-chasse-aux-sorcieres-5-7-ans\/#primaryimage\"},\"thumbnailUrl\":\"https:\/\/www.griphos.net\/wp-content\/uploads\/2021\/03\/1-Chasse-au-tresor-halloween-chasse-aux-sorcieres-5-7-ans.jpg\",\"datePublished\":\"2020-09-12T13:39:41+00:00\",\"dateModified\":\"2020-09-12T13:39:41+00:00\",\"breadcrumb\":{\"@id\":\"https:\/\/www.griphos.net\/be\/product\/chasse-au-tresor-halloween-chasse-aux-sorcieres-5-7-ans\/#breadcrumb\"},\"inLanguage\":\"fr-BE\",\"potentialAction\":[{\"@type\":\"ReadAction\",\"target\":[\"https:\/\/www.griphos.net\/be\/product\/chasse-au-tresor-halloween-chasse-aux-sorcieres-5-7-ans\/\"]}]},{\"@type\":\"ImageObject\",\"inLanguage\":\"fr-BE\",\"@id\":\"https:\/\/www.griphos.net\/be\/product\/chasse-au-tresor-halloween-chasse-aux-sorcieres-5-7-ans\/#primaryimage\",\"url\":\"https:\/\/www.griphos.net\/wp-content\/uploads\/2021\/03\/1-Chasse-au-tresor-halloween-chasse-aux-sorcieres-5-7-ans.jpg\",\"contentUrl\":\"https:\/\/www.griphos.net\/wp-content\/uploads\/2021\/03\/1-Chasse-au-tresor-halloween-chasse-aux-sorcieres-5-7-ans.jpg\",\"width\":500,\"height\":707},{\"@type\":\"BreadcrumbList\",\"@id\":\"https:\/\/www.griphos.net\/be\/product\/chasse-au-tresor-halloween-chasse-aux-sorcieres-5-7-ans\/#breadcrumb\",\"itemListElement\":[{\"@type\":\"ListItem\",\"position\":1,\"name\":\"Home\",\"item\":\"https:\/\/www.griphos.net\/be\/\"},{\"@type\":\"ListItem\",\"position\":2,\"name\":\"Shop\",\"item\":\"https:\/\/www.griphos.net\/be\/shop\/\"},{\"@type\":\"ListItem\",\"position\":3,\"name\":\"Chasse au tr\u00e9sor halloween &#8211; chasse aux sorci\u00e8res 5-7 ans\"}]},{\"@type\":\"WebSite\",\"@id\":\"https:\/\/www.griphos.net\/be\/#website\",\"url\":\"https:\/\/www.griphos.net\/be\/\",\"name\":\"Griphos\",\"description\":\"The new entertainment\",\"potentialAction\":[{\"@type\":\"SearchAction\",\"target\":{\"@type\":\"EntryPoint\",\"urlTemplate\":\"https:\/\/www.griphos.net\/be\/?s={search_term_string}\"},\"query-input\":\"required name=search_term_string\"}],\"inLanguage\":\"fr-BE\"}]}<\/script>\n<!-- \/ Yoast SEO Premium plugin. -->","yoast_head_json":{"title":"Chasse au tr\u00e9sor halloween - chasse aux sorci\u00e8res 5-7 ans - Griphos","robots":{"index":"index","follow":"follow","max-snippet":"max-snippet:-1","max-image-preview":"max-image-preview:large","max-video-preview":"max-video-preview:-1"},"canonical":"https:\/\/www.griphos.net\/be\/product\/chasse-au-tresor-halloween-chasse-aux-sorcieres-5-7-ans\/","og_locale":"fr_FR","og_type":"article","og_title":"Chasse au tr\u00e9sor halloween - chasse aux sorci\u00e8res 5-7 ans","og_description":"Version pour enfants 5-7 ans. pars \u00e0 la chasse aux sorci\u00e8res elphaba et mal\u00e9fique. R\u00e9cup\u00e8re le tr\u00e9sor qu\u2019elles ont cach\u00e9 en lui jetant un sort. Cherche les indices et r\u00e9sous les \u00e9nigmes pour le trouver.   PDF  16 pages  Les instructions sont incluses","og_url":"https:\/\/www.griphos.net\/be\/product\/chasse-au-tresor-halloween-chasse-aux-sorcieres-5-7-ans\/","og_site_name":"Griphos","og_image":[{"width":500,"height":707,"url":"https:\/\/www.griphos.net\/wp-content\/uploads\/2021\/03\/1-Chasse-au-tresor-halloween-chasse-aux-sorcieres-5-7-ans.jpg","type":"image\/jpeg"}],"twitter_card":"summary_large_image","schema":{"@context":"https:\/\/schema.org","@graph":[{"@type":"WebPage","@id":"https:\/\/www.griphos.net\/be\/product\/chasse-au-tresor-halloween-chasse-aux-sorcieres-5-7-ans\/","url":"https:\/\/www.griphos.net\/be\/product\/chasse-au-tresor-halloween-chasse-aux-sorcieres-5-7-ans\/","name":"Chasse au tr\u00e9sor halloween - chasse aux sorci\u00e8res 5-7 ans - Griphos","isPartOf":{"@id":"https:\/\/www.griphos.net\/be\/#website"},"primaryImageOfPage":{"@id":"https:\/\/www.griphos.net\/be\/product\/chasse-au-tresor-halloween-chasse-aux-sorcieres-5-7-ans\/#primaryimage"},"image":{"@id":"https:\/\/www.griphos.net\/be\/product\/chasse-au-tresor-halloween-chasse-aux-sorcieres-5-7-ans\/#primaryimage"},"thumbnailUrl":"https:\/\/www.griphos.net\/wp-content\/uploads\/2021\/03\/1-Chasse-au-tresor-halloween-chasse-aux-sorcieres-5-7-ans.jpg","datePublished":"2020-09-12T13:39:41+00:00","dateModified":"2020-09-12T13:39:41+00:00","breadcrumb":{"@id":"https:\/\/www.griphos.net\/be\/product\/chasse-au-tresor-halloween-chasse-aux-sorcieres-5-7-ans\/#breadcrumb"},"inLanguage":"fr-BE","potentialAction":[{"@type":"ReadAction","target":["https:\/\/www.griphos.net\/be\/product\/chasse-au-tresor-halloween-chasse-aux-sorcieres-5-7-ans\/"]}]},{"@type":"ImageObject","inLanguage":"fr-BE","@id":"https:\/\/www.griphos.net\/be\/product\/chasse-au-tresor-halloween-chasse-aux-sorcieres-5-7-ans\/#primaryimage","url":"https:\/\/www.griphos.net\/wp-content\/uploads\/2021\/03\/1-Chasse-au-tresor-halloween-chasse-aux-sorcieres-5-7-ans.jpg","contentUrl":"https:\/\/www.griphos.net\/wp-content\/uploads\/2021\/03\/1-Chasse-au-tresor-halloween-chasse-aux-sorcieres-5-7-ans.jpg","width":500,"height":707},{"@type":"BreadcrumbList","@id":"https:\/\/www.griphos.net\/be\/product\/chasse-au-tresor-halloween-chasse-aux-sorcieres-5-7-ans\/#breadcrumb","itemListElement":[{"@type":"ListItem","position":1,"name":"Home","item":"https:\/\/www.griphos.net\/be\/"},{"@type":"ListItem","position":2,"name":"Shop","item":"https:\/\/www.griphos.net\/be\/shop\/"},{"@type":"ListItem","position":3,"name":"Chasse au tr\u00e9sor halloween &#8211; chasse aux sorci\u00e8res 5-7 ans"}]},{"@type":"WebSite","@id":"https:\/\/www.griphos.net\/be\/#website","url":"https:\/\/www.griphos.net\/be\/","name":"Griphos","description":"The new entertainment","potentialAction":[{"@type":"SearchAction","target":{"@type":"EntryPoint","urlTemplate":"https:\/\/www.griphos.net\/be\/?s={search_term_string}"},"query-input":"required name=search_term_string"}],"inLanguage":"fr-BE"}]}},"_links":{"self":[{"href":"https:\/\/www.griphos.net\/be\/wp-json\/wp\/v2\/product\/19055","targetHints":{"allow":["GET"]}}],"collection":[{"href":"https:\/\/www.griphos.net\/be\/wp-json\/wp\/v2\/product"}],"about":[{"href":"https:\/\/www.griphos.net\/be\/wp-json\/wp\/v2\/types\/product"}],"replies":[{"embeddable":true,"href":"https:\/\/www.griphos.net\/be\/wp-json\/wp\/v2\/comments?post=19055"}],"wp:featuredmedia":[{"embeddable":true,"href":"https:\/\/www.griphos.net\/be\/wp-json\/wp\/v2\/media\/17021"}],"wp:attachment":[{"href":"https:\/\/www.griphos.net\/be\/wp-json\/wp\/v2\/media?parent=19055"}],"wp:term":[{"taxonomy":"product_cat","embeddable":true,"href":"https:\/\/www.griphos.net\/be\/wp-json\/wp\/v2\/product_cat?post=19055"},{"taxonomy":"product_tag","embeddable":true,"href":"https:\/\/www.griphos.net\/be\/wp-json\/wp\/v2\/product_tag?post=19055"}],"curies":[{"name":"wp","href":"https:\/\/api.w.org\/{rel}","templated":true}]}}