{"id":14059,"date":"2019-02-16T11:49:43","date_gmt":"2019-02-16T10:49:44","guid":{"rendered":"https:\/\/www.griphos.net\/?post_type=product&#038;p=14059"},"modified":"2021-03-14T10:47:53","modified_gmt":"2021-03-14T09:47:53","slug":"chasse-au-tresor-avec-carte-solution-armoire-5-7-ans","status":"publish","type":"product","link":"https:\/\/www.griphos.net\/be\/product\/chasse-au-tresor-avec-carte-solution-armoire-5-7-ans\/","title":{"rendered":"Chasse au tr\u00e9sor avec carte \u2013 solution armoire 5-7 ans"},"content":{"rendered":"<p>Chasse au tr\u00e9sor avec carte \u2013 solution armoire 5-7 ans<\/p>\n","protected":false},"excerpt":{"rendered":"<p>Votre enfant devra r\u00e9soudre les \u00e9nigmes, chercher des indices \u00e0 l&#8217;int\u00e9rieur ou le jardin et reporter les solutions aux points indiqu\u00e9s sur la carte. Les premi\u00e8res lettres de chaque solution forment le mot qui l&#8217;am\u00e8nera \u00e0 la cachette du tr\u00e9sor.<\/p>\n<ul>\n<li>PDF<\/li>\n<li>14 pages<\/li>\n<li>Les instructions sont incluses<\/li>\n<\/ul>\n<p>&nbsp;<\/p>\n","protected":false},"featured_media":14064,"comment_status":"closed","ping_status":"closed","template":"","meta":[],"product_cat":[158],"product_tag":[185],"class_list":{"0":"post-14059","1":"product","2":"type-product","3":"status-publish","4":"has-post-thumbnail","6":"product_cat-chasse-au-tresor-avec-carte-pour-enfants-be","7":"product_tag-chasse-au-coupable-be","9":"first","10":"instock","11":"sale","12":"downloadable","13":"virtual","14":"taxable","15":"purchasable","16":"product-type-simple"},"yoast_head":"<!-- This site is optimized with the Yoast SEO Premium plugin v22.5 (Yoast SEO v22.5) - https:\/\/yoast.com\/wordpress\/plugins\/seo\/ -->\n<title>Chasse au tr\u00e9sor avec carte \u2013 solution armoire 5-7 ans - Griphos<\/title>\n<meta name=\"robots\" content=\"index, follow, max-snippet:-1, max-image-preview:large, max-video-preview:-1\" \/>\n<link rel=\"canonical\" href=\"https:\/\/www.griphos.net\/be\/product\/chasse-au-tresor-avec-carte-solution-armoire-5-7-ans\/\" \/>\n<meta property=\"og:locale\" content=\"fr_FR\" \/>\n<meta property=\"og:type\" content=\"article\" \/>\n<meta property=\"og:title\" content=\"Chasse au tr\u00e9sor avec carte \u2013 solution armoire 5-7 ans\" \/>\n<meta property=\"og:description\" content=\"Votre enfant devra r\u00e9soudre les \u00e9nigmes, chercher des indices \u00e0 l&#039;int\u00e9rieur ou le jardin et reporter les solutions aux points indiqu\u00e9s sur la carte. Les premi\u00e8res lettres de chaque solution forment le mot qui l&#039;am\u00e8nera \u00e0 la cachette du tr\u00e9sor.   PDF  14 pages  Les instructions sont incluses  &nbsp;\" \/>\n<meta property=\"og:url\" content=\"https:\/\/www.griphos.net\/be\/product\/chasse-au-tresor-avec-carte-solution-armoire-5-7-ans\/\" \/>\n<meta property=\"og:site_name\" content=\"Griphos\" \/>\n<meta property=\"article:modified_time\" content=\"2021-03-14T09:47:53+00:00\" \/>\n<meta property=\"og:image\" content=\"https:\/\/www.griphos.net\/wp-content\/uploads\/2021\/03\/1-chasse-au-tresor-jeux-pour-fetes-danniversaire-5-7-ans.jpg\" \/>\n\t<meta property=\"og:image:width\" content=\"707\" \/>\n\t<meta property=\"og:image:height\" content=\"500\" \/>\n\t<meta property=\"og:image:type\" content=\"image\/jpeg\" \/>\n<meta name=\"twitter:card\" content=\"summary_large_image\" \/>\n<script type=\"application\/ld+json\" class=\"yoast-schema-graph\">{\"@context\":\"https:\/\/schema.org\",\"@graph\":[{\"@type\":\"WebPage\",\"@id\":\"https:\/\/www.griphos.net\/be\/product\/chasse-au-tresor-avec-carte-solution-armoire-5-7-ans\/\",\"url\":\"https:\/\/www.griphos.net\/be\/product\/chasse-au-tresor-avec-carte-solution-armoire-5-7-ans\/\",\"name\":\"Chasse au tr\u00e9sor avec carte \u2013 solution armoire 5-7 ans - Griphos\",\"isPartOf\":{\"@id\":\"https:\/\/www.griphos.net\/be\/#website\"},\"primaryImageOfPage\":{\"@id\":\"https:\/\/www.griphos.net\/be\/product\/chasse-au-tresor-avec-carte-solution-armoire-5-7-ans\/#primaryimage\"},\"image\":{\"@id\":\"https:\/\/www.griphos.net\/be\/product\/chasse-au-tresor-avec-carte-solution-armoire-5-7-ans\/#primaryimage\"},\"thumbnailUrl\":\"https:\/\/www.griphos.net\/wp-content\/uploads\/2021\/03\/1-chasse-au-tresor-jeux-pour-fetes-danniversaire-5-7-ans.jpg\",\"datePublished\":\"2019-02-16T10:49:44+00:00\",\"dateModified\":\"2021-03-14T09:47:53+00:00\",\"breadcrumb\":{\"@id\":\"https:\/\/www.griphos.net\/be\/product\/chasse-au-tresor-avec-carte-solution-armoire-5-7-ans\/#breadcrumb\"},\"inLanguage\":\"fr-BE\",\"potentialAction\":[{\"@type\":\"ReadAction\",\"target\":[\"https:\/\/www.griphos.net\/be\/product\/chasse-au-tresor-avec-carte-solution-armoire-5-7-ans\/\"]}]},{\"@type\":\"ImageObject\",\"inLanguage\":\"fr-BE\",\"@id\":\"https:\/\/www.griphos.net\/be\/product\/chasse-au-tresor-avec-carte-solution-armoire-5-7-ans\/#primaryimage\",\"url\":\"https:\/\/www.griphos.net\/wp-content\/uploads\/2021\/03\/1-chasse-au-tresor-jeux-pour-fetes-danniversaire-5-7-ans.jpg\",\"contentUrl\":\"https:\/\/www.griphos.net\/wp-content\/uploads\/2021\/03\/1-chasse-au-tresor-jeux-pour-fetes-danniversaire-5-7-ans.jpg\",\"width\":707,\"height\":500},{\"@type\":\"BreadcrumbList\",\"@id\":\"https:\/\/www.griphos.net\/be\/product\/chasse-au-tresor-avec-carte-solution-armoire-5-7-ans\/#breadcrumb\",\"itemListElement\":[{\"@type\":\"ListItem\",\"position\":1,\"name\":\"Home\",\"item\":\"https:\/\/www.griphos.net\/be\/\"},{\"@type\":\"ListItem\",\"position\":2,\"name\":\"Shop\",\"item\":\"https:\/\/www.griphos.net\/be\/shop\/\"},{\"@type\":\"ListItem\",\"position\":3,\"name\":\"Chasse au tr\u00e9sor avec carte \u2013 solution armoire 5-7 ans\"}]},{\"@type\":\"WebSite\",\"@id\":\"https:\/\/www.griphos.net\/be\/#website\",\"url\":\"https:\/\/www.griphos.net\/be\/\",\"name\":\"Griphos\",\"description\":\"The new entertainment\",\"potentialAction\":[{\"@type\":\"SearchAction\",\"target\":{\"@type\":\"EntryPoint\",\"urlTemplate\":\"https:\/\/www.griphos.net\/be\/?s={search_term_string}\"},\"query-input\":\"required name=search_term_string\"}],\"inLanguage\":\"fr-BE\"}]}<\/script>\n<!-- \/ Yoast SEO Premium plugin. -->","yoast_head_json":{"title":"Chasse au tr\u00e9sor avec carte \u2013 solution armoire 5-7 ans - Griphos","robots":{"index":"index","follow":"follow","max-snippet":"max-snippet:-1","max-image-preview":"max-image-preview:large","max-video-preview":"max-video-preview:-1"},"canonical":"https:\/\/www.griphos.net\/be\/product\/chasse-au-tresor-avec-carte-solution-armoire-5-7-ans\/","og_locale":"fr_FR","og_type":"article","og_title":"Chasse au tr\u00e9sor avec carte \u2013 solution armoire 5-7 ans","og_description":"Votre enfant devra r\u00e9soudre les \u00e9nigmes, chercher des indices \u00e0 l'int\u00e9rieur ou le jardin et reporter les solutions aux points indiqu\u00e9s sur la carte. Les premi\u00e8res lettres de chaque solution forment le mot qui l'am\u00e8nera \u00e0 la cachette du tr\u00e9sor.   PDF  14 pages  Les instructions sont incluses  &nbsp;","og_url":"https:\/\/www.griphos.net\/be\/product\/chasse-au-tresor-avec-carte-solution-armoire-5-7-ans\/","og_site_name":"Griphos","article_modified_time":"2021-03-14T09:47:53+00:00","og_image":[{"width":707,"height":500,"url":"https:\/\/www.griphos.net\/wp-content\/uploads\/2021\/03\/1-chasse-au-tresor-jeux-pour-fetes-danniversaire-5-7-ans.jpg","type":"image\/jpeg"}],"twitter_card":"summary_large_image","schema":{"@context":"https:\/\/schema.org","@graph":[{"@type":"WebPage","@id":"https:\/\/www.griphos.net\/be\/product\/chasse-au-tresor-avec-carte-solution-armoire-5-7-ans\/","url":"https:\/\/www.griphos.net\/be\/product\/chasse-au-tresor-avec-carte-solution-armoire-5-7-ans\/","name":"Chasse au tr\u00e9sor avec carte \u2013 solution armoire 5-7 ans - Griphos","isPartOf":{"@id":"https:\/\/www.griphos.net\/be\/#website"},"primaryImageOfPage":{"@id":"https:\/\/www.griphos.net\/be\/product\/chasse-au-tresor-avec-carte-solution-armoire-5-7-ans\/#primaryimage"},"image":{"@id":"https:\/\/www.griphos.net\/be\/product\/chasse-au-tresor-avec-carte-solution-armoire-5-7-ans\/#primaryimage"},"thumbnailUrl":"https:\/\/www.griphos.net\/wp-content\/uploads\/2021\/03\/1-chasse-au-tresor-jeux-pour-fetes-danniversaire-5-7-ans.jpg","datePublished":"2019-02-16T10:49:44+00:00","dateModified":"2021-03-14T09:47:53+00:00","breadcrumb":{"@id":"https:\/\/www.griphos.net\/be\/product\/chasse-au-tresor-avec-carte-solution-armoire-5-7-ans\/#breadcrumb"},"inLanguage":"fr-BE","potentialAction":[{"@type":"ReadAction","target":["https:\/\/www.griphos.net\/be\/product\/chasse-au-tresor-avec-carte-solution-armoire-5-7-ans\/"]}]},{"@type":"ImageObject","inLanguage":"fr-BE","@id":"https:\/\/www.griphos.net\/be\/product\/chasse-au-tresor-avec-carte-solution-armoire-5-7-ans\/#primaryimage","url":"https:\/\/www.griphos.net\/wp-content\/uploads\/2021\/03\/1-chasse-au-tresor-jeux-pour-fetes-danniversaire-5-7-ans.jpg","contentUrl":"https:\/\/www.griphos.net\/wp-content\/uploads\/2021\/03\/1-chasse-au-tresor-jeux-pour-fetes-danniversaire-5-7-ans.jpg","width":707,"height":500},{"@type":"BreadcrumbList","@id":"https:\/\/www.griphos.net\/be\/product\/chasse-au-tresor-avec-carte-solution-armoire-5-7-ans\/#breadcrumb","itemListElement":[{"@type":"ListItem","position":1,"name":"Home","item":"https:\/\/www.griphos.net\/be\/"},{"@type":"ListItem","position":2,"name":"Shop","item":"https:\/\/www.griphos.net\/be\/shop\/"},{"@type":"ListItem","position":3,"name":"Chasse au tr\u00e9sor avec carte \u2013 solution armoire 5-7 ans"}]},{"@type":"WebSite","@id":"https:\/\/www.griphos.net\/be\/#website","url":"https:\/\/www.griphos.net\/be\/","name":"Griphos","description":"The new entertainment","potentialAction":[{"@type":"SearchAction","target":{"@type":"EntryPoint","urlTemplate":"https:\/\/www.griphos.net\/be\/?s={search_term_string}"},"query-input":"required name=search_term_string"}],"inLanguage":"fr-BE"}]}},"_links":{"self":[{"href":"https:\/\/www.griphos.net\/be\/wp-json\/wp\/v2\/product\/14059","targetHints":{"allow":["GET"]}}],"collection":[{"href":"https:\/\/www.griphos.net\/be\/wp-json\/wp\/v2\/product"}],"about":[{"href":"https:\/\/www.griphos.net\/be\/wp-json\/wp\/v2\/types\/product"}],"replies":[{"embeddable":true,"href":"https:\/\/www.griphos.net\/be\/wp-json\/wp\/v2\/comments?post=14059"}],"wp:featuredmedia":[{"embeddable":true,"href":"https:\/\/www.griphos.net\/be\/wp-json\/wp\/v2\/media\/14064"}],"wp:attachment":[{"href":"https:\/\/www.griphos.net\/be\/wp-json\/wp\/v2\/media?parent=14059"}],"wp:term":[{"taxonomy":"product_cat","embeddable":true,"href":"https:\/\/www.griphos.net\/be\/wp-json\/wp\/v2\/product_cat?post=14059"},{"taxonomy":"product_tag","embeddable":true,"href":"https:\/\/www.griphos.net\/be\/wp-json\/wp\/v2\/product_tag?post=14059"}],"curies":[{"name":"wp","href":"https:\/\/api.w.org\/{rel}","templated":true}]}}