{"id":13878,"date":"2018-12-21T06:28:00","date_gmt":"2018-12-21T05:28:00","guid":{"rendered":"https:\/\/www.griphos.net\/?post_type=product&#038;p=13878"},"modified":"2018-12-21T06:28:00","modified_gmt":"2018-12-21T05:28:00","slug":"chasse-aux-cadeaux-de-noel-7-12-ans","status":"publish","type":"product","link":"https:\/\/www.griphos.net\/be\/product\/chasse-aux-cadeaux-de-noel-7-12-ans\/","title":{"rendered":"Chasse aux cadeaux de no\u00ebl 7-12 ans"},"content":{"rendered":"<p>Chasse aux cadeaux de no\u00ebl 7-12 ans<\/p>\n","protected":false},"excerpt":{"rendered":"<p>Quelqu&#8217;un a vol\u00e9 les cadeaux que le P\u00e8re No\u00ebl a mis sous l&#8217;arbre de la famille Perla. Vos enfants vont lire les t\u00e9moignages des membres de la famille Perla, r\u00e9soudre des \u00e9nigmes qui les am\u00e8neront \u00e0 trouver des indices (images contenues dans les images des \u00e9nigmes), les \u00e9tudier et d\u00e9couvrir le coupable.<\/p>\n<p>Convient aux enfants de 7 \u00e0 12 ans mais aussi aux plus jeunes s&#8217;ils sont aid\u00e9s.<\/p>\n<ul>\n<li>1 PDF<\/li>\n<li>10 pages<\/li>\n<li>Les instructions sont incluses<\/li>\n<\/ul>\n","protected":false},"featured_media":13852,"comment_status":"closed","ping_status":"closed","template":"","meta":[],"product_cat":[203,137],"product_tag":[],"class_list":{"0":"post-13878","1":"product","2":"type-product","3":"status-publish","4":"has-post-thumbnail","6":"product_cat-chasse-au-tresor-de-noel-be","7":"product_cat-chasse-au-tresor-be","9":"first","10":"instock","11":"downloadable","12":"virtual","13":"taxable","14":"purchasable","15":"product-type-simple"},"yoast_head":"<!-- This site is optimized with the Yoast SEO Premium plugin v22.5 (Yoast SEO v22.5) - https:\/\/yoast.com\/wordpress\/plugins\/seo\/ -->\n<title>Chasse aux cadeaux de no\u00ebl 7-12 ans - Griphos<\/title>\n<meta name=\"robots\" content=\"index, follow, max-snippet:-1, max-image-preview:large, max-video-preview:-1\" \/>\n<link rel=\"canonical\" href=\"https:\/\/www.griphos.net\/be\/product\/chasse-aux-cadeaux-de-noel-7-12-ans\/\" \/>\n<meta property=\"og:locale\" content=\"fr_FR\" \/>\n<meta property=\"og:type\" content=\"article\" \/>\n<meta property=\"og:title\" content=\"Chasse aux cadeaux de no\u00ebl 7-12 ans\" \/>\n<meta property=\"og:description\" content=\"Quelqu&#039;un a vol\u00e9 les cadeaux que le P\u00e8re No\u00ebl a mis sous l&#039;arbre de la famille Perla. Vos enfants vont lire les t\u00e9moignages des membres de la famille Perla, r\u00e9soudre des \u00e9nigmes qui les am\u00e8neront \u00e0 trouver des indices (images contenues dans les images des \u00e9nigmes), les \u00e9tudier et d\u00e9couvrir le coupable.  Convient aux enfants de 7 \u00e0 12 ans mais aussi aux plus jeunes s&#039;ils sont aid\u00e9s.   1 PDF  10 pages  Les instructions sont incluses\" \/>\n<meta property=\"og:url\" content=\"https:\/\/www.griphos.net\/be\/product\/chasse-aux-cadeaux-de-noel-7-12-ans\/\" \/>\n<meta property=\"og:site_name\" content=\"Griphos\" \/>\n<meta property=\"og:image\" content=\"https:\/\/www.griphos.net\/wp-content\/uploads\/2018\/12\/1-Chasse-au-tr\u00e9sor-de-no\u00ebl.jpg\" \/>\n\t<meta property=\"og:image:width\" content=\"600\" \/>\n\t<meta property=\"og:image:height\" content=\"848\" \/>\n\t<meta property=\"og:image:type\" content=\"image\/jpeg\" \/>\n<meta name=\"twitter:card\" content=\"summary_large_image\" \/>\n<script type=\"application\/ld+json\" class=\"yoast-schema-graph\">{\"@context\":\"https:\/\/schema.org\",\"@graph\":[{\"@type\":\"WebPage\",\"@id\":\"https:\/\/www.griphos.net\/be\/product\/chasse-aux-cadeaux-de-noel-7-12-ans\/\",\"url\":\"https:\/\/www.griphos.net\/be\/product\/chasse-aux-cadeaux-de-noel-7-12-ans\/\",\"name\":\"Chasse aux cadeaux de no\u00ebl 7-12 ans - Griphos\",\"isPartOf\":{\"@id\":\"https:\/\/www.griphos.net\/be\/#website\"},\"primaryImageOfPage\":{\"@id\":\"https:\/\/www.griphos.net\/be\/product\/chasse-aux-cadeaux-de-noel-7-12-ans\/#primaryimage\"},\"image\":{\"@id\":\"https:\/\/www.griphos.net\/be\/product\/chasse-aux-cadeaux-de-noel-7-12-ans\/#primaryimage\"},\"thumbnailUrl\":\"https:\/\/www.griphos.net\/wp-content\/uploads\/2018\/12\/1-Chasse-au-tr\u00e9sor-de-no\u00ebl.jpg\",\"datePublished\":\"2018-12-21T05:28:00+00:00\",\"dateModified\":\"2018-12-21T05:28:00+00:00\",\"breadcrumb\":{\"@id\":\"https:\/\/www.griphos.net\/be\/product\/chasse-aux-cadeaux-de-noel-7-12-ans\/#breadcrumb\"},\"inLanguage\":\"fr-BE\",\"potentialAction\":[{\"@type\":\"ReadAction\",\"target\":[\"https:\/\/www.griphos.net\/be\/product\/chasse-aux-cadeaux-de-noel-7-12-ans\/\"]}]},{\"@type\":\"ImageObject\",\"inLanguage\":\"fr-BE\",\"@id\":\"https:\/\/www.griphos.net\/be\/product\/chasse-aux-cadeaux-de-noel-7-12-ans\/#primaryimage\",\"url\":\"https:\/\/www.griphos.net\/wp-content\/uploads\/2018\/12\/1-Chasse-au-tr\u00e9sor-de-no\u00ebl.jpg\",\"contentUrl\":\"https:\/\/www.griphos.net\/wp-content\/uploads\/2018\/12\/1-Chasse-au-tr\u00e9sor-de-no\u00ebl.jpg\",\"width\":600,\"height\":848},{\"@type\":\"BreadcrumbList\",\"@id\":\"https:\/\/www.griphos.net\/be\/product\/chasse-aux-cadeaux-de-noel-7-12-ans\/#breadcrumb\",\"itemListElement\":[{\"@type\":\"ListItem\",\"position\":1,\"name\":\"Home\",\"item\":\"https:\/\/www.griphos.net\/be\/\"},{\"@type\":\"ListItem\",\"position\":2,\"name\":\"Shop\",\"item\":\"https:\/\/www.griphos.net\/be\/shop\/\"},{\"@type\":\"ListItem\",\"position\":3,\"name\":\"Chasse aux cadeaux de no\u00ebl 7-12 ans\"}]},{\"@type\":\"WebSite\",\"@id\":\"https:\/\/www.griphos.net\/be\/#website\",\"url\":\"https:\/\/www.griphos.net\/be\/\",\"name\":\"Griphos\",\"description\":\"The new entertainment\",\"potentialAction\":[{\"@type\":\"SearchAction\",\"target\":{\"@type\":\"EntryPoint\",\"urlTemplate\":\"https:\/\/www.griphos.net\/be\/?s={search_term_string}\"},\"query-input\":\"required name=search_term_string\"}],\"inLanguage\":\"fr-BE\"}]}<\/script>\n<!-- \/ Yoast SEO Premium plugin. -->","yoast_head_json":{"title":"Chasse aux cadeaux de no\u00ebl 7-12 ans - Griphos","robots":{"index":"index","follow":"follow","max-snippet":"max-snippet:-1","max-image-preview":"max-image-preview:large","max-video-preview":"max-video-preview:-1"},"canonical":"https:\/\/www.griphos.net\/be\/product\/chasse-aux-cadeaux-de-noel-7-12-ans\/","og_locale":"fr_FR","og_type":"article","og_title":"Chasse aux cadeaux de no\u00ebl 7-12 ans","og_description":"Quelqu'un a vol\u00e9 les cadeaux que le P\u00e8re No\u00ebl a mis sous l'arbre de la famille Perla. Vos enfants vont lire les t\u00e9moignages des membres de la famille Perla, r\u00e9soudre des \u00e9nigmes qui les am\u00e8neront \u00e0 trouver des indices (images contenues dans les images des \u00e9nigmes), les \u00e9tudier et d\u00e9couvrir le coupable.  Convient aux enfants de 7 \u00e0 12 ans mais aussi aux plus jeunes s'ils sont aid\u00e9s.   1 PDF  10 pages  Les instructions sont incluses","og_url":"https:\/\/www.griphos.net\/be\/product\/chasse-aux-cadeaux-de-noel-7-12-ans\/","og_site_name":"Griphos","og_image":[{"width":600,"height":848,"url":"https:\/\/www.griphos.net\/wp-content\/uploads\/2018\/12\/1-Chasse-au-tr\u00e9sor-de-no\u00ebl.jpg","type":"image\/jpeg"}],"twitter_card":"summary_large_image","schema":{"@context":"https:\/\/schema.org","@graph":[{"@type":"WebPage","@id":"https:\/\/www.griphos.net\/be\/product\/chasse-aux-cadeaux-de-noel-7-12-ans\/","url":"https:\/\/www.griphos.net\/be\/product\/chasse-aux-cadeaux-de-noel-7-12-ans\/","name":"Chasse aux cadeaux de no\u00ebl 7-12 ans - Griphos","isPartOf":{"@id":"https:\/\/www.griphos.net\/be\/#website"},"primaryImageOfPage":{"@id":"https:\/\/www.griphos.net\/be\/product\/chasse-aux-cadeaux-de-noel-7-12-ans\/#primaryimage"},"image":{"@id":"https:\/\/www.griphos.net\/be\/product\/chasse-aux-cadeaux-de-noel-7-12-ans\/#primaryimage"},"thumbnailUrl":"https:\/\/www.griphos.net\/wp-content\/uploads\/2018\/12\/1-Chasse-au-tr\u00e9sor-de-no\u00ebl.jpg","datePublished":"2018-12-21T05:28:00+00:00","dateModified":"2018-12-21T05:28:00+00:00","breadcrumb":{"@id":"https:\/\/www.griphos.net\/be\/product\/chasse-aux-cadeaux-de-noel-7-12-ans\/#breadcrumb"},"inLanguage":"fr-BE","potentialAction":[{"@type":"ReadAction","target":["https:\/\/www.griphos.net\/be\/product\/chasse-aux-cadeaux-de-noel-7-12-ans\/"]}]},{"@type":"ImageObject","inLanguage":"fr-BE","@id":"https:\/\/www.griphos.net\/be\/product\/chasse-aux-cadeaux-de-noel-7-12-ans\/#primaryimage","url":"https:\/\/www.griphos.net\/wp-content\/uploads\/2018\/12\/1-Chasse-au-tr\u00e9sor-de-no\u00ebl.jpg","contentUrl":"https:\/\/www.griphos.net\/wp-content\/uploads\/2018\/12\/1-Chasse-au-tr\u00e9sor-de-no\u00ebl.jpg","width":600,"height":848},{"@type":"BreadcrumbList","@id":"https:\/\/www.griphos.net\/be\/product\/chasse-aux-cadeaux-de-noel-7-12-ans\/#breadcrumb","itemListElement":[{"@type":"ListItem","position":1,"name":"Home","item":"https:\/\/www.griphos.net\/be\/"},{"@type":"ListItem","position":2,"name":"Shop","item":"https:\/\/www.griphos.net\/be\/shop\/"},{"@type":"ListItem","position":3,"name":"Chasse aux cadeaux de no\u00ebl 7-12 ans"}]},{"@type":"WebSite","@id":"https:\/\/www.griphos.net\/be\/#website","url":"https:\/\/www.griphos.net\/be\/","name":"Griphos","description":"The new entertainment","potentialAction":[{"@type":"SearchAction","target":{"@type":"EntryPoint","urlTemplate":"https:\/\/www.griphos.net\/be\/?s={search_term_string}"},"query-input":"required name=search_term_string"}],"inLanguage":"fr-BE"}]}},"_links":{"self":[{"href":"https:\/\/www.griphos.net\/be\/wp-json\/wp\/v2\/product\/13878","targetHints":{"allow":["GET"]}}],"collection":[{"href":"https:\/\/www.griphos.net\/be\/wp-json\/wp\/v2\/product"}],"about":[{"href":"https:\/\/www.griphos.net\/be\/wp-json\/wp\/v2\/types\/product"}],"replies":[{"embeddable":true,"href":"https:\/\/www.griphos.net\/be\/wp-json\/wp\/v2\/comments?post=13878"}],"wp:featuredmedia":[{"embeddable":true,"href":"https:\/\/www.griphos.net\/be\/wp-json\/wp\/v2\/media\/13852"}],"wp:attachment":[{"href":"https:\/\/www.griphos.net\/be\/wp-json\/wp\/v2\/media?parent=13878"}],"wp:term":[{"taxonomy":"product_cat","embeddable":true,"href":"https:\/\/www.griphos.net\/be\/wp-json\/wp\/v2\/product_cat?post=13878"},{"taxonomy":"product_tag","embeddable":true,"href":"https:\/\/www.griphos.net\/be\/wp-json\/wp\/v2\/product_tag?post=13878"}],"curies":[{"name":"wp","href":"https:\/\/api.w.org\/{rel}","templated":true}]}}