{"id":13514,"date":"2018-08-22T12:12:45","date_gmt":"2018-08-22T11:12:45","guid":{"rendered":"https:\/\/www.griphos.net\/product\/chasse-au-tresor-en-plein-air-au-jardin-le-tresor-du-pays-imaginaire\/"},"modified":"2018-09-01T14:29:44","modified_gmt":"2018-09-01T13:29:44","slug":"chasse-au-tresor-en-plein-air-au-jardin-le-tresor-du-pays-imaginaire","status":"publish","type":"product","link":"https:\/\/www.griphos.net\/be\/product\/chasse-au-tresor-en-plein-air-au-jardin-le-tresor-du-pays-imaginaire\/","title":{"rendered":"Chasse au tresor en plein air \u2013 au jardin &#8211; le tr\u00e9sor du pays imaginaire"},"content":{"rendered":"<p>Chasse au tresor en plein air \u2013 au jardin &#8211; le tr\u00e9sor du pays imaginaire<\/p>\n","protected":false},"excerpt":{"rendered":"<p>Toutes les chasses au tr\u00e9sor pr\u00e9sent\u00e9es ici comprennent des \u00e9nigmes pour les cachettes les plus courantes au jardin ou\u00a0jardin\/maison\u00a0 ; afin de satisfaire tous les parents d\u00e9sireux d&#8217;organiser une chasse au tr\u00e9sor en plein air pour leur enfant.<\/p>\n<p>Devinettes : V\u00e9lo \u2013 Trou \u2013 Papier de toilette &#8211; Niche du chien &#8211; Fleurs &#8211; Bois &#8211; Parasol &#8211; Balai &#8211; Ballon \u2013 Chaise longue \u2013 Seau &#8211; Chaise &#8211; Table -\u00c9tendoir\/s\u00e8che-linge &#8211; Arbre &#8211; Pot de fleurs<\/p>\n<p>Convient aux enfants de 7 \u00e0 12 ans mais aussi aux plus jeunes s&#8217;ils sont aid\u00e9s.<\/p>\n<ul>\n<li>3 PDF<\/li>\n<li>45 pages<\/li>\n<li>Les instructions sont incluses<\/li>\n<\/ul>\n","protected":false},"featured_media":8907,"comment_status":"closed","ping_status":"closed","template":"","meta":[],"product_cat":[188],"product_tag":[185],"class_list":{"0":"post-13514","1":"product","2":"type-product","3":"status-publish","4":"has-post-thumbnail","6":"product_cat-chasses-au-tresor-en-plein-air-be-chasse-au-tresor-pour-enfants-be","7":"product_tag-chasse-au-coupable-be","9":"first","10":"instock","11":"downloadable","12":"virtual","13":"taxable","14":"purchasable","15":"product-type-simple"},"yoast_head":"<!-- This site is optimized with the Yoast SEO Premium plugin v22.5 (Yoast SEO v22.5) - https:\/\/yoast.com\/wordpress\/plugins\/seo\/ -->\n<title>Chasse au tresor en plein air \u2013 au jardin - le tr\u00e9sor du pays imaginaire - Griphos<\/title>\n<meta name=\"robots\" content=\"index, follow, max-snippet:-1, max-image-preview:large, max-video-preview:-1\" \/>\n<link rel=\"canonical\" href=\"https:\/\/www.griphos.net\/be\/product\/chasse-au-tresor-en-plein-air-au-jardin-le-tresor-du-pays-imaginaire\/\" \/>\n<meta property=\"og:locale\" content=\"fr_FR\" \/>\n<meta property=\"og:type\" content=\"article\" \/>\n<meta property=\"og:title\" content=\"Chasse au tresor en plein air \u2013 au jardin - le tr\u00e9sor du pays imaginaire\" \/>\n<meta property=\"og:description\" content=\"Toutes les chasses au tr\u00e9sor pr\u00e9sent\u00e9es ici comprennent des \u00e9nigmes pour les cachettes les plus courantes au jardin ou\u00a0jardin\/maison\u00a0 ; afin de satisfaire tous les parents d\u00e9sireux d&#039;organiser une chasse au tr\u00e9sor en plein air pour leur enfant.  Devinettes : V\u00e9lo \u2013 Trou \u2013 Papier de toilette - Niche du chien - Fleurs - Bois - Parasol - Balai - Ballon \u2013 Chaise longue \u2013 Seau - Chaise - Table -\u00c9tendoir\/s\u00e8che-linge - Arbre - Pot de fleurs  Convient aux enfants de 7 \u00e0 12 ans mais aussi aux plus jeunes s&#039;ils sont aid\u00e9s.   3 PDF  45 pages  Les instructions sont incluses\" \/>\n<meta property=\"og:url\" content=\"https:\/\/www.griphos.net\/be\/product\/chasse-au-tresor-en-plein-air-au-jardin-le-tresor-du-pays-imaginaire\/\" \/>\n<meta property=\"og:site_name\" content=\"Griphos\" \/>\n<meta property=\"article:modified_time\" content=\"2018-09-01T13:29:44+00:00\" \/>\n<meta property=\"og:image\" content=\"https:\/\/www.griphos.net\/wp-content\/uploads\/2018\/08\/1-jardin-be.jpg\" \/>\n\t<meta property=\"og:image:width\" content=\"600\" \/>\n\t<meta property=\"og:image:height\" content=\"848\" \/>\n\t<meta property=\"og:image:type\" content=\"image\/jpeg\" \/>\n<meta name=\"twitter:card\" content=\"summary_large_image\" \/>\n<script type=\"application\/ld+json\" class=\"yoast-schema-graph\">{\"@context\":\"https:\/\/schema.org\",\"@graph\":[{\"@type\":\"WebPage\",\"@id\":\"https:\/\/www.griphos.net\/be\/product\/chasse-au-tresor-en-plein-air-au-jardin-le-tresor-du-pays-imaginaire\/\",\"url\":\"https:\/\/www.griphos.net\/be\/product\/chasse-au-tresor-en-plein-air-au-jardin-le-tresor-du-pays-imaginaire\/\",\"name\":\"Chasse au tresor en plein air \u2013 au jardin - le tr\u00e9sor du pays imaginaire - Griphos\",\"isPartOf\":{\"@id\":\"https:\/\/www.griphos.net\/be\/#website\"},\"primaryImageOfPage\":{\"@id\":\"https:\/\/www.griphos.net\/be\/product\/chasse-au-tresor-en-plein-air-au-jardin-le-tresor-du-pays-imaginaire\/#primaryimage\"},\"image\":{\"@id\":\"https:\/\/www.griphos.net\/be\/product\/chasse-au-tresor-en-plein-air-au-jardin-le-tresor-du-pays-imaginaire\/#primaryimage\"},\"thumbnailUrl\":\"https:\/\/www.griphos.net\/wp-content\/uploads\/2018\/08\/1-jardin-be.jpg\",\"datePublished\":\"2018-08-22T11:12:45+00:00\",\"dateModified\":\"2018-09-01T13:29:44+00:00\",\"breadcrumb\":{\"@id\":\"https:\/\/www.griphos.net\/be\/product\/chasse-au-tresor-en-plein-air-au-jardin-le-tresor-du-pays-imaginaire\/#breadcrumb\"},\"inLanguage\":\"fr-BE\",\"potentialAction\":[{\"@type\":\"ReadAction\",\"target\":[\"https:\/\/www.griphos.net\/be\/product\/chasse-au-tresor-en-plein-air-au-jardin-le-tresor-du-pays-imaginaire\/\"]}]},{\"@type\":\"ImageObject\",\"inLanguage\":\"fr-BE\",\"@id\":\"https:\/\/www.griphos.net\/be\/product\/chasse-au-tresor-en-plein-air-au-jardin-le-tresor-du-pays-imaginaire\/#primaryimage\",\"url\":\"https:\/\/www.griphos.net\/wp-content\/uploads\/2018\/08\/1-jardin-be.jpg\",\"contentUrl\":\"https:\/\/www.griphos.net\/wp-content\/uploads\/2018\/08\/1-jardin-be.jpg\",\"width\":600,\"height\":848},{\"@type\":\"BreadcrumbList\",\"@id\":\"https:\/\/www.griphos.net\/be\/product\/chasse-au-tresor-en-plein-air-au-jardin-le-tresor-du-pays-imaginaire\/#breadcrumb\",\"itemListElement\":[{\"@type\":\"ListItem\",\"position\":1,\"name\":\"Home\",\"item\":\"https:\/\/www.griphos.net\/be\/\"},{\"@type\":\"ListItem\",\"position\":2,\"name\":\"Shop\",\"item\":\"https:\/\/www.griphos.net\/be\/shop\/\"},{\"@type\":\"ListItem\",\"position\":3,\"name\":\"Chasse au tresor en plein air \u2013 au jardin &#8211; le tr\u00e9sor du pays imaginaire\"}]},{\"@type\":\"WebSite\",\"@id\":\"https:\/\/www.griphos.net\/be\/#website\",\"url\":\"https:\/\/www.griphos.net\/be\/\",\"name\":\"Griphos\",\"description\":\"The new entertainment\",\"potentialAction\":[{\"@type\":\"SearchAction\",\"target\":{\"@type\":\"EntryPoint\",\"urlTemplate\":\"https:\/\/www.griphos.net\/be\/?s={search_term_string}\"},\"query-input\":\"required name=search_term_string\"}],\"inLanguage\":\"fr-BE\"}]}<\/script>\n<!-- \/ Yoast SEO Premium plugin. -->","yoast_head_json":{"title":"Chasse au tresor en plein air \u2013 au jardin - le tr\u00e9sor du pays imaginaire - Griphos","robots":{"index":"index","follow":"follow","max-snippet":"max-snippet:-1","max-image-preview":"max-image-preview:large","max-video-preview":"max-video-preview:-1"},"canonical":"https:\/\/www.griphos.net\/be\/product\/chasse-au-tresor-en-plein-air-au-jardin-le-tresor-du-pays-imaginaire\/","og_locale":"fr_FR","og_type":"article","og_title":"Chasse au tresor en plein air \u2013 au jardin - le tr\u00e9sor du pays imaginaire","og_description":"Toutes les chasses au tr\u00e9sor pr\u00e9sent\u00e9es ici comprennent des \u00e9nigmes pour les cachettes les plus courantes au jardin ou\u00a0jardin\/maison\u00a0 ; afin de satisfaire tous les parents d\u00e9sireux d'organiser une chasse au tr\u00e9sor en plein air pour leur enfant.  Devinettes : V\u00e9lo \u2013 Trou \u2013 Papier de toilette - Niche du chien - Fleurs - Bois - Parasol - Balai - Ballon \u2013 Chaise longue \u2013 Seau - Chaise - Table -\u00c9tendoir\/s\u00e8che-linge - Arbre - Pot de fleurs  Convient aux enfants de 7 \u00e0 12 ans mais aussi aux plus jeunes s'ils sont aid\u00e9s.   3 PDF  45 pages  Les instructions sont incluses","og_url":"https:\/\/www.griphos.net\/be\/product\/chasse-au-tresor-en-plein-air-au-jardin-le-tresor-du-pays-imaginaire\/","og_site_name":"Griphos","article_modified_time":"2018-09-01T13:29:44+00:00","og_image":[{"width":600,"height":848,"url":"https:\/\/www.griphos.net\/wp-content\/uploads\/2018\/08\/1-jardin-be.jpg","type":"image\/jpeg"}],"twitter_card":"summary_large_image","schema":{"@context":"https:\/\/schema.org","@graph":[{"@type":"WebPage","@id":"https:\/\/www.griphos.net\/be\/product\/chasse-au-tresor-en-plein-air-au-jardin-le-tresor-du-pays-imaginaire\/","url":"https:\/\/www.griphos.net\/be\/product\/chasse-au-tresor-en-plein-air-au-jardin-le-tresor-du-pays-imaginaire\/","name":"Chasse au tresor en plein air \u2013 au jardin - le tr\u00e9sor du pays imaginaire - Griphos","isPartOf":{"@id":"https:\/\/www.griphos.net\/be\/#website"},"primaryImageOfPage":{"@id":"https:\/\/www.griphos.net\/be\/product\/chasse-au-tresor-en-plein-air-au-jardin-le-tresor-du-pays-imaginaire\/#primaryimage"},"image":{"@id":"https:\/\/www.griphos.net\/be\/product\/chasse-au-tresor-en-plein-air-au-jardin-le-tresor-du-pays-imaginaire\/#primaryimage"},"thumbnailUrl":"https:\/\/www.griphos.net\/wp-content\/uploads\/2018\/08\/1-jardin-be.jpg","datePublished":"2018-08-22T11:12:45+00:00","dateModified":"2018-09-01T13:29:44+00:00","breadcrumb":{"@id":"https:\/\/www.griphos.net\/be\/product\/chasse-au-tresor-en-plein-air-au-jardin-le-tresor-du-pays-imaginaire\/#breadcrumb"},"inLanguage":"fr-BE","potentialAction":[{"@type":"ReadAction","target":["https:\/\/www.griphos.net\/be\/product\/chasse-au-tresor-en-plein-air-au-jardin-le-tresor-du-pays-imaginaire\/"]}]},{"@type":"ImageObject","inLanguage":"fr-BE","@id":"https:\/\/www.griphos.net\/be\/product\/chasse-au-tresor-en-plein-air-au-jardin-le-tresor-du-pays-imaginaire\/#primaryimage","url":"https:\/\/www.griphos.net\/wp-content\/uploads\/2018\/08\/1-jardin-be.jpg","contentUrl":"https:\/\/www.griphos.net\/wp-content\/uploads\/2018\/08\/1-jardin-be.jpg","width":600,"height":848},{"@type":"BreadcrumbList","@id":"https:\/\/www.griphos.net\/be\/product\/chasse-au-tresor-en-plein-air-au-jardin-le-tresor-du-pays-imaginaire\/#breadcrumb","itemListElement":[{"@type":"ListItem","position":1,"name":"Home","item":"https:\/\/www.griphos.net\/be\/"},{"@type":"ListItem","position":2,"name":"Shop","item":"https:\/\/www.griphos.net\/be\/shop\/"},{"@type":"ListItem","position":3,"name":"Chasse au tresor en plein air \u2013 au jardin &#8211; le tr\u00e9sor du pays imaginaire"}]},{"@type":"WebSite","@id":"https:\/\/www.griphos.net\/be\/#website","url":"https:\/\/www.griphos.net\/be\/","name":"Griphos","description":"The new entertainment","potentialAction":[{"@type":"SearchAction","target":{"@type":"EntryPoint","urlTemplate":"https:\/\/www.griphos.net\/be\/?s={search_term_string}"},"query-input":"required name=search_term_string"}],"inLanguage":"fr-BE"}]}},"_links":{"self":[{"href":"https:\/\/www.griphos.net\/be\/wp-json\/wp\/v2\/product\/13514","targetHints":{"allow":["GET"]}}],"collection":[{"href":"https:\/\/www.griphos.net\/be\/wp-json\/wp\/v2\/product"}],"about":[{"href":"https:\/\/www.griphos.net\/be\/wp-json\/wp\/v2\/types\/product"}],"replies":[{"embeddable":true,"href":"https:\/\/www.griphos.net\/be\/wp-json\/wp\/v2\/comments?post=13514"}],"wp:featuredmedia":[{"embeddable":true,"href":"https:\/\/www.griphos.net\/be\/wp-json\/wp\/v2\/media\/8907"}],"wp:attachment":[{"href":"https:\/\/www.griphos.net\/be\/wp-json\/wp\/v2\/media?parent=13514"}],"wp:term":[{"taxonomy":"product_cat","embeddable":true,"href":"https:\/\/www.griphos.net\/be\/wp-json\/wp\/v2\/product_cat?post=13514"},{"taxonomy":"product_tag","embeddable":true,"href":"https:\/\/www.griphos.net\/be\/wp-json\/wp\/v2\/product_tag?post=13514"}],"curies":[{"name":"wp","href":"https:\/\/api.w.org\/{rel}","templated":true}]}}