{"id":11269,"date":"2017-08-08T15:14:17","date_gmt":"2017-08-08T14:14:17","guid":{"rendered":"https:\/\/www.griphos.net\/product\/canape-etape-3\/"},"modified":"2018-08-31T11:19:14","modified_gmt":"2018-08-31T10:19:14","slug":"canape-etape-3","status":"publish","type":"product","link":"https:\/\/www.griphos.net\/be\/product\/canape-etape-3\/","title":{"rendered":"canap\u00e9 \u00e9tape 3"},"content":{"rendered":"<p>canap\u00e9 \u00e9tape 3<\/p>\n","protected":false},"excerpt":{"rendered":"<p>canap\u00e9 \u00e9tape 3<\/p>\n","protected":false},"featured_media":11573,"comment_status":"closed","ping_status":"closed","template":"","meta":[],"product_cat":[161,170],"product_tag":[200],"class_list":{"0":"post-11269","1":"product","2":"type-product","3":"status-publish","4":"has-post-thumbnail","6":"product_cat-chasse-au-tresor-pour-enfants-choisissez-les-devinettes-be","7":"product_cat-chasse-au-tresor-pour-enfants-etape-3-be","8":"product_tag-chasse-au-tresor-be","10":"first","11":"instock","12":"sale","13":"downloadable","14":"virtual","15":"taxable","16":"purchasable","17":"product-type-simple"},"yoast_head":"<!-- This site is optimized with the Yoast SEO Premium plugin v22.5 (Yoast SEO v22.5) - https:\/\/yoast.com\/wordpress\/plugins\/seo\/ -->\n<title>canap\u00e9 \u00e9tape 3 - Griphos<\/title>\n<meta name=\"robots\" content=\"index, follow, max-snippet:-1, max-image-preview:large, max-video-preview:-1\" \/>\n<link rel=\"canonical\" href=\"https:\/\/www.griphos.net\/be\/product\/canape-etape-3\/\" \/>\n<meta property=\"og:locale\" content=\"fr_FR\" \/>\n<meta property=\"og:type\" content=\"article\" \/>\n<meta property=\"og:title\" content=\"canap\u00e9 \u00e9tape 3\" \/>\n<meta property=\"og:description\" content=\"canap\u00e9 \u00e9tape 3\" \/>\n<meta property=\"og:url\" content=\"https:\/\/www.griphos.net\/be\/product\/canape-etape-3\/\" \/>\n<meta property=\"og:site_name\" content=\"Griphos\" \/>\n<meta property=\"article:modified_time\" content=\"2018-08-31T10:19:14+00:00\" \/>\n<meta property=\"og:image\" content=\"https:\/\/www.griphos.net\/wp-content\/uploads\/2017\/08\/canap\u00e9-\u00e9tape-3-be.jpg\" \/>\n\t<meta property=\"og:image:width\" content=\"600\" \/>\n\t<meta property=\"og:image:height\" content=\"849\" \/>\n\t<meta property=\"og:image:type\" content=\"image\/jpeg\" \/>\n<meta name=\"twitter:card\" content=\"summary_large_image\" \/>\n<script type=\"application\/ld+json\" class=\"yoast-schema-graph\">{\"@context\":\"https:\/\/schema.org\",\"@graph\":[{\"@type\":\"WebPage\",\"@id\":\"https:\/\/www.griphos.net\/be\/product\/canape-etape-3\/\",\"url\":\"https:\/\/www.griphos.net\/be\/product\/canape-etape-3\/\",\"name\":\"canap\u00e9 \u00e9tape 3 - Griphos\",\"isPartOf\":{\"@id\":\"https:\/\/www.griphos.net\/be\/#website\"},\"primaryImageOfPage\":{\"@id\":\"https:\/\/www.griphos.net\/be\/product\/canape-etape-3\/#primaryimage\"},\"image\":{\"@id\":\"https:\/\/www.griphos.net\/be\/product\/canape-etape-3\/#primaryimage\"},\"thumbnailUrl\":\"https:\/\/www.griphos.net\/wp-content\/uploads\/2017\/08\/canap\u00e9-\u00e9tape-3-be.jpg\",\"datePublished\":\"2017-08-08T14:14:17+00:00\",\"dateModified\":\"2018-08-31T10:19:14+00:00\",\"breadcrumb\":{\"@id\":\"https:\/\/www.griphos.net\/be\/product\/canape-etape-3\/#breadcrumb\"},\"inLanguage\":\"fr-BE\",\"potentialAction\":[{\"@type\":\"ReadAction\",\"target\":[\"https:\/\/www.griphos.net\/be\/product\/canape-etape-3\/\"]}]},{\"@type\":\"ImageObject\",\"inLanguage\":\"fr-BE\",\"@id\":\"https:\/\/www.griphos.net\/be\/product\/canape-etape-3\/#primaryimage\",\"url\":\"https:\/\/www.griphos.net\/wp-content\/uploads\/2017\/08\/canap\u00e9-\u00e9tape-3-be.jpg\",\"contentUrl\":\"https:\/\/www.griphos.net\/wp-content\/uploads\/2017\/08\/canap\u00e9-\u00e9tape-3-be.jpg\",\"width\":600,\"height\":849},{\"@type\":\"BreadcrumbList\",\"@id\":\"https:\/\/www.griphos.net\/be\/product\/canape-etape-3\/#breadcrumb\",\"itemListElement\":[{\"@type\":\"ListItem\",\"position\":1,\"name\":\"Home\",\"item\":\"https:\/\/www.griphos.net\/be\/\"},{\"@type\":\"ListItem\",\"position\":2,\"name\":\"Shop\",\"item\":\"https:\/\/www.griphos.net\/be\/shop\/\"},{\"@type\":\"ListItem\",\"position\":3,\"name\":\"canap\u00e9 \u00e9tape 3\"}]},{\"@type\":\"WebSite\",\"@id\":\"https:\/\/www.griphos.net\/be\/#website\",\"url\":\"https:\/\/www.griphos.net\/be\/\",\"name\":\"Griphos\",\"description\":\"The new entertainment\",\"potentialAction\":[{\"@type\":\"SearchAction\",\"target\":{\"@type\":\"EntryPoint\",\"urlTemplate\":\"https:\/\/www.griphos.net\/be\/?s={search_term_string}\"},\"query-input\":\"required name=search_term_string\"}],\"inLanguage\":\"fr-BE\"}]}<\/script>\n<!-- \/ Yoast SEO Premium plugin. -->","yoast_head_json":{"title":"canap\u00e9 \u00e9tape 3 - Griphos","robots":{"index":"index","follow":"follow","max-snippet":"max-snippet:-1","max-image-preview":"max-image-preview:large","max-video-preview":"max-video-preview:-1"},"canonical":"https:\/\/www.griphos.net\/be\/product\/canape-etape-3\/","og_locale":"fr_FR","og_type":"article","og_title":"canap\u00e9 \u00e9tape 3","og_description":"canap\u00e9 \u00e9tape 3","og_url":"https:\/\/www.griphos.net\/be\/product\/canape-etape-3\/","og_site_name":"Griphos","article_modified_time":"2018-08-31T10:19:14+00:00","og_image":[{"width":600,"height":849,"url":"https:\/\/www.griphos.net\/wp-content\/uploads\/2017\/08\/canap\u00e9-\u00e9tape-3-be.jpg","type":"image\/jpeg"}],"twitter_card":"summary_large_image","schema":{"@context":"https:\/\/schema.org","@graph":[{"@type":"WebPage","@id":"https:\/\/www.griphos.net\/be\/product\/canape-etape-3\/","url":"https:\/\/www.griphos.net\/be\/product\/canape-etape-3\/","name":"canap\u00e9 \u00e9tape 3 - Griphos","isPartOf":{"@id":"https:\/\/www.griphos.net\/be\/#website"},"primaryImageOfPage":{"@id":"https:\/\/www.griphos.net\/be\/product\/canape-etape-3\/#primaryimage"},"image":{"@id":"https:\/\/www.griphos.net\/be\/product\/canape-etape-3\/#primaryimage"},"thumbnailUrl":"https:\/\/www.griphos.net\/wp-content\/uploads\/2017\/08\/canap\u00e9-\u00e9tape-3-be.jpg","datePublished":"2017-08-08T14:14:17+00:00","dateModified":"2018-08-31T10:19:14+00:00","breadcrumb":{"@id":"https:\/\/www.griphos.net\/be\/product\/canape-etape-3\/#breadcrumb"},"inLanguage":"fr-BE","potentialAction":[{"@type":"ReadAction","target":["https:\/\/www.griphos.net\/be\/product\/canape-etape-3\/"]}]},{"@type":"ImageObject","inLanguage":"fr-BE","@id":"https:\/\/www.griphos.net\/be\/product\/canape-etape-3\/#primaryimage","url":"https:\/\/www.griphos.net\/wp-content\/uploads\/2017\/08\/canap\u00e9-\u00e9tape-3-be.jpg","contentUrl":"https:\/\/www.griphos.net\/wp-content\/uploads\/2017\/08\/canap\u00e9-\u00e9tape-3-be.jpg","width":600,"height":849},{"@type":"BreadcrumbList","@id":"https:\/\/www.griphos.net\/be\/product\/canape-etape-3\/#breadcrumb","itemListElement":[{"@type":"ListItem","position":1,"name":"Home","item":"https:\/\/www.griphos.net\/be\/"},{"@type":"ListItem","position":2,"name":"Shop","item":"https:\/\/www.griphos.net\/be\/shop\/"},{"@type":"ListItem","position":3,"name":"canap\u00e9 \u00e9tape 3"}]},{"@type":"WebSite","@id":"https:\/\/www.griphos.net\/be\/#website","url":"https:\/\/www.griphos.net\/be\/","name":"Griphos","description":"The new entertainment","potentialAction":[{"@type":"SearchAction","target":{"@type":"EntryPoint","urlTemplate":"https:\/\/www.griphos.net\/be\/?s={search_term_string}"},"query-input":"required name=search_term_string"}],"inLanguage":"fr-BE"}]}},"_links":{"self":[{"href":"https:\/\/www.griphos.net\/be\/wp-json\/wp\/v2\/product\/11269","targetHints":{"allow":["GET"]}}],"collection":[{"href":"https:\/\/www.griphos.net\/be\/wp-json\/wp\/v2\/product"}],"about":[{"href":"https:\/\/www.griphos.net\/be\/wp-json\/wp\/v2\/types\/product"}],"replies":[{"embeddable":true,"href":"https:\/\/www.griphos.net\/be\/wp-json\/wp\/v2\/comments?post=11269"}],"wp:featuredmedia":[{"embeddable":true,"href":"https:\/\/www.griphos.net\/be\/wp-json\/wp\/v2\/media\/11573"}],"wp:attachment":[{"href":"https:\/\/www.griphos.net\/be\/wp-json\/wp\/v2\/media?parent=11269"}],"wp:term":[{"taxonomy":"product_cat","embeddable":true,"href":"https:\/\/www.griphos.net\/be\/wp-json\/wp\/v2\/product_cat?post=11269"},{"taxonomy":"product_tag","embeddable":true,"href":"https:\/\/www.griphos.net\/be\/wp-json\/wp\/v2\/product_tag?post=11269"}],"curies":[{"name":"wp","href":"https:\/\/api.w.org\/{rel}","templated":true}]}}