{"id":8839,"date":"2018-08-22T11:36:33","date_gmt":"2018-08-22T10:36:33","guid":{"rendered":"https:\/\/www.griphos.net\/?post_type=product&#038;p=8839"},"modified":"2021-01-04T12:15:38","modified_gmt":"2021-01-04T11:15:38","slug":"busqueda-del-tesoro-al-abierto-en-el-parque-el-tesoro-de-la-isla-que-no-existe","status":"publish","type":"product","link":"https:\/\/www.griphos.net\/arg\/product\/busqueda-del-tesoro-al-abierto-en-el-parque-el-tesoro-de-la-isla-que-no-existe\/","title":{"rendered":"B\u00fasqueda del tesoro al abierto &#8211; en el parque &#8211; el tesoro de la isla que no existe"},"content":{"rendered":"<p>B\u00fasqueda del tesoro al abierto &#8211; en el parque &#8211; el tesoro de la isla que no existe<\/p>\n","protected":false},"excerpt":{"rendered":"<p>Todas las b\u00fasquedas del tesoro aqu\u00ed presentes incluyen acertijos para los escondites m\u00e1s comunes presentes en un parque de manera de contentar todos los padres que quieren organizar una b\u00fasqueda del tesoro al abierto para el propio hijo.<\/p>\n<p>Acerijos\u00a0: Columpio \u2013 Casita \u2013 Caballo de balancin \u2013 Mattoral \u2013 Cubo de basura \u2013Neum\u00e1tico \u2013 Farol \u2013 Banco del Parque &#8211; Puerta de f\u00fatbol \u2013 Recinto \u2013 Escaleras \u2013 Tobog\u00e1n \u2013 \u00c1rbol \u2013 Mesa &#8211; Pelota<\/p>\n<p>Juego apto para ni\u00f1os de entre 7 y 12 a\u00f1os e incluso m\u00e1s peque\u00f1os, si se les ayuda.<\/p>\n<ul>\n<li>3 PDF Documento<\/li>\n<li>45 p\u00e1ginas<\/li>\n<li>Las instrucciones est\u00e1n incluidas.<\/li>\n<\/ul>\n<p>&nbsp;<\/p>\n","protected":false},"featured_media":8841,"comment_status":"closed","ping_status":"closed","template":"","meta":[],"product_cat":[223,180],"product_tag":[104],"class_list":{"0":"post-8839","1":"product","2":"type-product","3":"status-publish","4":"has-post-thumbnail","6":"product_cat-busqueda-del-tesoro-en-el-parque-arg","7":"product_cat-busquedas-del-tesoro-al-abierto-arg","8":"product_tag-busquedas-del-culpable-arg","10":"first","11":"instock","12":"downloadable","13":"virtual","14":"taxable","15":"purchasable","16":"product-type-simple"},"yoast_head":"<!-- This site is optimized with the Yoast SEO Premium plugin v22.5 (Yoast SEO v22.5) - https:\/\/yoast.com\/wordpress\/plugins\/seo\/ -->\n<title>B\u00fasqueda del tesoro al abierto - en el parque - el tesoro de la isla que no existe - Griphos<\/title>\n<meta name=\"robots\" content=\"index, follow, max-snippet:-1, max-image-preview:large, max-video-preview:-1\" \/>\n<link rel=\"canonical\" href=\"https:\/\/www.griphos.net\/arg\/product\/busqueda-del-tesoro-al-abierto-en-el-parque-el-tesoro-de-la-isla-que-no-existe\/\" \/>\n<meta property=\"og:locale\" content=\"es_ES\" \/>\n<meta property=\"og:type\" content=\"article\" \/>\n<meta property=\"og:title\" content=\"B\u00fasqueda del tesoro al abierto - en el parque - el tesoro de la isla que no existe\" \/>\n<meta property=\"og:description\" content=\"Todas las b\u00fasquedas del tesoro aqu\u00ed presentes incluyen acertijos para los escondites m\u00e1s comunes presentes en un parque de manera de contentar todos los padres que quieren organizar una b\u00fasqueda del tesoro al abierto para el propio hijo.  Acerijos\u00a0: Columpio \u2013 Casita \u2013 Caballo de balancin \u2013 Mattoral \u2013 Cubo de basura \u2013Neum\u00e1tico \u2013 Farol \u2013 Banco del Parque - Puerta de f\u00fatbol \u2013 Recinto \u2013 Escaleras \u2013 Tobog\u00e1n \u2013 \u00c1rbol \u2013 Mesa - Pelota  Juego apto para ni\u00f1os de entre 7 y 12 a\u00f1os e incluso m\u00e1s peque\u00f1os, si se les ayuda.   3 PDF Documento  45 p\u00e1ginas  Las instrucciones est\u00e1n incluidas.  &nbsp;\" \/>\n<meta property=\"og:url\" content=\"https:\/\/www.griphos.net\/arg\/product\/busqueda-del-tesoro-al-abierto-en-el-parque-el-tesoro-de-la-isla-que-no-existe\/\" \/>\n<meta property=\"og:site_name\" content=\"Griphos\" \/>\n<meta property=\"article:modified_time\" content=\"2021-01-04T11:15:38+00:00\" \/>\n<meta property=\"og:image\" content=\"https:\/\/www.griphos.net\/wp-content\/uploads\/2018\/08\/1-parque-arg.jpg\" \/>\n\t<meta property=\"og:image:width\" content=\"600\" \/>\n\t<meta property=\"og:image:height\" content=\"848\" \/>\n\t<meta property=\"og:image:type\" content=\"image\/jpeg\" \/>\n<meta name=\"twitter:card\" content=\"summary_large_image\" \/>\n<script type=\"application\/ld+json\" class=\"yoast-schema-graph\">{\"@context\":\"https:\/\/schema.org\",\"@graph\":[{\"@type\":\"WebPage\",\"@id\":\"https:\/\/www.griphos.net\/arg\/product\/busqueda-del-tesoro-al-abierto-en-el-parque-el-tesoro-de-la-isla-que-no-existe\/\",\"url\":\"https:\/\/www.griphos.net\/arg\/product\/busqueda-del-tesoro-al-abierto-en-el-parque-el-tesoro-de-la-isla-que-no-existe\/\",\"name\":\"B\u00fasqueda del tesoro al abierto - en el parque - el tesoro de la isla que no existe - Griphos\",\"isPartOf\":{\"@id\":\"https:\/\/www.griphos.net\/arg\/#website\"},\"primaryImageOfPage\":{\"@id\":\"https:\/\/www.griphos.net\/arg\/product\/busqueda-del-tesoro-al-abierto-en-el-parque-el-tesoro-de-la-isla-que-no-existe\/#primaryimage\"},\"image\":{\"@id\":\"https:\/\/www.griphos.net\/arg\/product\/busqueda-del-tesoro-al-abierto-en-el-parque-el-tesoro-de-la-isla-que-no-existe\/#primaryimage\"},\"thumbnailUrl\":\"https:\/\/www.griphos.net\/wp-content\/uploads\/2018\/08\/1-parque-arg.jpg\",\"datePublished\":\"2018-08-22T10:36:33+00:00\",\"dateModified\":\"2021-01-04T11:15:38+00:00\",\"breadcrumb\":{\"@id\":\"https:\/\/www.griphos.net\/arg\/product\/busqueda-del-tesoro-al-abierto-en-el-parque-el-tesoro-de-la-isla-que-no-existe\/#breadcrumb\"},\"inLanguage\":\"es-AR\",\"potentialAction\":[{\"@type\":\"ReadAction\",\"target\":[\"https:\/\/www.griphos.net\/arg\/product\/busqueda-del-tesoro-al-abierto-en-el-parque-el-tesoro-de-la-isla-que-no-existe\/\"]}]},{\"@type\":\"ImageObject\",\"inLanguage\":\"es-AR\",\"@id\":\"https:\/\/www.griphos.net\/arg\/product\/busqueda-del-tesoro-al-abierto-en-el-parque-el-tesoro-de-la-isla-que-no-existe\/#primaryimage\",\"url\":\"https:\/\/www.griphos.net\/wp-content\/uploads\/2018\/08\/1-parque-arg.jpg\",\"contentUrl\":\"https:\/\/www.griphos.net\/wp-content\/uploads\/2018\/08\/1-parque-arg.jpg\",\"width\":600,\"height\":848},{\"@type\":\"BreadcrumbList\",\"@id\":\"https:\/\/www.griphos.net\/arg\/product\/busqueda-del-tesoro-al-abierto-en-el-parque-el-tesoro-de-la-isla-que-no-existe\/#breadcrumb\",\"itemListElement\":[{\"@type\":\"ListItem\",\"position\":1,\"name\":\"Home\",\"item\":\"https:\/\/www.griphos.net\/arg\/\"},{\"@type\":\"ListItem\",\"position\":2,\"name\":\"Tienda\",\"item\":\"https:\/\/www.griphos.net\/arg\/tienda\/\"},{\"@type\":\"ListItem\",\"position\":3,\"name\":\"B\u00fasqueda del tesoro al abierto &#8211; en el parque &#8211; el tesoro de la isla que no existe\"}]},{\"@type\":\"WebSite\",\"@id\":\"https:\/\/www.griphos.net\/arg\/#website\",\"url\":\"https:\/\/www.griphos.net\/arg\/\",\"name\":\"Griphos\",\"description\":\"The new entertainment\",\"potentialAction\":[{\"@type\":\"SearchAction\",\"target\":{\"@type\":\"EntryPoint\",\"urlTemplate\":\"https:\/\/www.griphos.net\/arg\/?s={search_term_string}\"},\"query-input\":\"required name=search_term_string\"}],\"inLanguage\":\"es-AR\"}]}<\/script>\n<!-- \/ Yoast SEO Premium plugin. -->","yoast_head_json":{"title":"B\u00fasqueda del tesoro al abierto - en el parque - el tesoro de la isla que no existe - Griphos","robots":{"index":"index","follow":"follow","max-snippet":"max-snippet:-1","max-image-preview":"max-image-preview:large","max-video-preview":"max-video-preview:-1"},"canonical":"https:\/\/www.griphos.net\/arg\/product\/busqueda-del-tesoro-al-abierto-en-el-parque-el-tesoro-de-la-isla-que-no-existe\/","og_locale":"es_ES","og_type":"article","og_title":"B\u00fasqueda del tesoro al abierto - en el parque - el tesoro de la isla que no existe","og_description":"Todas las b\u00fasquedas del tesoro aqu\u00ed presentes incluyen acertijos para los escondites m\u00e1s comunes presentes en un parque de manera de contentar todos los padres que quieren organizar una b\u00fasqueda del tesoro al abierto para el propio hijo.  Acerijos\u00a0: Columpio \u2013 Casita \u2013 Caballo de balancin \u2013 Mattoral \u2013 Cubo de basura \u2013Neum\u00e1tico \u2013 Farol \u2013 Banco del Parque - Puerta de f\u00fatbol \u2013 Recinto \u2013 Escaleras \u2013 Tobog\u00e1n \u2013 \u00c1rbol \u2013 Mesa - Pelota  Juego apto para ni\u00f1os de entre 7 y 12 a\u00f1os e incluso m\u00e1s peque\u00f1os, si se les ayuda.   3 PDF Documento  45 p\u00e1ginas  Las instrucciones est\u00e1n incluidas.  &nbsp;","og_url":"https:\/\/www.griphos.net\/arg\/product\/busqueda-del-tesoro-al-abierto-en-el-parque-el-tesoro-de-la-isla-que-no-existe\/","og_site_name":"Griphos","article_modified_time":"2021-01-04T11:15:38+00:00","og_image":[{"width":600,"height":848,"url":"https:\/\/www.griphos.net\/wp-content\/uploads\/2018\/08\/1-parque-arg.jpg","type":"image\/jpeg"}],"twitter_card":"summary_large_image","schema":{"@context":"https:\/\/schema.org","@graph":[{"@type":"WebPage","@id":"https:\/\/www.griphos.net\/arg\/product\/busqueda-del-tesoro-al-abierto-en-el-parque-el-tesoro-de-la-isla-que-no-existe\/","url":"https:\/\/www.griphos.net\/arg\/product\/busqueda-del-tesoro-al-abierto-en-el-parque-el-tesoro-de-la-isla-que-no-existe\/","name":"B\u00fasqueda del tesoro al abierto - en el parque - el tesoro de la isla que no existe - Griphos","isPartOf":{"@id":"https:\/\/www.griphos.net\/arg\/#website"},"primaryImageOfPage":{"@id":"https:\/\/www.griphos.net\/arg\/product\/busqueda-del-tesoro-al-abierto-en-el-parque-el-tesoro-de-la-isla-que-no-existe\/#primaryimage"},"image":{"@id":"https:\/\/www.griphos.net\/arg\/product\/busqueda-del-tesoro-al-abierto-en-el-parque-el-tesoro-de-la-isla-que-no-existe\/#primaryimage"},"thumbnailUrl":"https:\/\/www.griphos.net\/wp-content\/uploads\/2018\/08\/1-parque-arg.jpg","datePublished":"2018-08-22T10:36:33+00:00","dateModified":"2021-01-04T11:15:38+00:00","breadcrumb":{"@id":"https:\/\/www.griphos.net\/arg\/product\/busqueda-del-tesoro-al-abierto-en-el-parque-el-tesoro-de-la-isla-que-no-existe\/#breadcrumb"},"inLanguage":"es-AR","potentialAction":[{"@type":"ReadAction","target":["https:\/\/www.griphos.net\/arg\/product\/busqueda-del-tesoro-al-abierto-en-el-parque-el-tesoro-de-la-isla-que-no-existe\/"]}]},{"@type":"ImageObject","inLanguage":"es-AR","@id":"https:\/\/www.griphos.net\/arg\/product\/busqueda-del-tesoro-al-abierto-en-el-parque-el-tesoro-de-la-isla-que-no-existe\/#primaryimage","url":"https:\/\/www.griphos.net\/wp-content\/uploads\/2018\/08\/1-parque-arg.jpg","contentUrl":"https:\/\/www.griphos.net\/wp-content\/uploads\/2018\/08\/1-parque-arg.jpg","width":600,"height":848},{"@type":"BreadcrumbList","@id":"https:\/\/www.griphos.net\/arg\/product\/busqueda-del-tesoro-al-abierto-en-el-parque-el-tesoro-de-la-isla-que-no-existe\/#breadcrumb","itemListElement":[{"@type":"ListItem","position":1,"name":"Home","item":"https:\/\/www.griphos.net\/arg\/"},{"@type":"ListItem","position":2,"name":"Tienda","item":"https:\/\/www.griphos.net\/arg\/tienda\/"},{"@type":"ListItem","position":3,"name":"B\u00fasqueda del tesoro al abierto &#8211; en el parque &#8211; el tesoro de la isla que no existe"}]},{"@type":"WebSite","@id":"https:\/\/www.griphos.net\/arg\/#website","url":"https:\/\/www.griphos.net\/arg\/","name":"Griphos","description":"The new entertainment","potentialAction":[{"@type":"SearchAction","target":{"@type":"EntryPoint","urlTemplate":"https:\/\/www.griphos.net\/arg\/?s={search_term_string}"},"query-input":"required name=search_term_string"}],"inLanguage":"es-AR"}]}},"_links":{"self":[{"href":"https:\/\/www.griphos.net\/arg\/wp-json\/wp\/v2\/product\/8839","targetHints":{"allow":["GET"]}}],"collection":[{"href":"https:\/\/www.griphos.net\/arg\/wp-json\/wp\/v2\/product"}],"about":[{"href":"https:\/\/www.griphos.net\/arg\/wp-json\/wp\/v2\/types\/product"}],"replies":[{"embeddable":true,"href":"https:\/\/www.griphos.net\/arg\/wp-json\/wp\/v2\/comments?post=8839"}],"wp:featuredmedia":[{"embeddable":true,"href":"https:\/\/www.griphos.net\/arg\/wp-json\/wp\/v2\/media\/8841"}],"wp:attachment":[{"href":"https:\/\/www.griphos.net\/arg\/wp-json\/wp\/v2\/media?parent=8839"}],"wp:term":[{"taxonomy":"product_cat","embeddable":true,"href":"https:\/\/www.griphos.net\/arg\/wp-json\/wp\/v2\/product_cat?post=8839"},{"taxonomy":"product_tag","embeddable":true,"href":"https:\/\/www.griphos.net\/arg\/wp-json\/wp\/v2\/product_tag?post=8839"}],"curies":[{"name":"wp","href":"https:\/\/api.w.org\/{rel}","templated":true}]}}