{"id":18640,"date":"2020-09-12T18:08:29","date_gmt":"2020-09-12T17:08:29","guid":{"rendered":"https:\/\/www.griphos.net\/product\/escape-room-boveda-del-banco-de-europa-para-ninos-5-7\/"},"modified":"2020-09-12T18:08:29","modified_gmt":"2020-09-12T17:08:29","slug":"escape-room-boveda-del-banco-de-europa-para-ninos-5-7","status":"publish","type":"product","link":"https:\/\/www.griphos.net\/arg\/product\/escape-room-boveda-del-banco-de-europa-para-ninos-5-7\/","title":{"rendered":"ESCAPE ROOM &#8211; B\u00d3VEDA DEL BANCO DE EUROPA PARA NI\u00d1OS 5-7"},"content":{"rendered":"<p>Escape room &#8211; b\u00f3veda del banco de europa para ni\u00f1os 5-7<\/p>\n","protected":false},"excerpt":{"rendered":"<p>Tu hijo es un ladr\u00f3n formidable. Porque ha logrado encontrar el c\u00f3digo para abrir la &#8220;B\u00f3veda del Banco de Europa&#8221;. Pero una vez entrado, la puerta de seguridad se ha cerrado detr\u00e1s de \u00e9l. Dado que el c\u00f3digo de apertura externo es diferente al interno &#8230; \u00bfC\u00f3mo salir ahora? \u00bfC\u00f3mo disfrutar del bot\u00edn? Simplemente resolviendo los acertijos que lo llevar\u00e1n a encontrar bonitas im\u00e1genes de emoticonos de bombas para volar la cerradura de la puerta de la b\u00f3veda.<\/p>\n<p>Acertijos\/enigma: moneda &#8211; lapiz &#8211; leche &#8211; paraguas &#8211; zapatos &#8211; agua &#8211; calzoncillo &#8211; guante &#8211; escoba &#8211; mesas &#8211; temdedero &#8211; sombrero<\/p>\n<ul>\n<li>PDF file<\/li>\n<li>25 paginas<\/li>\n<li>instrucciones incluidas<\/li>\n<\/ul>\n","protected":false},"featured_media":17824,"comment_status":"closed","ping_status":"closed","template":"","meta":[],"product_cat":[225],"product_tag":[],"class_list":{"0":"post-18640","1":"product","2":"type-product","3":"status-publish","4":"has-post-thumbnail","6":"product_cat-escape-room-para-ninos-arg","8":"first","9":"instock","10":"sale","11":"downloadable","12":"virtual","13":"taxable","14":"purchasable","15":"product-type-simple"},"yoast_head":"<!-- This site is optimized with the Yoast SEO Premium plugin v22.5 (Yoast SEO v22.5) - https:\/\/yoast.com\/wordpress\/plugins\/seo\/ -->\n<title>ESCAPE ROOM - B\u00d3VEDA DEL BANCO DE EUROPA PARA NI\u00d1OS 5-7 - Griphos<\/title>\n<meta name=\"robots\" content=\"index, follow, max-snippet:-1, max-image-preview:large, max-video-preview:-1\" \/>\n<link rel=\"canonical\" href=\"https:\/\/www.griphos.net\/arg\/product\/escape-room-boveda-del-banco-de-europa-para-ninos-5-7\/\" \/>\n<meta property=\"og:locale\" content=\"es_ES\" \/>\n<meta property=\"og:type\" content=\"article\" \/>\n<meta property=\"og:title\" content=\"ESCAPE ROOM - B\u00d3VEDA DEL BANCO DE EUROPA PARA NI\u00d1OS 5-7\" \/>\n<meta property=\"og:description\" content=\"Tu hijo es un ladr\u00f3n formidable. Porque ha logrado encontrar el c\u00f3digo para abrir la &quot;B\u00f3veda del Banco de Europa&quot;. Pero una vez entrado, la puerta de seguridad se ha cerrado detr\u00e1s de \u00e9l. Dado que el c\u00f3digo de apertura externo es diferente al interno ... \u00bfC\u00f3mo salir ahora? \u00bfC\u00f3mo disfrutar del bot\u00edn? Simplemente resolviendo los acertijos que lo llevar\u00e1n a encontrar bonitas im\u00e1genes de emoticonos de bombas para volar la cerradura de la puerta de la b\u00f3veda.  Acertijos\/enigma: moneda - lapiz - leche - paraguas - zapatos - agua - calzoncillo - guante - escoba - mesas - temdedero - sombrero   PDF file  25 paginas  instrucciones incluidas\" \/>\n<meta property=\"og:url\" content=\"https:\/\/www.griphos.net\/arg\/product\/escape-room-boveda-del-banco-de-europa-para-ninos-5-7\/\" \/>\n<meta property=\"og:site_name\" content=\"Griphos\" \/>\n<meta property=\"og:image\" content=\"https:\/\/www.griphos.net\/wp-content\/uploads\/2021\/01\/1-escape-room-para-imprimir-para-ninos-5-7-anos-1.jpg\" \/>\n\t<meta property=\"og:image:width\" content=\"566\" \/>\n\t<meta property=\"og:image:height\" content=\"400\" \/>\n\t<meta property=\"og:image:type\" content=\"image\/jpeg\" \/>\n<meta name=\"twitter:card\" content=\"summary_large_image\" \/>\n<script type=\"application\/ld+json\" class=\"yoast-schema-graph\">{\"@context\":\"https:\/\/schema.org\",\"@graph\":[{\"@type\":\"WebPage\",\"@id\":\"https:\/\/www.griphos.net\/arg\/product\/escape-room-boveda-del-banco-de-europa-para-ninos-5-7\/\",\"url\":\"https:\/\/www.griphos.net\/arg\/product\/escape-room-boveda-del-banco-de-europa-para-ninos-5-7\/\",\"name\":\"ESCAPE ROOM - B\u00d3VEDA DEL BANCO DE EUROPA PARA NI\u00d1OS 5-7 - Griphos\",\"isPartOf\":{\"@id\":\"https:\/\/www.griphos.net\/arg\/#website\"},\"primaryImageOfPage\":{\"@id\":\"https:\/\/www.griphos.net\/arg\/product\/escape-room-boveda-del-banco-de-europa-para-ninos-5-7\/#primaryimage\"},\"image\":{\"@id\":\"https:\/\/www.griphos.net\/arg\/product\/escape-room-boveda-del-banco-de-europa-para-ninos-5-7\/#primaryimage\"},\"thumbnailUrl\":\"https:\/\/www.griphos.net\/wp-content\/uploads\/2021\/01\/1-escape-room-para-imprimir-para-ninos-5-7-anos-1.jpg\",\"datePublished\":\"2020-09-12T17:08:29+00:00\",\"dateModified\":\"2020-09-12T17:08:29+00:00\",\"breadcrumb\":{\"@id\":\"https:\/\/www.griphos.net\/arg\/product\/escape-room-boveda-del-banco-de-europa-para-ninos-5-7\/#breadcrumb\"},\"inLanguage\":\"es-AR\",\"potentialAction\":[{\"@type\":\"ReadAction\",\"target\":[\"https:\/\/www.griphos.net\/arg\/product\/escape-room-boveda-del-banco-de-europa-para-ninos-5-7\/\"]}]},{\"@type\":\"ImageObject\",\"inLanguage\":\"es-AR\",\"@id\":\"https:\/\/www.griphos.net\/arg\/product\/escape-room-boveda-del-banco-de-europa-para-ninos-5-7\/#primaryimage\",\"url\":\"https:\/\/www.griphos.net\/wp-content\/uploads\/2021\/01\/1-escape-room-para-imprimir-para-ninos-5-7-anos-1.jpg\",\"contentUrl\":\"https:\/\/www.griphos.net\/wp-content\/uploads\/2021\/01\/1-escape-room-para-imprimir-para-ninos-5-7-anos-1.jpg\",\"width\":566,\"height\":400},{\"@type\":\"BreadcrumbList\",\"@id\":\"https:\/\/www.griphos.net\/arg\/product\/escape-room-boveda-del-banco-de-europa-para-ninos-5-7\/#breadcrumb\",\"itemListElement\":[{\"@type\":\"ListItem\",\"position\":1,\"name\":\"Home\",\"item\":\"https:\/\/www.griphos.net\/arg\/\"},{\"@type\":\"ListItem\",\"position\":2,\"name\":\"Tienda\",\"item\":\"https:\/\/www.griphos.net\/arg\/tienda\/\"},{\"@type\":\"ListItem\",\"position\":3,\"name\":\"ESCAPE ROOM &#8211; B\u00d3VEDA DEL BANCO DE EUROPA PARA NI\u00d1OS 5-7\"}]},{\"@type\":\"WebSite\",\"@id\":\"https:\/\/www.griphos.net\/arg\/#website\",\"url\":\"https:\/\/www.griphos.net\/arg\/\",\"name\":\"Griphos\",\"description\":\"The new entertainment\",\"potentialAction\":[{\"@type\":\"SearchAction\",\"target\":{\"@type\":\"EntryPoint\",\"urlTemplate\":\"https:\/\/www.griphos.net\/arg\/?s={search_term_string}\"},\"query-input\":\"required name=search_term_string\"}],\"inLanguage\":\"es-AR\"}]}<\/script>\n<!-- \/ Yoast SEO Premium plugin. -->","yoast_head_json":{"title":"ESCAPE ROOM - B\u00d3VEDA DEL BANCO DE EUROPA PARA NI\u00d1OS 5-7 - Griphos","robots":{"index":"index","follow":"follow","max-snippet":"max-snippet:-1","max-image-preview":"max-image-preview:large","max-video-preview":"max-video-preview:-1"},"canonical":"https:\/\/www.griphos.net\/arg\/product\/escape-room-boveda-del-banco-de-europa-para-ninos-5-7\/","og_locale":"es_ES","og_type":"article","og_title":"ESCAPE ROOM - B\u00d3VEDA DEL BANCO DE EUROPA PARA NI\u00d1OS 5-7","og_description":"Tu hijo es un ladr\u00f3n formidable. Porque ha logrado encontrar el c\u00f3digo para abrir la \"B\u00f3veda del Banco de Europa\". Pero una vez entrado, la puerta de seguridad se ha cerrado detr\u00e1s de \u00e9l. Dado que el c\u00f3digo de apertura externo es diferente al interno ... \u00bfC\u00f3mo salir ahora? \u00bfC\u00f3mo disfrutar del bot\u00edn? Simplemente resolviendo los acertijos que lo llevar\u00e1n a encontrar bonitas im\u00e1genes de emoticonos de bombas para volar la cerradura de la puerta de la b\u00f3veda.  Acertijos\/enigma: moneda - lapiz - leche - paraguas - zapatos - agua - calzoncillo - guante - escoba - mesas - temdedero - sombrero   PDF file  25 paginas  instrucciones incluidas","og_url":"https:\/\/www.griphos.net\/arg\/product\/escape-room-boveda-del-banco-de-europa-para-ninos-5-7\/","og_site_name":"Griphos","og_image":[{"width":566,"height":400,"url":"https:\/\/www.griphos.net\/wp-content\/uploads\/2021\/01\/1-escape-room-para-imprimir-para-ninos-5-7-anos-1.jpg","type":"image\/jpeg"}],"twitter_card":"summary_large_image","schema":{"@context":"https:\/\/schema.org","@graph":[{"@type":"WebPage","@id":"https:\/\/www.griphos.net\/arg\/product\/escape-room-boveda-del-banco-de-europa-para-ninos-5-7\/","url":"https:\/\/www.griphos.net\/arg\/product\/escape-room-boveda-del-banco-de-europa-para-ninos-5-7\/","name":"ESCAPE ROOM - B\u00d3VEDA DEL BANCO DE EUROPA PARA NI\u00d1OS 5-7 - Griphos","isPartOf":{"@id":"https:\/\/www.griphos.net\/arg\/#website"},"primaryImageOfPage":{"@id":"https:\/\/www.griphos.net\/arg\/product\/escape-room-boveda-del-banco-de-europa-para-ninos-5-7\/#primaryimage"},"image":{"@id":"https:\/\/www.griphos.net\/arg\/product\/escape-room-boveda-del-banco-de-europa-para-ninos-5-7\/#primaryimage"},"thumbnailUrl":"https:\/\/www.griphos.net\/wp-content\/uploads\/2021\/01\/1-escape-room-para-imprimir-para-ninos-5-7-anos-1.jpg","datePublished":"2020-09-12T17:08:29+00:00","dateModified":"2020-09-12T17:08:29+00:00","breadcrumb":{"@id":"https:\/\/www.griphos.net\/arg\/product\/escape-room-boveda-del-banco-de-europa-para-ninos-5-7\/#breadcrumb"},"inLanguage":"es-AR","potentialAction":[{"@type":"ReadAction","target":["https:\/\/www.griphos.net\/arg\/product\/escape-room-boveda-del-banco-de-europa-para-ninos-5-7\/"]}]},{"@type":"ImageObject","inLanguage":"es-AR","@id":"https:\/\/www.griphos.net\/arg\/product\/escape-room-boveda-del-banco-de-europa-para-ninos-5-7\/#primaryimage","url":"https:\/\/www.griphos.net\/wp-content\/uploads\/2021\/01\/1-escape-room-para-imprimir-para-ninos-5-7-anos-1.jpg","contentUrl":"https:\/\/www.griphos.net\/wp-content\/uploads\/2021\/01\/1-escape-room-para-imprimir-para-ninos-5-7-anos-1.jpg","width":566,"height":400},{"@type":"BreadcrumbList","@id":"https:\/\/www.griphos.net\/arg\/product\/escape-room-boveda-del-banco-de-europa-para-ninos-5-7\/#breadcrumb","itemListElement":[{"@type":"ListItem","position":1,"name":"Home","item":"https:\/\/www.griphos.net\/arg\/"},{"@type":"ListItem","position":2,"name":"Tienda","item":"https:\/\/www.griphos.net\/arg\/tienda\/"},{"@type":"ListItem","position":3,"name":"ESCAPE ROOM &#8211; B\u00d3VEDA DEL BANCO DE EUROPA PARA NI\u00d1OS 5-7"}]},{"@type":"WebSite","@id":"https:\/\/www.griphos.net\/arg\/#website","url":"https:\/\/www.griphos.net\/arg\/","name":"Griphos","description":"The new entertainment","potentialAction":[{"@type":"SearchAction","target":{"@type":"EntryPoint","urlTemplate":"https:\/\/www.griphos.net\/arg\/?s={search_term_string}"},"query-input":"required name=search_term_string"}],"inLanguage":"es-AR"}]}},"_links":{"self":[{"href":"https:\/\/www.griphos.net\/arg\/wp-json\/wp\/v2\/product\/18640","targetHints":{"allow":["GET"]}}],"collection":[{"href":"https:\/\/www.griphos.net\/arg\/wp-json\/wp\/v2\/product"}],"about":[{"href":"https:\/\/www.griphos.net\/arg\/wp-json\/wp\/v2\/types\/product"}],"replies":[{"embeddable":true,"href":"https:\/\/www.griphos.net\/arg\/wp-json\/wp\/v2\/comments?post=18640"}],"wp:featuredmedia":[{"embeddable":true,"href":"https:\/\/www.griphos.net\/arg\/wp-json\/wp\/v2\/media\/17824"}],"wp:attachment":[{"href":"https:\/\/www.griphos.net\/arg\/wp-json\/wp\/v2\/media?parent=18640"}],"wp:term":[{"taxonomy":"product_cat","embeddable":true,"href":"https:\/\/www.griphos.net\/arg\/wp-json\/wp\/v2\/product_cat?post=18640"},{"taxonomy":"product_tag","embeddable":true,"href":"https:\/\/www.griphos.net\/arg\/wp-json\/wp\/v2\/product_tag?post=18640"}],"curies":[{"name":"wp","href":"https:\/\/api.w.org\/{rel}","templated":true}]}}