{"id":18638,"date":"2020-09-12T17:57:31","date_gmt":"2020-09-12T16:57:31","guid":{"rendered":"https:\/\/www.griphos.net\/product\/escape-room-boveda-del-banco-de-italia-para-ninos-11-13\/"},"modified":"2020-09-12T17:57:31","modified_gmt":"2020-09-12T16:57:31","slug":"escape-room-boveda-del-banco-de-italia-para-ninos-11-13","status":"publish","type":"product","link":"https:\/\/www.griphos.net\/arg\/product\/escape-room-boveda-del-banco-de-italia-para-ninos-11-13\/","title":{"rendered":"ESCAPE ROOM &#8211; B\u00d3VEDA DEL BANCO DE ITALIA PARA NI\u00d1OS 11-13"},"content":{"rendered":"<p>Escape room &#8211; b\u00f3veda del banco de italia para ni\u00f1os 11-13<\/p>\n","protected":false},"excerpt":{"rendered":"<p>Tu hijo es un ladr\u00f3n formidable. Porque ha logrado encontrar el c\u00f3digo para abrir la &#8220;B\u00f3veda del Banco de Italia&#8221;. Pero una vez entrado, la puerta de seguridad se ha cerrado detr\u00e1s de \u00e9l. Dado que el c\u00f3digo de apertura externo es diferente al interno &#8230; \u00bfC\u00f3mo salir ahora? \u00bfC\u00f3mo disfrutar del bot\u00edn? Simplemente resolviendo los acertijos que llevar\u00e1n a encontrar los n\u00fameros del nuevo c\u00f3digo.<\/p>\n<p>Acertijos\/enigma: boligrafo &#8211; ducha &#8211; pata de mesa &#8211; puerta &#8211; euro &#8211; pantalones &#8211; almohada &#8211; bolsa &#8211; botella &#8211; llave &#8211; bolsa de plastico &#8211; tv<\/p>\n<ul>\n<li>PDF file<\/li>\n<li>20 paginas<\/li>\n<li>instrucciones incluidas<\/li>\n<\/ul>\n","protected":false},"featured_media":17738,"comment_status":"closed","ping_status":"closed","template":"","meta":[],"product_cat":[225],"product_tag":[],"class_list":{"0":"post-18638","1":"product","2":"type-product","3":"status-publish","4":"has-post-thumbnail","6":"product_cat-escape-room-para-ninos-arg","8":"first","9":"instock","10":"sale","11":"downloadable","12":"virtual","13":"taxable","14":"purchasable","15":"product-type-simple"},"yoast_head":"<!-- This site is optimized with the Yoast SEO Premium plugin v22.5 (Yoast SEO v22.5) - https:\/\/yoast.com\/wordpress\/plugins\/seo\/ -->\n<title>ESCAPE ROOM - B\u00d3VEDA DEL BANCO DE ITALIA PARA NI\u00d1OS 11-13 - Griphos<\/title>\n<meta name=\"robots\" content=\"index, follow, max-snippet:-1, max-image-preview:large, max-video-preview:-1\" \/>\n<link rel=\"canonical\" href=\"https:\/\/www.griphos.net\/arg\/product\/escape-room-boveda-del-banco-de-italia-para-ninos-11-13\/\" \/>\n<meta property=\"og:locale\" content=\"es_ES\" \/>\n<meta property=\"og:type\" content=\"article\" \/>\n<meta property=\"og:title\" content=\"ESCAPE ROOM - B\u00d3VEDA DEL BANCO DE ITALIA PARA NI\u00d1OS 11-13\" \/>\n<meta property=\"og:description\" content=\"Tu hijo es un ladr\u00f3n formidable. Porque ha logrado encontrar el c\u00f3digo para abrir la &quot;B\u00f3veda del Banco de Italia&quot;. Pero una vez entrado, la puerta de seguridad se ha cerrado detr\u00e1s de \u00e9l. Dado que el c\u00f3digo de apertura externo es diferente al interno ... \u00bfC\u00f3mo salir ahora? \u00bfC\u00f3mo disfrutar del bot\u00edn? Simplemente resolviendo los acertijos que llevar\u00e1n a encontrar los n\u00fameros del nuevo c\u00f3digo.  Acertijos\/enigma: boligrafo - ducha - pata de mesa - puerta - euro - pantalones - almohada - bolsa - botella - llave - bolsa de plastico - tv   PDF file  20 paginas  instrucciones incluidas\" \/>\n<meta property=\"og:url\" content=\"https:\/\/www.griphos.net\/arg\/product\/escape-room-boveda-del-banco-de-italia-para-ninos-11-13\/\" \/>\n<meta property=\"og:site_name\" content=\"Griphos\" \/>\n<meta property=\"og:image\" content=\"https:\/\/www.griphos.net\/wp-content\/uploads\/2021\/01\/1-Escape-room-a-imprimir-ninos-banco-de-Italia-11-13-anos-1.jpg\" \/>\n\t<meta property=\"og:image:width\" content=\"707\" \/>\n\t<meta property=\"og:image:height\" content=\"500\" \/>\n\t<meta property=\"og:image:type\" content=\"image\/jpeg\" \/>\n<meta name=\"twitter:card\" content=\"summary_large_image\" \/>\n<script type=\"application\/ld+json\" class=\"yoast-schema-graph\">{\"@context\":\"https:\/\/schema.org\",\"@graph\":[{\"@type\":\"WebPage\",\"@id\":\"https:\/\/www.griphos.net\/arg\/product\/escape-room-boveda-del-banco-de-italia-para-ninos-11-13\/\",\"url\":\"https:\/\/www.griphos.net\/arg\/product\/escape-room-boveda-del-banco-de-italia-para-ninos-11-13\/\",\"name\":\"ESCAPE ROOM - B\u00d3VEDA DEL BANCO DE ITALIA PARA NI\u00d1OS 11-13 - Griphos\",\"isPartOf\":{\"@id\":\"https:\/\/www.griphos.net\/arg\/#website\"},\"primaryImageOfPage\":{\"@id\":\"https:\/\/www.griphos.net\/arg\/product\/escape-room-boveda-del-banco-de-italia-para-ninos-11-13\/#primaryimage\"},\"image\":{\"@id\":\"https:\/\/www.griphos.net\/arg\/product\/escape-room-boveda-del-banco-de-italia-para-ninos-11-13\/#primaryimage\"},\"thumbnailUrl\":\"https:\/\/www.griphos.net\/wp-content\/uploads\/2021\/01\/1-Escape-room-a-imprimir-ninos-banco-de-Italia-11-13-anos-1.jpg\",\"datePublished\":\"2020-09-12T16:57:31+00:00\",\"dateModified\":\"2020-09-12T16:57:31+00:00\",\"breadcrumb\":{\"@id\":\"https:\/\/www.griphos.net\/arg\/product\/escape-room-boveda-del-banco-de-italia-para-ninos-11-13\/#breadcrumb\"},\"inLanguage\":\"es-AR\",\"potentialAction\":[{\"@type\":\"ReadAction\",\"target\":[\"https:\/\/www.griphos.net\/arg\/product\/escape-room-boveda-del-banco-de-italia-para-ninos-11-13\/\"]}]},{\"@type\":\"ImageObject\",\"inLanguage\":\"es-AR\",\"@id\":\"https:\/\/www.griphos.net\/arg\/product\/escape-room-boveda-del-banco-de-italia-para-ninos-11-13\/#primaryimage\",\"url\":\"https:\/\/www.griphos.net\/wp-content\/uploads\/2021\/01\/1-Escape-room-a-imprimir-ninos-banco-de-Italia-11-13-anos-1.jpg\",\"contentUrl\":\"https:\/\/www.griphos.net\/wp-content\/uploads\/2021\/01\/1-Escape-room-a-imprimir-ninos-banco-de-Italia-11-13-anos-1.jpg\",\"width\":707,\"height\":500},{\"@type\":\"BreadcrumbList\",\"@id\":\"https:\/\/www.griphos.net\/arg\/product\/escape-room-boveda-del-banco-de-italia-para-ninos-11-13\/#breadcrumb\",\"itemListElement\":[{\"@type\":\"ListItem\",\"position\":1,\"name\":\"Home\",\"item\":\"https:\/\/www.griphos.net\/arg\/\"},{\"@type\":\"ListItem\",\"position\":2,\"name\":\"Tienda\",\"item\":\"https:\/\/www.griphos.net\/arg\/tienda\/\"},{\"@type\":\"ListItem\",\"position\":3,\"name\":\"ESCAPE ROOM &#8211; B\u00d3VEDA DEL BANCO DE ITALIA PARA NI\u00d1OS 11-13\"}]},{\"@type\":\"WebSite\",\"@id\":\"https:\/\/www.griphos.net\/arg\/#website\",\"url\":\"https:\/\/www.griphos.net\/arg\/\",\"name\":\"Griphos\",\"description\":\"The new entertainment\",\"potentialAction\":[{\"@type\":\"SearchAction\",\"target\":{\"@type\":\"EntryPoint\",\"urlTemplate\":\"https:\/\/www.griphos.net\/arg\/?s={search_term_string}\"},\"query-input\":\"required name=search_term_string\"}],\"inLanguage\":\"es-AR\"}]}<\/script>\n<!-- \/ Yoast SEO Premium plugin. -->","yoast_head_json":{"title":"ESCAPE ROOM - B\u00d3VEDA DEL BANCO DE ITALIA PARA NI\u00d1OS 11-13 - Griphos","robots":{"index":"index","follow":"follow","max-snippet":"max-snippet:-1","max-image-preview":"max-image-preview:large","max-video-preview":"max-video-preview:-1"},"canonical":"https:\/\/www.griphos.net\/arg\/product\/escape-room-boveda-del-banco-de-italia-para-ninos-11-13\/","og_locale":"es_ES","og_type":"article","og_title":"ESCAPE ROOM - B\u00d3VEDA DEL BANCO DE ITALIA PARA NI\u00d1OS 11-13","og_description":"Tu hijo es un ladr\u00f3n formidable. Porque ha logrado encontrar el c\u00f3digo para abrir la \"B\u00f3veda del Banco de Italia\". Pero una vez entrado, la puerta de seguridad se ha cerrado detr\u00e1s de \u00e9l. Dado que el c\u00f3digo de apertura externo es diferente al interno ... \u00bfC\u00f3mo salir ahora? \u00bfC\u00f3mo disfrutar del bot\u00edn? Simplemente resolviendo los acertijos que llevar\u00e1n a encontrar los n\u00fameros del nuevo c\u00f3digo.  Acertijos\/enigma: boligrafo - ducha - pata de mesa - puerta - euro - pantalones - almohada - bolsa - botella - llave - bolsa de plastico - tv   PDF file  20 paginas  instrucciones incluidas","og_url":"https:\/\/www.griphos.net\/arg\/product\/escape-room-boveda-del-banco-de-italia-para-ninos-11-13\/","og_site_name":"Griphos","og_image":[{"width":707,"height":500,"url":"https:\/\/www.griphos.net\/wp-content\/uploads\/2021\/01\/1-Escape-room-a-imprimir-ninos-banco-de-Italia-11-13-anos-1.jpg","type":"image\/jpeg"}],"twitter_card":"summary_large_image","schema":{"@context":"https:\/\/schema.org","@graph":[{"@type":"WebPage","@id":"https:\/\/www.griphos.net\/arg\/product\/escape-room-boveda-del-banco-de-italia-para-ninos-11-13\/","url":"https:\/\/www.griphos.net\/arg\/product\/escape-room-boveda-del-banco-de-italia-para-ninos-11-13\/","name":"ESCAPE ROOM - B\u00d3VEDA DEL BANCO DE ITALIA PARA NI\u00d1OS 11-13 - Griphos","isPartOf":{"@id":"https:\/\/www.griphos.net\/arg\/#website"},"primaryImageOfPage":{"@id":"https:\/\/www.griphos.net\/arg\/product\/escape-room-boveda-del-banco-de-italia-para-ninos-11-13\/#primaryimage"},"image":{"@id":"https:\/\/www.griphos.net\/arg\/product\/escape-room-boveda-del-banco-de-italia-para-ninos-11-13\/#primaryimage"},"thumbnailUrl":"https:\/\/www.griphos.net\/wp-content\/uploads\/2021\/01\/1-Escape-room-a-imprimir-ninos-banco-de-Italia-11-13-anos-1.jpg","datePublished":"2020-09-12T16:57:31+00:00","dateModified":"2020-09-12T16:57:31+00:00","breadcrumb":{"@id":"https:\/\/www.griphos.net\/arg\/product\/escape-room-boveda-del-banco-de-italia-para-ninos-11-13\/#breadcrumb"},"inLanguage":"es-AR","potentialAction":[{"@type":"ReadAction","target":["https:\/\/www.griphos.net\/arg\/product\/escape-room-boveda-del-banco-de-italia-para-ninos-11-13\/"]}]},{"@type":"ImageObject","inLanguage":"es-AR","@id":"https:\/\/www.griphos.net\/arg\/product\/escape-room-boveda-del-banco-de-italia-para-ninos-11-13\/#primaryimage","url":"https:\/\/www.griphos.net\/wp-content\/uploads\/2021\/01\/1-Escape-room-a-imprimir-ninos-banco-de-Italia-11-13-anos-1.jpg","contentUrl":"https:\/\/www.griphos.net\/wp-content\/uploads\/2021\/01\/1-Escape-room-a-imprimir-ninos-banco-de-Italia-11-13-anos-1.jpg","width":707,"height":500},{"@type":"BreadcrumbList","@id":"https:\/\/www.griphos.net\/arg\/product\/escape-room-boveda-del-banco-de-italia-para-ninos-11-13\/#breadcrumb","itemListElement":[{"@type":"ListItem","position":1,"name":"Home","item":"https:\/\/www.griphos.net\/arg\/"},{"@type":"ListItem","position":2,"name":"Tienda","item":"https:\/\/www.griphos.net\/arg\/tienda\/"},{"@type":"ListItem","position":3,"name":"ESCAPE ROOM &#8211; B\u00d3VEDA DEL BANCO DE ITALIA PARA NI\u00d1OS 11-13"}]},{"@type":"WebSite","@id":"https:\/\/www.griphos.net\/arg\/#website","url":"https:\/\/www.griphos.net\/arg\/","name":"Griphos","description":"The new entertainment","potentialAction":[{"@type":"SearchAction","target":{"@type":"EntryPoint","urlTemplate":"https:\/\/www.griphos.net\/arg\/?s={search_term_string}"},"query-input":"required name=search_term_string"}],"inLanguage":"es-AR"}]}},"_links":{"self":[{"href":"https:\/\/www.griphos.net\/arg\/wp-json\/wp\/v2\/product\/18638","targetHints":{"allow":["GET"]}}],"collection":[{"href":"https:\/\/www.griphos.net\/arg\/wp-json\/wp\/v2\/product"}],"about":[{"href":"https:\/\/www.griphos.net\/arg\/wp-json\/wp\/v2\/types\/product"}],"replies":[{"embeddable":true,"href":"https:\/\/www.griphos.net\/arg\/wp-json\/wp\/v2\/comments?post=18638"}],"wp:featuredmedia":[{"embeddable":true,"href":"https:\/\/www.griphos.net\/arg\/wp-json\/wp\/v2\/media\/17738"}],"wp:attachment":[{"href":"https:\/\/www.griphos.net\/arg\/wp-json\/wp\/v2\/media?parent=18638"}],"wp:term":[{"taxonomy":"product_cat","embeddable":true,"href":"https:\/\/www.griphos.net\/arg\/wp-json\/wp\/v2\/product_cat?post=18638"},{"taxonomy":"product_tag","embeddable":true,"href":"https:\/\/www.griphos.net\/arg\/wp-json\/wp\/v2\/product_tag?post=18638"}],"curies":[{"name":"wp","href":"https:\/\/api.w.org\/{rel}","templated":true}]}}