{"id":18568,"date":"2020-09-12T15:31:54","date_gmt":"2020-09-12T14:31:54","guid":{"rendered":"https:\/\/www.griphos.net\/product\/busqueda-del-tesoro-de-los-dragones-en-casa-o-jardin-o-casa-jardin-5-7-anos\/"},"modified":"2020-09-12T15:31:54","modified_gmt":"2020-09-12T14:31:54","slug":"busqueda-del-tesoro-de-los-dragones-en-casa-o-jardin-o-casa-jardin-5-7-anos","status":"publish","type":"product","link":"https:\/\/www.griphos.net\/arg\/product\/busqueda-del-tesoro-de-los-dragones-en-casa-o-jardin-o-casa-jardin-5-7-anos\/","title":{"rendered":"B\u00daSQUEDA DEL TESORO DE LOS DRAGONES -EN CASA O JARD\u00cdN O CASA\/JARD\u00cdN \u2013 5-7 A\u00d1OS"},"content":{"rendered":"<p>B\u00fasqueda del tesoro de los dragones -en casa o jard\u00edn o casa\/jard\u00edn \u2013\u00a05-7 a\u00f1os<\/p>\n","protected":false},"excerpt":{"rendered":"<p>Un drag\u00f3n tiene un tesoro escondido. Tu hijo tendr\u00e1 que resolver acertijos para encontrar el tesoro del drag\u00f3n que ser\u00e1 su recompensa<\/p>\n<ul>\n<li>PDF file<\/li>\n<li>20 Paginas<\/li>\n<li>instrucciones incluidas<\/li>\n<\/ul>\n","protected":false},"featured_media":17414,"comment_status":"closed","ping_status":"closed","template":"","meta":[],"product_cat":[180],"product_tag":[],"class_list":{"0":"post-18568","1":"product","2":"type-product","3":"status-publish","4":"has-post-thumbnail","6":"product_cat-busquedas-del-tesoro-al-abierto-arg","8":"first","9":"instock","10":"sale","11":"downloadable","12":"virtual","13":"taxable","14":"purchasable","15":"product-type-simple"},"yoast_head":"<!-- This site is optimized with the Yoast SEO Premium plugin v22.5 (Yoast SEO v22.5) - https:\/\/yoast.com\/wordpress\/plugins\/seo\/ -->\n<title>B\u00daSQUEDA DEL TESORO DE LOS DRAGONES -EN CASA O JARD\u00cdN O CASA\/JARD\u00cdN \u2013 5-7 A\u00d1OS - Griphos<\/title>\n<meta name=\"robots\" content=\"index, follow, max-snippet:-1, max-image-preview:large, max-video-preview:-1\" \/>\n<link rel=\"canonical\" href=\"https:\/\/www.griphos.net\/arg\/product\/busqueda-del-tesoro-de-los-dragones-en-casa-o-jardin-o-casa-jardin-5-7-anos\/\" \/>\n<meta property=\"og:locale\" content=\"es_ES\" \/>\n<meta property=\"og:type\" content=\"article\" \/>\n<meta property=\"og:title\" content=\"B\u00daSQUEDA DEL TESORO DE LOS DRAGONES -EN CASA O JARD\u00cdN O CASA\/JARD\u00cdN \u2013 5-7 A\u00d1OS\" \/>\n<meta property=\"og:description\" content=\"Un drag\u00f3n tiene un tesoro escondido. Tu hijo tendr\u00e1 que resolver acertijos para encontrar el tesoro del drag\u00f3n que ser\u00e1 su recompensa   PDF file  20 Paginas  instrucciones incluidas\" \/>\n<meta property=\"og:url\" content=\"https:\/\/www.griphos.net\/arg\/product\/busqueda-del-tesoro-de-los-dragones-en-casa-o-jardin-o-casa-jardin-5-7-anos\/\" \/>\n<meta property=\"og:site_name\" content=\"Griphos\" \/>\n<meta property=\"og:image\" content=\"https:\/\/www.griphos.net\/wp-content\/uploads\/2021\/01\/1-Busqueda-del-tesoro-de-los-dragones-5-7-anos-1.jpg\" \/>\n\t<meta property=\"og:image:width\" content=\"500\" \/>\n\t<meta property=\"og:image:height\" content=\"707\" \/>\n\t<meta property=\"og:image:type\" content=\"image\/jpeg\" \/>\n<meta name=\"twitter:card\" content=\"summary_large_image\" \/>\n<script type=\"application\/ld+json\" class=\"yoast-schema-graph\">{\"@context\":\"https:\/\/schema.org\",\"@graph\":[{\"@type\":\"WebPage\",\"@id\":\"https:\/\/www.griphos.net\/arg\/product\/busqueda-del-tesoro-de-los-dragones-en-casa-o-jardin-o-casa-jardin-5-7-anos\/\",\"url\":\"https:\/\/www.griphos.net\/arg\/product\/busqueda-del-tesoro-de-los-dragones-en-casa-o-jardin-o-casa-jardin-5-7-anos\/\",\"name\":\"B\u00daSQUEDA DEL TESORO DE LOS DRAGONES -EN CASA O JARD\u00cdN O CASA\/JARD\u00cdN \u2013 5-7 A\u00d1OS - Griphos\",\"isPartOf\":{\"@id\":\"https:\/\/www.griphos.net\/arg\/#website\"},\"primaryImageOfPage\":{\"@id\":\"https:\/\/www.griphos.net\/arg\/product\/busqueda-del-tesoro-de-los-dragones-en-casa-o-jardin-o-casa-jardin-5-7-anos\/#primaryimage\"},\"image\":{\"@id\":\"https:\/\/www.griphos.net\/arg\/product\/busqueda-del-tesoro-de-los-dragones-en-casa-o-jardin-o-casa-jardin-5-7-anos\/#primaryimage\"},\"thumbnailUrl\":\"https:\/\/www.griphos.net\/wp-content\/uploads\/2021\/01\/1-Busqueda-del-tesoro-de-los-dragones-5-7-anos-1.jpg\",\"datePublished\":\"2020-09-12T14:31:54+00:00\",\"dateModified\":\"2020-09-12T14:31:54+00:00\",\"breadcrumb\":{\"@id\":\"https:\/\/www.griphos.net\/arg\/product\/busqueda-del-tesoro-de-los-dragones-en-casa-o-jardin-o-casa-jardin-5-7-anos\/#breadcrumb\"},\"inLanguage\":\"es-AR\",\"potentialAction\":[{\"@type\":\"ReadAction\",\"target\":[\"https:\/\/www.griphos.net\/arg\/product\/busqueda-del-tesoro-de-los-dragones-en-casa-o-jardin-o-casa-jardin-5-7-anos\/\"]}]},{\"@type\":\"ImageObject\",\"inLanguage\":\"es-AR\",\"@id\":\"https:\/\/www.griphos.net\/arg\/product\/busqueda-del-tesoro-de-los-dragones-en-casa-o-jardin-o-casa-jardin-5-7-anos\/#primaryimage\",\"url\":\"https:\/\/www.griphos.net\/wp-content\/uploads\/2021\/01\/1-Busqueda-del-tesoro-de-los-dragones-5-7-anos-1.jpg\",\"contentUrl\":\"https:\/\/www.griphos.net\/wp-content\/uploads\/2021\/01\/1-Busqueda-del-tesoro-de-los-dragones-5-7-anos-1.jpg\",\"width\":500,\"height\":707},{\"@type\":\"BreadcrumbList\",\"@id\":\"https:\/\/www.griphos.net\/arg\/product\/busqueda-del-tesoro-de-los-dragones-en-casa-o-jardin-o-casa-jardin-5-7-anos\/#breadcrumb\",\"itemListElement\":[{\"@type\":\"ListItem\",\"position\":1,\"name\":\"Home\",\"item\":\"https:\/\/www.griphos.net\/arg\/\"},{\"@type\":\"ListItem\",\"position\":2,\"name\":\"Tienda\",\"item\":\"https:\/\/www.griphos.net\/arg\/tienda\/\"},{\"@type\":\"ListItem\",\"position\":3,\"name\":\"B\u00daSQUEDA DEL TESORO DE LOS DRAGONES -EN CASA O JARD\u00cdN O CASA\/JARD\u00cdN \u2013 5-7 A\u00d1OS\"}]},{\"@type\":\"WebSite\",\"@id\":\"https:\/\/www.griphos.net\/arg\/#website\",\"url\":\"https:\/\/www.griphos.net\/arg\/\",\"name\":\"Griphos\",\"description\":\"The new entertainment\",\"potentialAction\":[{\"@type\":\"SearchAction\",\"target\":{\"@type\":\"EntryPoint\",\"urlTemplate\":\"https:\/\/www.griphos.net\/arg\/?s={search_term_string}\"},\"query-input\":\"required name=search_term_string\"}],\"inLanguage\":\"es-AR\"}]}<\/script>\n<!-- \/ Yoast SEO Premium plugin. -->","yoast_head_json":{"title":"B\u00daSQUEDA DEL TESORO DE LOS DRAGONES -EN CASA O JARD\u00cdN O CASA\/JARD\u00cdN \u2013 5-7 A\u00d1OS - Griphos","robots":{"index":"index","follow":"follow","max-snippet":"max-snippet:-1","max-image-preview":"max-image-preview:large","max-video-preview":"max-video-preview:-1"},"canonical":"https:\/\/www.griphos.net\/arg\/product\/busqueda-del-tesoro-de-los-dragones-en-casa-o-jardin-o-casa-jardin-5-7-anos\/","og_locale":"es_ES","og_type":"article","og_title":"B\u00daSQUEDA DEL TESORO DE LOS DRAGONES -EN CASA O JARD\u00cdN O CASA\/JARD\u00cdN \u2013 5-7 A\u00d1OS","og_description":"Un drag\u00f3n tiene un tesoro escondido. Tu hijo tendr\u00e1 que resolver acertijos para encontrar el tesoro del drag\u00f3n que ser\u00e1 su recompensa   PDF file  20 Paginas  instrucciones incluidas","og_url":"https:\/\/www.griphos.net\/arg\/product\/busqueda-del-tesoro-de-los-dragones-en-casa-o-jardin-o-casa-jardin-5-7-anos\/","og_site_name":"Griphos","og_image":[{"width":500,"height":707,"url":"https:\/\/www.griphos.net\/wp-content\/uploads\/2021\/01\/1-Busqueda-del-tesoro-de-los-dragones-5-7-anos-1.jpg","type":"image\/jpeg"}],"twitter_card":"summary_large_image","schema":{"@context":"https:\/\/schema.org","@graph":[{"@type":"WebPage","@id":"https:\/\/www.griphos.net\/arg\/product\/busqueda-del-tesoro-de-los-dragones-en-casa-o-jardin-o-casa-jardin-5-7-anos\/","url":"https:\/\/www.griphos.net\/arg\/product\/busqueda-del-tesoro-de-los-dragones-en-casa-o-jardin-o-casa-jardin-5-7-anos\/","name":"B\u00daSQUEDA DEL TESORO DE LOS DRAGONES -EN CASA O JARD\u00cdN O CASA\/JARD\u00cdN \u2013 5-7 A\u00d1OS - Griphos","isPartOf":{"@id":"https:\/\/www.griphos.net\/arg\/#website"},"primaryImageOfPage":{"@id":"https:\/\/www.griphos.net\/arg\/product\/busqueda-del-tesoro-de-los-dragones-en-casa-o-jardin-o-casa-jardin-5-7-anos\/#primaryimage"},"image":{"@id":"https:\/\/www.griphos.net\/arg\/product\/busqueda-del-tesoro-de-los-dragones-en-casa-o-jardin-o-casa-jardin-5-7-anos\/#primaryimage"},"thumbnailUrl":"https:\/\/www.griphos.net\/wp-content\/uploads\/2021\/01\/1-Busqueda-del-tesoro-de-los-dragones-5-7-anos-1.jpg","datePublished":"2020-09-12T14:31:54+00:00","dateModified":"2020-09-12T14:31:54+00:00","breadcrumb":{"@id":"https:\/\/www.griphos.net\/arg\/product\/busqueda-del-tesoro-de-los-dragones-en-casa-o-jardin-o-casa-jardin-5-7-anos\/#breadcrumb"},"inLanguage":"es-AR","potentialAction":[{"@type":"ReadAction","target":["https:\/\/www.griphos.net\/arg\/product\/busqueda-del-tesoro-de-los-dragones-en-casa-o-jardin-o-casa-jardin-5-7-anos\/"]}]},{"@type":"ImageObject","inLanguage":"es-AR","@id":"https:\/\/www.griphos.net\/arg\/product\/busqueda-del-tesoro-de-los-dragones-en-casa-o-jardin-o-casa-jardin-5-7-anos\/#primaryimage","url":"https:\/\/www.griphos.net\/wp-content\/uploads\/2021\/01\/1-Busqueda-del-tesoro-de-los-dragones-5-7-anos-1.jpg","contentUrl":"https:\/\/www.griphos.net\/wp-content\/uploads\/2021\/01\/1-Busqueda-del-tesoro-de-los-dragones-5-7-anos-1.jpg","width":500,"height":707},{"@type":"BreadcrumbList","@id":"https:\/\/www.griphos.net\/arg\/product\/busqueda-del-tesoro-de-los-dragones-en-casa-o-jardin-o-casa-jardin-5-7-anos\/#breadcrumb","itemListElement":[{"@type":"ListItem","position":1,"name":"Home","item":"https:\/\/www.griphos.net\/arg\/"},{"@type":"ListItem","position":2,"name":"Tienda","item":"https:\/\/www.griphos.net\/arg\/tienda\/"},{"@type":"ListItem","position":3,"name":"B\u00daSQUEDA DEL TESORO DE LOS DRAGONES -EN CASA O JARD\u00cdN O CASA\/JARD\u00cdN \u2013 5-7 A\u00d1OS"}]},{"@type":"WebSite","@id":"https:\/\/www.griphos.net\/arg\/#website","url":"https:\/\/www.griphos.net\/arg\/","name":"Griphos","description":"The new entertainment","potentialAction":[{"@type":"SearchAction","target":{"@type":"EntryPoint","urlTemplate":"https:\/\/www.griphos.net\/arg\/?s={search_term_string}"},"query-input":"required name=search_term_string"}],"inLanguage":"es-AR"}]}},"_links":{"self":[{"href":"https:\/\/www.griphos.net\/arg\/wp-json\/wp\/v2\/product\/18568","targetHints":{"allow":["GET"]}}],"collection":[{"href":"https:\/\/www.griphos.net\/arg\/wp-json\/wp\/v2\/product"}],"about":[{"href":"https:\/\/www.griphos.net\/arg\/wp-json\/wp\/v2\/types\/product"}],"replies":[{"embeddable":true,"href":"https:\/\/www.griphos.net\/arg\/wp-json\/wp\/v2\/comments?post=18568"}],"wp:featuredmedia":[{"embeddable":true,"href":"https:\/\/www.griphos.net\/arg\/wp-json\/wp\/v2\/media\/17414"}],"wp:attachment":[{"href":"https:\/\/www.griphos.net\/arg\/wp-json\/wp\/v2\/media?parent=18568"}],"wp:term":[{"taxonomy":"product_cat","embeddable":true,"href":"https:\/\/www.griphos.net\/arg\/wp-json\/wp\/v2\/product_cat?post=18568"},{"taxonomy":"product_tag","embeddable":true,"href":"https:\/\/www.griphos.net\/arg\/wp-json\/wp\/v2\/product_tag?post=18568"}],"curies":[{"name":"wp","href":"https:\/\/api.w.org\/{rel}","templated":true}]}}