{"id":14702,"date":"2019-02-16T13:26:18","date_gmt":"2019-02-16T12:26:18","guid":{"rendered":"https:\/\/www.griphos.net\/?post_type=product&#038;p=14702"},"modified":"2019-02-16T13:43:35","modified_gmt":"2019-02-16T12:43:35","slug":"el-cumpleanos-de-martina-para-nina-8-10-anos","status":"publish","type":"product","link":"https:\/\/www.griphos.net\/arg\/product\/el-cumpleanos-de-martina-para-nina-8-10-anos\/","title":{"rendered":"El cumplea\u00f1os de martina para ni\u00f1a 8-10 a\u00f1os"},"content":{"rendered":"<p>busqueda del culpable\u00a0el cumplea\u00f1os de martina para ni\u00f1a\u00a08-10 a\u00f1os<\/p>\n","protected":false},"excerpt":{"rendered":"<p>Como ya ocurre desde hace a\u00f1os, Martina invit\u00f3 a algunos amigos a celebrar su cumplea\u00f1os.Pero algo fue mal.<\/p>\n<p>El detective Maggy y vuestro hijo tendr\u00e1n que investigar casos en los que todos son sospechosos, pero solo una persona es culpable. Deber\u00e1n resolver los acertijos, componer puzzle y palabras que les llevar\u00e1n a descubrir y examinar las pistas (im\u00e1genes), estudiar con atenci\u00f3n a las personas implicadas y al final sacar conclusiones de todo lo que han descubierto y encontrar al culpable.<\/p>\n<ul>\n<li>PDF Documento<\/li>\n<li>15 p\u00e1ginas<\/li>\n<li>Las instrucciones est\u00e1n incluidas.<\/li>\n<\/ul>\n","protected":false},"featured_media":14707,"comment_status":"closed","ping_status":"closed","template":"","meta":[],"product_cat":[88,89],"product_tag":[104],"class_list":{"0":"post-14702","1":"product","2":"type-product","3":"status-publish","4":"has-post-thumbnail","6":"product_cat-busquedas-del-culpable-arg","7":"product_cat-investigaciones-policiacas-para-ninas-arg","8":"product_tag-busquedas-del-culpable-arg","10":"first","11":"instock","12":"sale","13":"downloadable","14":"virtual","15":"taxable","16":"purchasable","17":"product-type-simple"},"yoast_head":"<!-- This site is optimized with the Yoast SEO Premium plugin v22.5 (Yoast SEO v22.5) - https:\/\/yoast.com\/wordpress\/plugins\/seo\/ -->\n<title>El cumplea\u00f1os de martina para ni\u00f1a 8-10 a\u00f1os - Griphos<\/title>\n<meta name=\"robots\" content=\"index, follow, max-snippet:-1, max-image-preview:large, max-video-preview:-1\" \/>\n<link rel=\"canonical\" href=\"https:\/\/www.griphos.net\/arg\/product\/el-cumpleanos-de-martina-para-nina-8-10-anos\/\" \/>\n<meta property=\"og:locale\" content=\"es_ES\" \/>\n<meta property=\"og:type\" content=\"article\" \/>\n<meta property=\"og:title\" content=\"El cumplea\u00f1os de martina para ni\u00f1a 8-10 a\u00f1os\" \/>\n<meta property=\"og:description\" content=\"Como ya ocurre desde hace a\u00f1os, Martina invit\u00f3 a algunos amigos a celebrar su cumplea\u00f1os.Pero algo fue mal. El detective Maggy y vuestro hijo tendr\u00e1n que investigar casos en los que todos son sospechosos, pero solo una persona es culpable. Deber\u00e1n resolver los acertijos, componer puzzle y palabras que les llevar\u00e1n a descubrir y examinar las pistas (im\u00e1genes), estudiar con atenci\u00f3n a las personas implicadas y al final sacar conclusiones de todo lo que han descubierto y encontrar al culpable.  PDF Documento 15 p\u00e1ginas Las instrucciones est\u00e1n incluidas.\" \/>\n<meta property=\"og:url\" content=\"https:\/\/www.griphos.net\/arg\/product\/el-cumpleanos-de-martina-para-nina-8-10-anos\/\" \/>\n<meta property=\"og:site_name\" content=\"Griphos\" \/>\n<meta property=\"article:modified_time\" content=\"2019-02-16T12:43:35+00:00\" \/>\n<meta property=\"og:image\" content=\"https:\/\/www.griphos.net\/wp-content\/uploads\/2019\/02\/1-B\u00fasqueda-del-tesoro-martina-5-7-2.jpg\" \/>\n\t<meta property=\"og:image:width\" content=\"600\" \/>\n\t<meta property=\"og:image:height\" content=\"848\" \/>\n\t<meta property=\"og:image:type\" content=\"image\/jpeg\" \/>\n<meta name=\"twitter:card\" content=\"summary_large_image\" \/>\n<script type=\"application\/ld+json\" class=\"yoast-schema-graph\">{\"@context\":\"https:\/\/schema.org\",\"@graph\":[{\"@type\":\"WebPage\",\"@id\":\"https:\/\/www.griphos.net\/arg\/product\/el-cumpleanos-de-martina-para-nina-8-10-anos\/\",\"url\":\"https:\/\/www.griphos.net\/arg\/product\/el-cumpleanos-de-martina-para-nina-8-10-anos\/\",\"name\":\"El cumplea\u00f1os de martina para ni\u00f1a 8-10 a\u00f1os - Griphos\",\"isPartOf\":{\"@id\":\"https:\/\/www.griphos.net\/arg\/#website\"},\"primaryImageOfPage\":{\"@id\":\"https:\/\/www.griphos.net\/arg\/product\/el-cumpleanos-de-martina-para-nina-8-10-anos\/#primaryimage\"},\"image\":{\"@id\":\"https:\/\/www.griphos.net\/arg\/product\/el-cumpleanos-de-martina-para-nina-8-10-anos\/#primaryimage\"},\"thumbnailUrl\":\"https:\/\/www.griphos.net\/wp-content\/uploads\/2019\/02\/1-B\u00fasqueda-del-tesoro-martina-5-7-2.jpg\",\"datePublished\":\"2019-02-16T12:26:18+00:00\",\"dateModified\":\"2019-02-16T12:43:35+00:00\",\"breadcrumb\":{\"@id\":\"https:\/\/www.griphos.net\/arg\/product\/el-cumpleanos-de-martina-para-nina-8-10-anos\/#breadcrumb\"},\"inLanguage\":\"es-AR\",\"potentialAction\":[{\"@type\":\"ReadAction\",\"target\":[\"https:\/\/www.griphos.net\/arg\/product\/el-cumpleanos-de-martina-para-nina-8-10-anos\/\"]}]},{\"@type\":\"ImageObject\",\"inLanguage\":\"es-AR\",\"@id\":\"https:\/\/www.griphos.net\/arg\/product\/el-cumpleanos-de-martina-para-nina-8-10-anos\/#primaryimage\",\"url\":\"https:\/\/www.griphos.net\/wp-content\/uploads\/2019\/02\/1-B\u00fasqueda-del-tesoro-martina-5-7-2.jpg\",\"contentUrl\":\"https:\/\/www.griphos.net\/wp-content\/uploads\/2019\/02\/1-B\u00fasqueda-del-tesoro-martina-5-7-2.jpg\",\"width\":600,\"height\":848},{\"@type\":\"BreadcrumbList\",\"@id\":\"https:\/\/www.griphos.net\/arg\/product\/el-cumpleanos-de-martina-para-nina-8-10-anos\/#breadcrumb\",\"itemListElement\":[{\"@type\":\"ListItem\",\"position\":1,\"name\":\"Home\",\"item\":\"https:\/\/www.griphos.net\/arg\/\"},{\"@type\":\"ListItem\",\"position\":2,\"name\":\"Tienda\",\"item\":\"https:\/\/www.griphos.net\/arg\/tienda\/\"},{\"@type\":\"ListItem\",\"position\":3,\"name\":\"El cumplea\u00f1os de martina para ni\u00f1a 8-10 a\u00f1os\"}]},{\"@type\":\"WebSite\",\"@id\":\"https:\/\/www.griphos.net\/arg\/#website\",\"url\":\"https:\/\/www.griphos.net\/arg\/\",\"name\":\"Griphos\",\"description\":\"The new entertainment\",\"potentialAction\":[{\"@type\":\"SearchAction\",\"target\":{\"@type\":\"EntryPoint\",\"urlTemplate\":\"https:\/\/www.griphos.net\/arg\/?s={search_term_string}\"},\"query-input\":\"required name=search_term_string\"}],\"inLanguage\":\"es-AR\"}]}<\/script>\n<!-- \/ Yoast SEO Premium plugin. -->","yoast_head_json":{"title":"El cumplea\u00f1os de martina para ni\u00f1a 8-10 a\u00f1os - Griphos","robots":{"index":"index","follow":"follow","max-snippet":"max-snippet:-1","max-image-preview":"max-image-preview:large","max-video-preview":"max-video-preview:-1"},"canonical":"https:\/\/www.griphos.net\/arg\/product\/el-cumpleanos-de-martina-para-nina-8-10-anos\/","og_locale":"es_ES","og_type":"article","og_title":"El cumplea\u00f1os de martina para ni\u00f1a 8-10 a\u00f1os","og_description":"Como ya ocurre desde hace a\u00f1os, Martina invit\u00f3 a algunos amigos a celebrar su cumplea\u00f1os.Pero algo fue mal. El detective Maggy y vuestro hijo tendr\u00e1n que investigar casos en los que todos son sospechosos, pero solo una persona es culpable. Deber\u00e1n resolver los acertijos, componer puzzle y palabras que les llevar\u00e1n a descubrir y examinar las pistas (im\u00e1genes), estudiar con atenci\u00f3n a las personas implicadas y al final sacar conclusiones de todo lo que han descubierto y encontrar al culpable.  PDF Documento 15 p\u00e1ginas Las instrucciones est\u00e1n incluidas.","og_url":"https:\/\/www.griphos.net\/arg\/product\/el-cumpleanos-de-martina-para-nina-8-10-anos\/","og_site_name":"Griphos","article_modified_time":"2019-02-16T12:43:35+00:00","og_image":[{"width":600,"height":848,"url":"https:\/\/www.griphos.net\/wp-content\/uploads\/2019\/02\/1-B\u00fasqueda-del-tesoro-martina-5-7-2.jpg","type":"image\/jpeg"}],"twitter_card":"summary_large_image","schema":{"@context":"https:\/\/schema.org","@graph":[{"@type":"WebPage","@id":"https:\/\/www.griphos.net\/arg\/product\/el-cumpleanos-de-martina-para-nina-8-10-anos\/","url":"https:\/\/www.griphos.net\/arg\/product\/el-cumpleanos-de-martina-para-nina-8-10-anos\/","name":"El cumplea\u00f1os de martina para ni\u00f1a 8-10 a\u00f1os - Griphos","isPartOf":{"@id":"https:\/\/www.griphos.net\/arg\/#website"},"primaryImageOfPage":{"@id":"https:\/\/www.griphos.net\/arg\/product\/el-cumpleanos-de-martina-para-nina-8-10-anos\/#primaryimage"},"image":{"@id":"https:\/\/www.griphos.net\/arg\/product\/el-cumpleanos-de-martina-para-nina-8-10-anos\/#primaryimage"},"thumbnailUrl":"https:\/\/www.griphos.net\/wp-content\/uploads\/2019\/02\/1-B\u00fasqueda-del-tesoro-martina-5-7-2.jpg","datePublished":"2019-02-16T12:26:18+00:00","dateModified":"2019-02-16T12:43:35+00:00","breadcrumb":{"@id":"https:\/\/www.griphos.net\/arg\/product\/el-cumpleanos-de-martina-para-nina-8-10-anos\/#breadcrumb"},"inLanguage":"es-AR","potentialAction":[{"@type":"ReadAction","target":["https:\/\/www.griphos.net\/arg\/product\/el-cumpleanos-de-martina-para-nina-8-10-anos\/"]}]},{"@type":"ImageObject","inLanguage":"es-AR","@id":"https:\/\/www.griphos.net\/arg\/product\/el-cumpleanos-de-martina-para-nina-8-10-anos\/#primaryimage","url":"https:\/\/www.griphos.net\/wp-content\/uploads\/2019\/02\/1-B\u00fasqueda-del-tesoro-martina-5-7-2.jpg","contentUrl":"https:\/\/www.griphos.net\/wp-content\/uploads\/2019\/02\/1-B\u00fasqueda-del-tesoro-martina-5-7-2.jpg","width":600,"height":848},{"@type":"BreadcrumbList","@id":"https:\/\/www.griphos.net\/arg\/product\/el-cumpleanos-de-martina-para-nina-8-10-anos\/#breadcrumb","itemListElement":[{"@type":"ListItem","position":1,"name":"Home","item":"https:\/\/www.griphos.net\/arg\/"},{"@type":"ListItem","position":2,"name":"Tienda","item":"https:\/\/www.griphos.net\/arg\/tienda\/"},{"@type":"ListItem","position":3,"name":"El cumplea\u00f1os de martina para ni\u00f1a 8-10 a\u00f1os"}]},{"@type":"WebSite","@id":"https:\/\/www.griphos.net\/arg\/#website","url":"https:\/\/www.griphos.net\/arg\/","name":"Griphos","description":"The new entertainment","potentialAction":[{"@type":"SearchAction","target":{"@type":"EntryPoint","urlTemplate":"https:\/\/www.griphos.net\/arg\/?s={search_term_string}"},"query-input":"required name=search_term_string"}],"inLanguage":"es-AR"}]}},"_links":{"self":[{"href":"https:\/\/www.griphos.net\/arg\/wp-json\/wp\/v2\/product\/14702","targetHints":{"allow":["GET"]}}],"collection":[{"href":"https:\/\/www.griphos.net\/arg\/wp-json\/wp\/v2\/product"}],"about":[{"href":"https:\/\/www.griphos.net\/arg\/wp-json\/wp\/v2\/types\/product"}],"replies":[{"embeddable":true,"href":"https:\/\/www.griphos.net\/arg\/wp-json\/wp\/v2\/comments?post=14702"}],"wp:featuredmedia":[{"embeddable":true,"href":"https:\/\/www.griphos.net\/arg\/wp-json\/wp\/v2\/media\/14707"}],"wp:attachment":[{"href":"https:\/\/www.griphos.net\/arg\/wp-json\/wp\/v2\/media?parent=14702"}],"wp:term":[{"taxonomy":"product_cat","embeddable":true,"href":"https:\/\/www.griphos.net\/arg\/wp-json\/wp\/v2\/product_cat?post=14702"},{"taxonomy":"product_tag","embeddable":true,"href":"https:\/\/www.griphos.net\/arg\/wp-json\/wp\/v2\/product_tag?post=14702"}],"curies":[{"name":"wp","href":"https:\/\/api.w.org\/{rel}","templated":true}]}}