{"id":14058,"date":"2019-02-16T11:49:43","date_gmt":"2019-02-16T10:49:43","guid":{"rendered":"https:\/\/www.griphos.net\/?post_type=product&#038;p=14058"},"modified":"2019-02-16T12:49:33","modified_gmt":"2019-02-16T11:49:33","slug":"busqueda-del-tesoro-con-mapa-en-casa-y-jardin-solucion-lavadora-5-7-anos","status":"publish","type":"product","link":"https:\/\/www.griphos.net\/arg\/product\/busqueda-del-tesoro-con-mapa-en-casa-y-jardin-solucion-lavadora-5-7-anos\/","title":{"rendered":"B\u00fasqueda del tesoro con mapa en casa y jard\u00edn soluci\u00f3n lavadora 5-7 anos"},"content":{"rendered":"<p>B\u00fasqueda del tesoro con mapa en casa y jard\u00edn soluci\u00f3n lavadora 5-7 a\u00f1os<\/p>\n<p>&nbsp;<\/p>\n","protected":false},"excerpt":{"rendered":"<p>Sus hijos tendr\u00e1n que solucionar los acertijos, componer puzzle y palabras, hundir barcos y poner las soluciones en los puntos inicados en el mapa. Las primeras letras de cada soluci\u00f3n componen la palabra que los llevar\u00e1 al escondite del tesoro que podr\u00eda ser su regalo de cuplea\u00f1os, un sobre con dinero, caramelos, chocolate\u2026.lo que quer\u00e1is. Depende de la ocasi\u00f3n.<\/p>\n<ul>\n<li>PDF Documento<\/li>\n<li>15 p\u00e1ginas<\/li>\n<li>Las instrucciones est\u00e1n incluidas.<\/li>\n<\/ul>\n<p>&nbsp;<\/p>\n","protected":false},"featured_media":14063,"comment_status":"closed","ping_status":"closed","template":"","meta":[],"product_cat":[98],"product_tag":[104],"class_list":{"0":"post-14058","1":"product","2":"type-product","3":"status-publish","4":"has-post-thumbnail","6":"product_cat-busqueda-del-tesoro-con-mapa-para-ninos-arg","7":"product_tag-busquedas-del-culpable-arg","9":"first","10":"instock","11":"sale","12":"downloadable","13":"virtual","14":"taxable","15":"purchasable","16":"product-type-simple"},"yoast_head":"<!-- This site is optimized with the Yoast SEO Premium plugin v22.5 (Yoast SEO v22.5) - https:\/\/yoast.com\/wordpress\/plugins\/seo\/ -->\n<title>B\u00fasqueda del tesoro con mapa en casa y jard\u00edn soluci\u00f3n lavadora 5-7 anos - Griphos<\/title>\n<meta name=\"robots\" content=\"index, follow, max-snippet:-1, max-image-preview:large, max-video-preview:-1\" \/>\n<link rel=\"canonical\" href=\"https:\/\/www.griphos.net\/arg\/product\/busqueda-del-tesoro-con-mapa-en-casa-y-jardin-solucion-lavadora-5-7-anos\/\" \/>\n<meta property=\"og:locale\" content=\"es_ES\" \/>\n<meta property=\"og:type\" content=\"article\" \/>\n<meta property=\"og:title\" content=\"B\u00fasqueda del tesoro con mapa en casa y jard\u00edn soluci\u00f3n lavadora 5-7 anos\" \/>\n<meta property=\"og:description\" content=\"Sus hijos tendr\u00e1n que solucionar los acertijos, componer puzzle y palabras, hundir barcos y poner las soluciones en los puntos inicados en el mapa. Las primeras letras de cada soluci\u00f3n componen la palabra que los llevar\u00e1 al escondite del tesoro que podr\u00eda ser su regalo de cuplea\u00f1os, un sobre con dinero, caramelos, chocolate\u2026.lo que quer\u00e1is. Depende de la ocasi\u00f3n.  PDF Documento 15 p\u00e1ginas Las instrucciones est\u00e1n incluidas.  &nbsp;\" \/>\n<meta property=\"og:url\" content=\"https:\/\/www.griphos.net\/arg\/product\/busqueda-del-tesoro-con-mapa-en-casa-y-jardin-solucion-lavadora-5-7-anos\/\" \/>\n<meta property=\"og:site_name\" content=\"Griphos\" \/>\n<meta property=\"article:modified_time\" content=\"2019-02-16T11:49:33+00:00\" \/>\n<meta property=\"og:image\" content=\"https:\/\/www.griphos.net\/wp-content\/uploads\/2019\/02\/1-busqueda-del-tesoro-mapa-lavadora.jpg\" \/>\n\t<meta property=\"og:image:width\" content=\"848\" \/>\n\t<meta property=\"og:image:height\" content=\"600\" \/>\n\t<meta property=\"og:image:type\" content=\"image\/jpeg\" \/>\n<meta name=\"twitter:card\" content=\"summary_large_image\" \/>\n<script type=\"application\/ld+json\" class=\"yoast-schema-graph\">{\"@context\":\"https:\/\/schema.org\",\"@graph\":[{\"@type\":\"WebPage\",\"@id\":\"https:\/\/www.griphos.net\/arg\/product\/busqueda-del-tesoro-con-mapa-en-casa-y-jardin-solucion-lavadora-5-7-anos\/\",\"url\":\"https:\/\/www.griphos.net\/arg\/product\/busqueda-del-tesoro-con-mapa-en-casa-y-jardin-solucion-lavadora-5-7-anos\/\",\"name\":\"B\u00fasqueda del tesoro con mapa en casa y jard\u00edn soluci\u00f3n lavadora 5-7 anos - Griphos\",\"isPartOf\":{\"@id\":\"https:\/\/www.griphos.net\/arg\/#website\"},\"primaryImageOfPage\":{\"@id\":\"https:\/\/www.griphos.net\/arg\/product\/busqueda-del-tesoro-con-mapa-en-casa-y-jardin-solucion-lavadora-5-7-anos\/#primaryimage\"},\"image\":{\"@id\":\"https:\/\/www.griphos.net\/arg\/product\/busqueda-del-tesoro-con-mapa-en-casa-y-jardin-solucion-lavadora-5-7-anos\/#primaryimage\"},\"thumbnailUrl\":\"https:\/\/www.griphos.net\/wp-content\/uploads\/2019\/02\/1-busqueda-del-tesoro-mapa-lavadora.jpg\",\"datePublished\":\"2019-02-16T10:49:43+00:00\",\"dateModified\":\"2019-02-16T11:49:33+00:00\",\"breadcrumb\":{\"@id\":\"https:\/\/www.griphos.net\/arg\/product\/busqueda-del-tesoro-con-mapa-en-casa-y-jardin-solucion-lavadora-5-7-anos\/#breadcrumb\"},\"inLanguage\":\"es-AR\",\"potentialAction\":[{\"@type\":\"ReadAction\",\"target\":[\"https:\/\/www.griphos.net\/arg\/product\/busqueda-del-tesoro-con-mapa-en-casa-y-jardin-solucion-lavadora-5-7-anos\/\"]}]},{\"@type\":\"ImageObject\",\"inLanguage\":\"es-AR\",\"@id\":\"https:\/\/www.griphos.net\/arg\/product\/busqueda-del-tesoro-con-mapa-en-casa-y-jardin-solucion-lavadora-5-7-anos\/#primaryimage\",\"url\":\"https:\/\/www.griphos.net\/wp-content\/uploads\/2019\/02\/1-busqueda-del-tesoro-mapa-lavadora.jpg\",\"contentUrl\":\"https:\/\/www.griphos.net\/wp-content\/uploads\/2019\/02\/1-busqueda-del-tesoro-mapa-lavadora.jpg\",\"width\":848,\"height\":600},{\"@type\":\"BreadcrumbList\",\"@id\":\"https:\/\/www.griphos.net\/arg\/product\/busqueda-del-tesoro-con-mapa-en-casa-y-jardin-solucion-lavadora-5-7-anos\/#breadcrumb\",\"itemListElement\":[{\"@type\":\"ListItem\",\"position\":1,\"name\":\"Home\",\"item\":\"https:\/\/www.griphos.net\/arg\/\"},{\"@type\":\"ListItem\",\"position\":2,\"name\":\"Tienda\",\"item\":\"https:\/\/www.griphos.net\/arg\/tienda\/\"},{\"@type\":\"ListItem\",\"position\":3,\"name\":\"B\u00fasqueda del tesoro con mapa en casa y jard\u00edn soluci\u00f3n lavadora 5-7 anos\"}]},{\"@type\":\"WebSite\",\"@id\":\"https:\/\/www.griphos.net\/arg\/#website\",\"url\":\"https:\/\/www.griphos.net\/arg\/\",\"name\":\"Griphos\",\"description\":\"The new entertainment\",\"potentialAction\":[{\"@type\":\"SearchAction\",\"target\":{\"@type\":\"EntryPoint\",\"urlTemplate\":\"https:\/\/www.griphos.net\/arg\/?s={search_term_string}\"},\"query-input\":\"required name=search_term_string\"}],\"inLanguage\":\"es-AR\"}]}<\/script>\n<!-- \/ Yoast SEO Premium plugin. -->","yoast_head_json":{"title":"B\u00fasqueda del tesoro con mapa en casa y jard\u00edn soluci\u00f3n lavadora 5-7 anos - Griphos","robots":{"index":"index","follow":"follow","max-snippet":"max-snippet:-1","max-image-preview":"max-image-preview:large","max-video-preview":"max-video-preview:-1"},"canonical":"https:\/\/www.griphos.net\/arg\/product\/busqueda-del-tesoro-con-mapa-en-casa-y-jardin-solucion-lavadora-5-7-anos\/","og_locale":"es_ES","og_type":"article","og_title":"B\u00fasqueda del tesoro con mapa en casa y jard\u00edn soluci\u00f3n lavadora 5-7 anos","og_description":"Sus hijos tendr\u00e1n que solucionar los acertijos, componer puzzle y palabras, hundir barcos y poner las soluciones en los puntos inicados en el mapa. Las primeras letras de cada soluci\u00f3n componen la palabra que los llevar\u00e1 al escondite del tesoro que podr\u00eda ser su regalo de cuplea\u00f1os, un sobre con dinero, caramelos, chocolate\u2026.lo que quer\u00e1is. Depende de la ocasi\u00f3n.  PDF Documento 15 p\u00e1ginas Las instrucciones est\u00e1n incluidas.  &nbsp;","og_url":"https:\/\/www.griphos.net\/arg\/product\/busqueda-del-tesoro-con-mapa-en-casa-y-jardin-solucion-lavadora-5-7-anos\/","og_site_name":"Griphos","article_modified_time":"2019-02-16T11:49:33+00:00","og_image":[{"width":848,"height":600,"url":"https:\/\/www.griphos.net\/wp-content\/uploads\/2019\/02\/1-busqueda-del-tesoro-mapa-lavadora.jpg","type":"image\/jpeg"}],"twitter_card":"summary_large_image","schema":{"@context":"https:\/\/schema.org","@graph":[{"@type":"WebPage","@id":"https:\/\/www.griphos.net\/arg\/product\/busqueda-del-tesoro-con-mapa-en-casa-y-jardin-solucion-lavadora-5-7-anos\/","url":"https:\/\/www.griphos.net\/arg\/product\/busqueda-del-tesoro-con-mapa-en-casa-y-jardin-solucion-lavadora-5-7-anos\/","name":"B\u00fasqueda del tesoro con mapa en casa y jard\u00edn soluci\u00f3n lavadora 5-7 anos - Griphos","isPartOf":{"@id":"https:\/\/www.griphos.net\/arg\/#website"},"primaryImageOfPage":{"@id":"https:\/\/www.griphos.net\/arg\/product\/busqueda-del-tesoro-con-mapa-en-casa-y-jardin-solucion-lavadora-5-7-anos\/#primaryimage"},"image":{"@id":"https:\/\/www.griphos.net\/arg\/product\/busqueda-del-tesoro-con-mapa-en-casa-y-jardin-solucion-lavadora-5-7-anos\/#primaryimage"},"thumbnailUrl":"https:\/\/www.griphos.net\/wp-content\/uploads\/2019\/02\/1-busqueda-del-tesoro-mapa-lavadora.jpg","datePublished":"2019-02-16T10:49:43+00:00","dateModified":"2019-02-16T11:49:33+00:00","breadcrumb":{"@id":"https:\/\/www.griphos.net\/arg\/product\/busqueda-del-tesoro-con-mapa-en-casa-y-jardin-solucion-lavadora-5-7-anos\/#breadcrumb"},"inLanguage":"es-AR","potentialAction":[{"@type":"ReadAction","target":["https:\/\/www.griphos.net\/arg\/product\/busqueda-del-tesoro-con-mapa-en-casa-y-jardin-solucion-lavadora-5-7-anos\/"]}]},{"@type":"ImageObject","inLanguage":"es-AR","@id":"https:\/\/www.griphos.net\/arg\/product\/busqueda-del-tesoro-con-mapa-en-casa-y-jardin-solucion-lavadora-5-7-anos\/#primaryimage","url":"https:\/\/www.griphos.net\/wp-content\/uploads\/2019\/02\/1-busqueda-del-tesoro-mapa-lavadora.jpg","contentUrl":"https:\/\/www.griphos.net\/wp-content\/uploads\/2019\/02\/1-busqueda-del-tesoro-mapa-lavadora.jpg","width":848,"height":600},{"@type":"BreadcrumbList","@id":"https:\/\/www.griphos.net\/arg\/product\/busqueda-del-tesoro-con-mapa-en-casa-y-jardin-solucion-lavadora-5-7-anos\/#breadcrumb","itemListElement":[{"@type":"ListItem","position":1,"name":"Home","item":"https:\/\/www.griphos.net\/arg\/"},{"@type":"ListItem","position":2,"name":"Tienda","item":"https:\/\/www.griphos.net\/arg\/tienda\/"},{"@type":"ListItem","position":3,"name":"B\u00fasqueda del tesoro con mapa en casa y jard\u00edn soluci\u00f3n lavadora 5-7 anos"}]},{"@type":"WebSite","@id":"https:\/\/www.griphos.net\/arg\/#website","url":"https:\/\/www.griphos.net\/arg\/","name":"Griphos","description":"The new entertainment","potentialAction":[{"@type":"SearchAction","target":{"@type":"EntryPoint","urlTemplate":"https:\/\/www.griphos.net\/arg\/?s={search_term_string}"},"query-input":"required name=search_term_string"}],"inLanguage":"es-AR"}]}},"_links":{"self":[{"href":"https:\/\/www.griphos.net\/arg\/wp-json\/wp\/v2\/product\/14058","targetHints":{"allow":["GET"]}}],"collection":[{"href":"https:\/\/www.griphos.net\/arg\/wp-json\/wp\/v2\/product"}],"about":[{"href":"https:\/\/www.griphos.net\/arg\/wp-json\/wp\/v2\/types\/product"}],"replies":[{"embeddable":true,"href":"https:\/\/www.griphos.net\/arg\/wp-json\/wp\/v2\/comments?post=14058"}],"wp:featuredmedia":[{"embeddable":true,"href":"https:\/\/www.griphos.net\/arg\/wp-json\/wp\/v2\/media\/14063"}],"wp:attachment":[{"href":"https:\/\/www.griphos.net\/arg\/wp-json\/wp\/v2\/media?parent=14058"}],"wp:term":[{"taxonomy":"product_cat","embeddable":true,"href":"https:\/\/www.griphos.net\/arg\/wp-json\/wp\/v2\/product_cat?post=14058"},{"taxonomy":"product_tag","embeddable":true,"href":"https:\/\/www.griphos.net\/arg\/wp-json\/wp\/v2\/product_tag?post=14058"}],"curies":[{"name":"wp","href":"https:\/\/api.w.org\/{rel}","templated":true}]}}