{"id":5174,"date":"2018-08-05T09:04:10","date_gmt":"2018-08-05T08:04:10","guid":{"rendered":"https:\/\/www.griphos.net\/terms-and-conditions\/"},"modified":"2018-08-05T09:04:10","modified_gmt":"2018-08-05T08:04:10","slug":"terms-and-conditions","status":"publish","type":"page","link":"https:\/\/www.griphos.net\/arg\/terms-and-conditions\/","title":{"rendered":"Terms and Conditions"},"content":{"rendered":"<p>El presente sitio web est\u00e1 destinado \u00fanicamente a uso personal. El usuario no puede descargar, copiar, reproducir, modificar, distribuir, publicar,transmitir, trasferir,vender,sublicenciar, visualizar, adaptar qualquier tipo de informaci\u00f3n, producto u servicio obtenido por medio del presente sitio. Se permite la descarga y la copia de informaciones \u00fanicamente para uso personal a condici\u00f3n de que est\u00e9 respetado el derecho de autor y las restricciones de uso.<\/p>\n","protected":false},"excerpt":{"rendered":"<p>El presente sitio web est\u00e1 destinado \u00fanicamente a uso personal. El usuario no puede descargar, copiar, reproducir, modificar, distribuir, publicar,transmitir, trasferir,vender,sublicenciar, visualizar, adaptar qualquier tipo de informaci\u00f3n, producto u servicio obtenido por medio del presente sitio. Se permite la descarga y la copia de informaciones \u00fanicamente para uso personal a&#8230;<\/p>\n","protected":false},"author":2,"featured_media":0,"parent":0,"menu_order":0,"comment_status":"closed","ping_status":"closed","template":"","meta":{"footnotes":""},"class_list":["post-5174","page","type-page","status-publish","hentry"],"yoast_head":"<!-- This site is optimized with the Yoast SEO Premium plugin v22.5 (Yoast SEO v22.5) - https:\/\/yoast.com\/wordpress\/plugins\/seo\/ -->\n<title>Terms and Conditions - Griphos<\/title>\n<meta name=\"robots\" content=\"index, follow, max-snippet:-1, max-image-preview:large, max-video-preview:-1\" \/>\n<link rel=\"canonical\" href=\"https:\/\/www.griphos.net\/arg\/terms-and-conditions\/\" \/>\n<meta property=\"og:locale\" content=\"es_ES\" \/>\n<meta property=\"og:type\" content=\"article\" \/>\n<meta property=\"og:title\" content=\"Terms and Conditions\" \/>\n<meta property=\"og:description\" content=\"El presente sitio web est\u00e1 destinado \u00fanicamente a uso personal. El usuario no puede descargar, copiar, reproducir, modificar, distribuir, publicar,transmitir, trasferir,vender,sublicenciar, visualizar, adaptar qualquier tipo de informaci\u00f3n, producto u servicio obtenido por medio del presente sitio. Se permite la descarga y la copia de informaciones \u00fanicamente para uso personal a...\" \/>\n<meta property=\"og:url\" content=\"https:\/\/www.griphos.net\/arg\/terms-and-conditions\/\" \/>\n<meta property=\"og:site_name\" content=\"Griphos\" \/>\n<meta name=\"twitter:card\" content=\"summary_large_image\" \/>\n<script type=\"application\/ld+json\" class=\"yoast-schema-graph\">{\"@context\":\"https:\/\/schema.org\",\"@graph\":[{\"@type\":\"WebPage\",\"@id\":\"https:\/\/www.griphos.net\/arg\/terms-and-conditions\/\",\"url\":\"https:\/\/www.griphos.net\/arg\/terms-and-conditions\/\",\"name\":\"Terms and Conditions - Griphos\",\"isPartOf\":{\"@id\":\"https:\/\/www.griphos.net\/arg\/#website\"},\"datePublished\":\"2018-08-05T08:04:10+00:00\",\"dateModified\":\"2018-08-05T08:04:10+00:00\",\"breadcrumb\":{\"@id\":\"https:\/\/www.griphos.net\/arg\/terms-and-conditions\/#breadcrumb\"},\"inLanguage\":\"es-AR\",\"potentialAction\":[{\"@type\":\"ReadAction\",\"target\":[\"https:\/\/www.griphos.net\/arg\/terms-and-conditions\/\"]}]},{\"@type\":\"BreadcrumbList\",\"@id\":\"https:\/\/www.griphos.net\/arg\/terms-and-conditions\/#breadcrumb\",\"itemListElement\":[{\"@type\":\"ListItem\",\"position\":1,\"name\":\"Home\",\"item\":\"https:\/\/www.griphos.net\/arg\/\"},{\"@type\":\"ListItem\",\"position\":2,\"name\":\"Terms and Conditions\"}]},{\"@type\":\"WebSite\",\"@id\":\"https:\/\/www.griphos.net\/arg\/#website\",\"url\":\"https:\/\/www.griphos.net\/arg\/\",\"name\":\"Griphos\",\"description\":\"The new entertainment\",\"potentialAction\":[{\"@type\":\"SearchAction\",\"target\":{\"@type\":\"EntryPoint\",\"urlTemplate\":\"https:\/\/www.griphos.net\/arg\/?s={search_term_string}\"},\"query-input\":\"required name=search_term_string\"}],\"inLanguage\":\"es-AR\"}]}<\/script>\n<!-- \/ Yoast SEO Premium plugin. -->","yoast_head_json":{"title":"Terms and Conditions - Griphos","robots":{"index":"index","follow":"follow","max-snippet":"max-snippet:-1","max-image-preview":"max-image-preview:large","max-video-preview":"max-video-preview:-1"},"canonical":"https:\/\/www.griphos.net\/arg\/terms-and-conditions\/","og_locale":"es_ES","og_type":"article","og_title":"Terms and Conditions","og_description":"El presente sitio web est\u00e1 destinado \u00fanicamente a uso personal. El usuario no puede descargar, copiar, reproducir, modificar, distribuir, publicar,transmitir, trasferir,vender,sublicenciar, visualizar, adaptar qualquier tipo de informaci\u00f3n, producto u servicio obtenido por medio del presente sitio. Se permite la descarga y la copia de informaciones \u00fanicamente para uso personal a...","og_url":"https:\/\/www.griphos.net\/arg\/terms-and-conditions\/","og_site_name":"Griphos","twitter_card":"summary_large_image","schema":{"@context":"https:\/\/schema.org","@graph":[{"@type":"WebPage","@id":"https:\/\/www.griphos.net\/arg\/terms-and-conditions\/","url":"https:\/\/www.griphos.net\/arg\/terms-and-conditions\/","name":"Terms and Conditions - Griphos","isPartOf":{"@id":"https:\/\/www.griphos.net\/arg\/#website"},"datePublished":"2018-08-05T08:04:10+00:00","dateModified":"2018-08-05T08:04:10+00:00","breadcrumb":{"@id":"https:\/\/www.griphos.net\/arg\/terms-and-conditions\/#breadcrumb"},"inLanguage":"es-AR","potentialAction":[{"@type":"ReadAction","target":["https:\/\/www.griphos.net\/arg\/terms-and-conditions\/"]}]},{"@type":"BreadcrumbList","@id":"https:\/\/www.griphos.net\/arg\/terms-and-conditions\/#breadcrumb","itemListElement":[{"@type":"ListItem","position":1,"name":"Home","item":"https:\/\/www.griphos.net\/arg\/"},{"@type":"ListItem","position":2,"name":"Terms and Conditions"}]},{"@type":"WebSite","@id":"https:\/\/www.griphos.net\/arg\/#website","url":"https:\/\/www.griphos.net\/arg\/","name":"Griphos","description":"The new entertainment","potentialAction":[{"@type":"SearchAction","target":{"@type":"EntryPoint","urlTemplate":"https:\/\/www.griphos.net\/arg\/?s={search_term_string}"},"query-input":"required name=search_term_string"}],"inLanguage":"es-AR"}]}},"_links":{"self":[{"href":"https:\/\/www.griphos.net\/arg\/wp-json\/wp\/v2\/pages\/5174","targetHints":{"allow":["GET"]}}],"collection":[{"href":"https:\/\/www.griphos.net\/arg\/wp-json\/wp\/v2\/pages"}],"about":[{"href":"https:\/\/www.griphos.net\/arg\/wp-json\/wp\/v2\/types\/page"}],"author":[{"embeddable":true,"href":"https:\/\/www.griphos.net\/arg\/wp-json\/wp\/v2\/users\/2"}],"replies":[{"embeddable":true,"href":"https:\/\/www.griphos.net\/arg\/wp-json\/wp\/v2\/comments?post=5174"}],"version-history":[{"count":0,"href":"https:\/\/www.griphos.net\/arg\/wp-json\/wp\/v2\/pages\/5174\/revisions"}],"wp:attachment":[{"href":"https:\/\/www.griphos.net\/arg\/wp-json\/wp\/v2\/media?parent=5174"}],"curies":[{"name":"wp","href":"https:\/\/api.w.org\/{rel}","templated":true}]}}