{"id":5172,"date":"2018-08-05T09:01:33","date_gmt":"2018-08-05T08:01:33","guid":{"rendered":"https:\/\/www.griphos.net\/privacy-policy\/"},"modified":"2018-08-14T10:36:43","modified_gmt":"2018-08-14T09:36:43","slug":"privacy-policy","status":"publish","type":"page","link":"https:\/\/www.griphos.net\/arg\/privacy-policy\/","title":{"rendered":"Privacy Policy"},"content":{"rendered":"<p><strong>Estimado cliente y visitador del sitio griphos.net,<\/strong><\/p>\n<p>te agradecemos por la confianza que nos has otorgado<u>.<\/u> De parte nuestra hacemos todo lo posible para poner al seguro tus datos, tus derechos morales y tu derecho a la autodeterminaci\u00f3n informativa por lo que concierne la recolecci\u00f3n, la elaboraci\u00f3n y el uso de tus datos personales. Nuestro sistema de protecci\u00f3n de los datos personales es conforme a la Ley Federal sobre la privacy (BDSG) y a la Ley sobre los medios telem\u00e1ticos (TMG).<\/p>\n<p>Piccole Perle Edizioni Creative di Testa Raffaele, en obtemperancia a las obligaci\u00f3nes <u>\u00a0<\/u>derivadas \u00a0de la Regulaci\u00f3n (UE) 2016\/679 del Parlamento Europeo y del Consejo del 27 de abril 2016 (Regulaci\u00f3n General de Protecci\u00f3n de Datos, a continuaci\u00f3n RGPD) y de la normativa italiana sobre protecci\u00f3n de datos, respeta y tutela la reserva de los usuarios del sitio al cual el dominio\u00a0 <a href=\"http:\/\/www.edizionipiccoleperle.it\/\">www.edizionipiccoleperle.it<\/a> y <a href=\"https:\/\/www.griphos.net\/\">www.griphos.net<\/a>, llevando a cabo cada esfuerzo posible y proporcionado para no menoscabar los derechos de los mismos, compatiblemente con la forma electr\u00f3nica de los servicios, para mantener la m\u00e1s absoluta\u00a0 discreci\u00f3n en el desarrollo de los servicios.<\/p>\n<p><strong>Recolecci\u00f3n y utilizaci\u00f3n de los datos<\/strong><\/p>\n<p>Edizioni Piccole Perle salva los datos necesarios para el desarrollo de la actividad y los envia a la empresa que se ocupa de las entregas para poder despachar tu orden en la mejor manera posible. Tus datos personales no son transmitidos en ningun caso a terceros no autorizados que no hacen parte de Edizioni Piccole Perle.<\/p>\n<p><strong>Uso de las cookies<\/strong><\/p>\n<p>Las cookies son elementos alfanumericos de identificaci\u00f3n\u00a0 (peque\u00f1os archivos de texto), que Edizioni Piccole Perle transmite al disco fijo de tu computadora por medio de tu navegador. La tecnica de las cookies es muy difundida y es utilizada por muchos negocios online. Por ejemplo en el comercio online el carrito virtual viene realizado con las cookies.<\/p>\n<p>Cuando te has registrado (con nombre usuario y contrase\u00f1a), utiliza las as\u00ed llamadas\u00a0 \u201ccookies de sesi\u00f3n\u201d, con las cuales puedes ser identificado en el curso de tu visita a este sitio. Al t\u00e9rmino de la sesi\u00f3n de adquisici\u00f3n las cookies de sesi\u00f3n decaen automaticamente.<\/p>\n<p>Durante tu sesi\u00f3n de adquisici\u00f3n\u00a0 en Edizioni Piccole Perle, Edizioni Piccole Perle transfiere una cookie permanente en tu disco duro. Eso permite a nuestros sistemas de salvar tu carrito por todo el tiempo de tu sesi\u00f3n de adquisici\u00f3n y para tus visitas sucesivas a nuestro shop (hasta 90 dias). Sirven tambien a la individuaci\u00f3n de uso indebito, por ejemplo en caso de creaci\u00f3n de account dobles. En fin con la ayuda de las cookies Edizioni Piccole Perle tambien salva los ultimos t\u00e9rminos de b\u00fasqueda que tu has inserido en el shop para poderte mostrar aquellos que has utiizado recientemente.<\/p>\n<p>Utilizzando banner y link externos a Edizioni Piccole Perle, con la ayuda de las cookies te seran asignados tambien codigos identificativos (ID) para iniciativas publicitarias y vales de rebaja. Las cookies permanentes no contienen datos personales como nombre, e-mail o direcci\u00f3n IP. Este m\u00e9todo de empleo de las cookies no permite de identificar un usuario inequivocamente.<\/p>\n<p>En tu navegador puedes desactivar el salvataje de las cookies, limitarlo a algunos sitios o programar tu navegador para que te informe cuando venga enviada una cookie. En cualquier momento puedes tambi\u00e9n\u00a0 cancelar las cookies del disco fijo de tu computadora. Encuentras m\u00e1s informaci\u00f3nes\u00a0 respecto a la configuraci\u00f3n de tu navegador por lo que concierne las cookies en el men\u00fa \u00abhelp\u00bb de tu navegador.<\/p>\n<p><strong>Google Analytics<\/strong><\/p>\n<p>El presente sitio utiliza Google Analytics, un servicio de an\u00e1lisis del sitio web de Google Inc. (\u201cGoogle\u201d). Google Analytics utiliza las as\u00ed llamadas cookies, archivos de texto salvados en tu computadora, que admiten una an\u00e1lisis del uso del sitio web de tu parte. Las informaci\u00f3nes obtenidas por medio de las cookies y relativas a tu utilizo de este sitio web (incluida tu direcci\u00f3n IP, cuyos ultimos 8 caracteres no son transmitidos a Google Analytics para garantizar el anonimato por medio de \u201canonymizelp()\u201d)\u00a0 son transmitidas a un server de Google en los USA\u00a0 donde vienen salvadas. Google utilizar\u00e1 tales informaci\u00f3nes para evaluar tu uso del sitio, para redactar reporte respecto a la actividad del sitio para los gerentes del sitio mismo y para proveer ulteriores servicios ligados al empleo del sitio y al empleo de la red. Google puede transmitir tales informaci\u00f3nes a terceros, en el caso que eso sea previsto por la ley o bien si tales terceros elaboran los datos por encargo de Google. En ningun caso Google pondr\u00e1 en relaci\u00f3n tu direcci\u00f3n IP con otros datos de Google. Puedes impedir en cada momento la instalaci\u00f3n de cookies por medio de la configuraci\u00f3n de tu navegador; sin embargo te hacemos presente que en este caso puede suceder che tu no puedas utilizar por entero todas las funci\u00f3nes de este sitio. Utilizando este sitio, te declaras de acuerdo con la elaboraci\u00f3n de los datos recogidos por Google en el modo describido precedentemente y para la finalidad arriba mencionada. Si no quieres que informaci\u00f3nes relativas a tu navegaci\u00f3n en el sitio\u00a0 sean transmitidas a Google Analytics, puedes descargar aqu\u00ed un add-on de desactivaci\u00f3n para el navegador internet.<\/p>\n<p><strong>Una ojeada a tus datos personales.<\/strong><\/p>\n<p>Puedes examinar, modificar y cancelar tus datos personales en cualquier momento cliqueando sobre \u00abmy account\u00bb y utilizando tu direcci\u00f3n e-mail y tu contrase\u00f1a. Si has olvidado la contrase\u00f1a, te ofrecemos un servicio especial: cliqueando sobre \u201cmy account\u201d en la pagina del log-in encuentras el link \u201c\u00bfcontrase\u00f1a olvidada?\u201d, que te ayudar\u00e1 a encontrar tu contrase\u00f1a. Registra simplemente la direcci\u00f3n e-mail que conocemos y envianos el m\u00f3dulo. Te enviaremos una contrase\u00f1a\u00a0 sustitutiva a tu direcci\u00f3n e-mail. Esta procedura no es riesgosa ni tampoco en el caso que una tercera persona trate de tener acceso a tus datos; en todo caso la contrase\u00f1a ser\u00e1 enviada a tu direcci\u00f3n e-mail, a la cual solo tu puedes acceder.<\/p>\n<h2>Who we are<\/h2>\n<p>Our website address is: https:\/\/www.griphos.net.<\/p>\n<h2>What personal data we collect and why we collect it<\/h2>\n<h3>Comments<\/h3>\n<p>When visitors leave comments on the site we collect the data shown in the comments form, and also the visitor\u2019s IP address and browser user agent string to help spam detection.<\/p>\n<p>An anonymized string created from your email address (also called a hash) may be provided to the Gravatar service to see if you are using it. The Gravatar service privacy policy is available here: https:\/\/automattic.com\/privacy\/. After approval of your comment, your profile picture is visible to the public in the context of your comment.<\/p>\n<h3>Media<\/h3>\n<p>If you upload images to the website, you should avoid uploading images with embedded location data (EXIF GPS) included. Visitors to the website can download and extract any location data from images on the website.<\/p>\n<h3>Contact forms<\/h3>\n<h3>Cookies<\/h3>\n<p>If you leave a comment on our site you may opt-in to saving your name, email address and website in cookies. These are for your convenience so that you do not have to fill in your details again when you leave another comment. These cookies will last for one year.<\/p>\n<p>If you have an account and you log in to this site, we will set a temporary cookie to determine if your browser accepts cookies. This cookie contains no personal data and is discarded when you close your browser.<\/p>\n<p>When you log in, we will also set up several cookies to save your login information and your screen display choices. Login cookies last for two days, and screen options cookies last for a year. If you select &#8220;Remember Me&#8221;, your login will persist for two weeks. If you log out of your account, the login cookies will be removed.<\/p>\n<p>If you edit or publish an article, an additional cookie will be saved in your browser. This cookie includes no personal data and simply indicates the post ID of the article you just edited. It expires after 1 day.<\/p>\n<h3>Embedded content from other websites<\/h3>\n<p>Articles on this site may include embedded content (e.g. videos, images, articles, etc.). Embedded content from other websites behaves in the exact same way as if the visitor has visited the other website.<\/p>\n<p>These websites may collect data about you, use cookies, embed additional third-party tracking, and monitor your interaction with that embedded content, including tracing your interaction with the embedded content if you have an account and are logged in to that website.<\/p>\n<h3>Analytics<\/h3>\n<h2>Who we share your data with<\/h2>\n<h2>How long we retain your data<\/h2>\n<p>If you leave a comment, the comment and its metadata are retained indefinitely. This is so we can recognize and approve any follow-up comments automatically instead of holding them in a moderation queue.<\/p>\n<p>For users that register on our website (if any), we also store the personal information they provide in their user profile. All users can see, edit, or delete their personal information at any time (except they cannot change their username). Website administrators can also see and edit that information.<\/p>\n<h2>What rights you have over your data<\/h2>\n<p>If you have an account on this site, or have left comments, you can request to receive an exported file of the personal data we hold about you, including any data you have provided to us. You can also request that we erase any personal data we hold about you. This does not include any data we are obliged to keep for administrative, legal, or security purposes.<\/p>\n<h2>Where we send your data<\/h2>\n<p>Visitor comments may be checked through an automated spam detection service.<\/p>\n<h3><\/h3>\n","protected":false},"excerpt":{"rendered":"<p>Estimado cliente y visitador del sitio griphos.net, te agradecemos por la confianza que nos has otorgado. De parte nuestra hacemos todo lo posible para poner al seguro tus datos, tus derechos morales y tu derecho a la autodeterminaci\u00f3n informativa por lo que concierne la recolecci\u00f3n, la elaboraci\u00f3n y el uso&#8230;<\/p>\n","protected":false},"author":2,"featured_media":0,"parent":0,"menu_order":0,"comment_status":"closed","ping_status":"closed","template":"","meta":{"footnotes":""},"class_list":["post-5172","page","type-page","status-publish","hentry"],"yoast_head":"<!-- This site is optimized with the Yoast SEO Premium plugin v22.5 (Yoast SEO v22.5) - https:\/\/yoast.com\/wordpress\/plugins\/seo\/ -->\n<title>Privacy Policy - Griphos<\/title>\n<meta name=\"robots\" content=\"index, follow, max-snippet:-1, max-image-preview:large, max-video-preview:-1\" \/>\n<link rel=\"canonical\" href=\"https:\/\/www.griphos.net\/arg\/privacy-policy\/\" \/>\n<meta property=\"og:locale\" content=\"es_ES\" \/>\n<meta property=\"og:type\" content=\"article\" \/>\n<meta property=\"og:title\" content=\"Privacy Policy\" \/>\n<meta property=\"og:description\" content=\"Estimado cliente y visitador del sitio griphos.net, te agradecemos por la confianza que nos has otorgado. De parte nuestra hacemos todo lo posible para poner al seguro tus datos, tus derechos morales y tu derecho a la autodeterminaci\u00f3n informativa por lo que concierne la recolecci\u00f3n, la elaboraci\u00f3n y el uso...\" \/>\n<meta property=\"og:url\" content=\"https:\/\/www.griphos.net\/arg\/privacy-policy\/\" \/>\n<meta property=\"og:site_name\" content=\"Griphos\" \/>\n<meta property=\"article:modified_time\" content=\"2018-08-14T09:36:43+00:00\" \/>\n<meta name=\"twitter:card\" content=\"summary_large_image\" \/>\n<meta name=\"twitter:label1\" content=\"Est. reading time\" \/>\n\t<meta name=\"twitter:data1\" content=\"8 minutes\" \/>\n<script type=\"application\/ld+json\" class=\"yoast-schema-graph\">{\"@context\":\"https:\/\/schema.org\",\"@graph\":[{\"@type\":\"WebPage\",\"@id\":\"https:\/\/www.griphos.net\/arg\/privacy-policy\/\",\"url\":\"https:\/\/www.griphos.net\/arg\/privacy-policy\/\",\"name\":\"Privacy Policy - Griphos\",\"isPartOf\":{\"@id\":\"https:\/\/www.griphos.net\/arg\/#website\"},\"datePublished\":\"2018-08-05T08:01:33+00:00\",\"dateModified\":\"2018-08-14T09:36:43+00:00\",\"breadcrumb\":{\"@id\":\"https:\/\/www.griphos.net\/arg\/privacy-policy\/#breadcrumb\"},\"inLanguage\":\"es-AR\",\"potentialAction\":[{\"@type\":\"ReadAction\",\"target\":[\"https:\/\/www.griphos.net\/arg\/privacy-policy\/\"]}]},{\"@type\":\"BreadcrumbList\",\"@id\":\"https:\/\/www.griphos.net\/arg\/privacy-policy\/#breadcrumb\",\"itemListElement\":[{\"@type\":\"ListItem\",\"position\":1,\"name\":\"Home\",\"item\":\"https:\/\/www.griphos.net\/arg\/\"},{\"@type\":\"ListItem\",\"position\":2,\"name\":\"Privacy Policy\"}]},{\"@type\":\"WebSite\",\"@id\":\"https:\/\/www.griphos.net\/arg\/#website\",\"url\":\"https:\/\/www.griphos.net\/arg\/\",\"name\":\"Griphos\",\"description\":\"The new entertainment\",\"potentialAction\":[{\"@type\":\"SearchAction\",\"target\":{\"@type\":\"EntryPoint\",\"urlTemplate\":\"https:\/\/www.griphos.net\/arg\/?s={search_term_string}\"},\"query-input\":\"required name=search_term_string\"}],\"inLanguage\":\"es-AR\"}]}<\/script>\n<!-- \/ Yoast SEO Premium plugin. -->","yoast_head_json":{"title":"Privacy Policy - Griphos","robots":{"index":"index","follow":"follow","max-snippet":"max-snippet:-1","max-image-preview":"max-image-preview:large","max-video-preview":"max-video-preview:-1"},"canonical":"https:\/\/www.griphos.net\/arg\/privacy-policy\/","og_locale":"es_ES","og_type":"article","og_title":"Privacy Policy","og_description":"Estimado cliente y visitador del sitio griphos.net, te agradecemos por la confianza que nos has otorgado. De parte nuestra hacemos todo lo posible para poner al seguro tus datos, tus derechos morales y tu derecho a la autodeterminaci\u00f3n informativa por lo que concierne la recolecci\u00f3n, la elaboraci\u00f3n y el uso...","og_url":"https:\/\/www.griphos.net\/arg\/privacy-policy\/","og_site_name":"Griphos","article_modified_time":"2018-08-14T09:36:43+00:00","twitter_card":"summary_large_image","twitter_misc":{"Est. reading time":"8 minutes"},"schema":{"@context":"https:\/\/schema.org","@graph":[{"@type":"WebPage","@id":"https:\/\/www.griphos.net\/arg\/privacy-policy\/","url":"https:\/\/www.griphos.net\/arg\/privacy-policy\/","name":"Privacy Policy - Griphos","isPartOf":{"@id":"https:\/\/www.griphos.net\/arg\/#website"},"datePublished":"2018-08-05T08:01:33+00:00","dateModified":"2018-08-14T09:36:43+00:00","breadcrumb":{"@id":"https:\/\/www.griphos.net\/arg\/privacy-policy\/#breadcrumb"},"inLanguage":"es-AR","potentialAction":[{"@type":"ReadAction","target":["https:\/\/www.griphos.net\/arg\/privacy-policy\/"]}]},{"@type":"BreadcrumbList","@id":"https:\/\/www.griphos.net\/arg\/privacy-policy\/#breadcrumb","itemListElement":[{"@type":"ListItem","position":1,"name":"Home","item":"https:\/\/www.griphos.net\/arg\/"},{"@type":"ListItem","position":2,"name":"Privacy Policy"}]},{"@type":"WebSite","@id":"https:\/\/www.griphos.net\/arg\/#website","url":"https:\/\/www.griphos.net\/arg\/","name":"Griphos","description":"The new entertainment","potentialAction":[{"@type":"SearchAction","target":{"@type":"EntryPoint","urlTemplate":"https:\/\/www.griphos.net\/arg\/?s={search_term_string}"},"query-input":"required name=search_term_string"}],"inLanguage":"es-AR"}]}},"_links":{"self":[{"href":"https:\/\/www.griphos.net\/arg\/wp-json\/wp\/v2\/pages\/5172","targetHints":{"allow":["GET"]}}],"collection":[{"href":"https:\/\/www.griphos.net\/arg\/wp-json\/wp\/v2\/pages"}],"about":[{"href":"https:\/\/www.griphos.net\/arg\/wp-json\/wp\/v2\/types\/page"}],"author":[{"embeddable":true,"href":"https:\/\/www.griphos.net\/arg\/wp-json\/wp\/v2\/users\/2"}],"replies":[{"embeddable":true,"href":"https:\/\/www.griphos.net\/arg\/wp-json\/wp\/v2\/comments?post=5172"}],"version-history":[{"count":2,"href":"https:\/\/www.griphos.net\/arg\/wp-json\/wp\/v2\/pages\/5172\/revisions"}],"predecessor-version":[{"id":8631,"href":"https:\/\/www.griphos.net\/arg\/wp-json\/wp\/v2\/pages\/5172\/revisions\/8631"}],"wp:attachment":[{"href":"https:\/\/www.griphos.net\/arg\/wp-json\/wp\/v2\/media?parent=5172"}],"curies":[{"name":"wp","href":"https:\/\/api.w.org\/{rel}","templated":true}]}}