{"id":5170,"date":"2018-08-05T09:00:15","date_gmt":"2018-08-05T08:00:15","guid":{"rendered":"https:\/\/www.griphos.net\/delivery-and-returns\/"},"modified":"2018-08-05T09:00:15","modified_gmt":"2018-08-05T08:00:15","slug":"delivery-and-returns","status":"publish","type":"page","link":"https:\/\/www.griphos.net\/arg\/delivery-and-returns\/","title":{"rendered":"Delivery and Returns"},"content":{"rendered":"<p>Se enviar\u00e1 factura por e-mail y el cargo de la cuenta se realizar\u00e1 seg\u00fan los acuerdos con su entidad de cr\u00e9dito.<\/p>\n<p>Los links de los productos virtuales quedar\u00e1n en su cuenta por 3 d\u00edas\u00a0para un m\u00e1ximo de tres veces.<\/p>\n<p>Eventuales anomal\u00edas relativas a los productos deber\u00e1 ser se\u00f1alada entre los 30 d\u00edas siguientes la entrega de los productos. En este caso el cliente deber\u00e1 contactarnos por e-mail.<\/p>\n","protected":false},"excerpt":{"rendered":"<p>Se enviar\u00e1 factura por e-mail y el cargo de la cuenta se realizar\u00e1 seg\u00fan los acuerdos con su entidad de cr\u00e9dito. Los links de los productos virtuales quedar\u00e1n en su cuenta por 3 d\u00edas\u00a0para un m\u00e1ximo de tres veces. Eventuales anomal\u00edas relativas a los productos deber\u00e1 ser se\u00f1alada entre los&#8230;<\/p>\n","protected":false},"author":2,"featured_media":0,"parent":0,"menu_order":0,"comment_status":"closed","ping_status":"closed","template":"","meta":{"footnotes":""},"class_list":["post-5170","page","type-page","status-publish","hentry"],"yoast_head":"<!-- This site is optimized with the Yoast SEO Premium plugin v22.5 (Yoast SEO v22.5) - https:\/\/yoast.com\/wordpress\/plugins\/seo\/ -->\n<title>Delivery and Returns - Griphos<\/title>\n<meta name=\"robots\" content=\"index, follow, max-snippet:-1, max-image-preview:large, max-video-preview:-1\" \/>\n<link rel=\"canonical\" href=\"https:\/\/www.griphos.net\/arg\/delivery-and-returns\/\" \/>\n<meta property=\"og:locale\" content=\"es_ES\" \/>\n<meta property=\"og:type\" content=\"article\" \/>\n<meta property=\"og:title\" content=\"Delivery and Returns\" \/>\n<meta property=\"og:description\" content=\"Se enviar\u00e1 factura por e-mail y el cargo de la cuenta se realizar\u00e1 seg\u00fan los acuerdos con su entidad de cr\u00e9dito. Los links de los productos virtuales quedar\u00e1n en su cuenta por 3 d\u00edas\u00a0para un m\u00e1ximo de tres veces. Eventuales anomal\u00edas relativas a los productos deber\u00e1 ser se\u00f1alada entre los...\" \/>\n<meta property=\"og:url\" content=\"https:\/\/www.griphos.net\/arg\/delivery-and-returns\/\" \/>\n<meta property=\"og:site_name\" content=\"Griphos\" \/>\n<meta name=\"twitter:card\" content=\"summary_large_image\" \/>\n<script type=\"application\/ld+json\" class=\"yoast-schema-graph\">{\"@context\":\"https:\/\/schema.org\",\"@graph\":[{\"@type\":\"WebPage\",\"@id\":\"https:\/\/www.griphos.net\/arg\/delivery-and-returns\/\",\"url\":\"https:\/\/www.griphos.net\/arg\/delivery-and-returns\/\",\"name\":\"Delivery and Returns - Griphos\",\"isPartOf\":{\"@id\":\"https:\/\/www.griphos.net\/arg\/#website\"},\"datePublished\":\"2018-08-05T08:00:15+00:00\",\"dateModified\":\"2018-08-05T08:00:15+00:00\",\"breadcrumb\":{\"@id\":\"https:\/\/www.griphos.net\/arg\/delivery-and-returns\/#breadcrumb\"},\"inLanguage\":\"es-AR\",\"potentialAction\":[{\"@type\":\"ReadAction\",\"target\":[\"https:\/\/www.griphos.net\/arg\/delivery-and-returns\/\"]}]},{\"@type\":\"BreadcrumbList\",\"@id\":\"https:\/\/www.griphos.net\/arg\/delivery-and-returns\/#breadcrumb\",\"itemListElement\":[{\"@type\":\"ListItem\",\"position\":1,\"name\":\"Home\",\"item\":\"https:\/\/www.griphos.net\/arg\/\"},{\"@type\":\"ListItem\",\"position\":2,\"name\":\"Delivery and Returns\"}]},{\"@type\":\"WebSite\",\"@id\":\"https:\/\/www.griphos.net\/arg\/#website\",\"url\":\"https:\/\/www.griphos.net\/arg\/\",\"name\":\"Griphos\",\"description\":\"The new entertainment\",\"potentialAction\":[{\"@type\":\"SearchAction\",\"target\":{\"@type\":\"EntryPoint\",\"urlTemplate\":\"https:\/\/www.griphos.net\/arg\/?s={search_term_string}\"},\"query-input\":\"required name=search_term_string\"}],\"inLanguage\":\"es-AR\"}]}<\/script>\n<!-- \/ Yoast SEO Premium plugin. -->","yoast_head_json":{"title":"Delivery and Returns - Griphos","robots":{"index":"index","follow":"follow","max-snippet":"max-snippet:-1","max-image-preview":"max-image-preview:large","max-video-preview":"max-video-preview:-1"},"canonical":"https:\/\/www.griphos.net\/arg\/delivery-and-returns\/","og_locale":"es_ES","og_type":"article","og_title":"Delivery and Returns","og_description":"Se enviar\u00e1 factura por e-mail y el cargo de la cuenta se realizar\u00e1 seg\u00fan los acuerdos con su entidad de cr\u00e9dito. Los links de los productos virtuales quedar\u00e1n en su cuenta por 3 d\u00edas\u00a0para un m\u00e1ximo de tres veces. Eventuales anomal\u00edas relativas a los productos deber\u00e1 ser se\u00f1alada entre los...","og_url":"https:\/\/www.griphos.net\/arg\/delivery-and-returns\/","og_site_name":"Griphos","twitter_card":"summary_large_image","schema":{"@context":"https:\/\/schema.org","@graph":[{"@type":"WebPage","@id":"https:\/\/www.griphos.net\/arg\/delivery-and-returns\/","url":"https:\/\/www.griphos.net\/arg\/delivery-and-returns\/","name":"Delivery and Returns - Griphos","isPartOf":{"@id":"https:\/\/www.griphos.net\/arg\/#website"},"datePublished":"2018-08-05T08:00:15+00:00","dateModified":"2018-08-05T08:00:15+00:00","breadcrumb":{"@id":"https:\/\/www.griphos.net\/arg\/delivery-and-returns\/#breadcrumb"},"inLanguage":"es-AR","potentialAction":[{"@type":"ReadAction","target":["https:\/\/www.griphos.net\/arg\/delivery-and-returns\/"]}]},{"@type":"BreadcrumbList","@id":"https:\/\/www.griphos.net\/arg\/delivery-and-returns\/#breadcrumb","itemListElement":[{"@type":"ListItem","position":1,"name":"Home","item":"https:\/\/www.griphos.net\/arg\/"},{"@type":"ListItem","position":2,"name":"Delivery and Returns"}]},{"@type":"WebSite","@id":"https:\/\/www.griphos.net\/arg\/#website","url":"https:\/\/www.griphos.net\/arg\/","name":"Griphos","description":"The new entertainment","potentialAction":[{"@type":"SearchAction","target":{"@type":"EntryPoint","urlTemplate":"https:\/\/www.griphos.net\/arg\/?s={search_term_string}"},"query-input":"required name=search_term_string"}],"inLanguage":"es-AR"}]}},"_links":{"self":[{"href":"https:\/\/www.griphos.net\/arg\/wp-json\/wp\/v2\/pages\/5170","targetHints":{"allow":["GET"]}}],"collection":[{"href":"https:\/\/www.griphos.net\/arg\/wp-json\/wp\/v2\/pages"}],"about":[{"href":"https:\/\/www.griphos.net\/arg\/wp-json\/wp\/v2\/types\/page"}],"author":[{"embeddable":true,"href":"https:\/\/www.griphos.net\/arg\/wp-json\/wp\/v2\/users\/2"}],"replies":[{"embeddable":true,"href":"https:\/\/www.griphos.net\/arg\/wp-json\/wp\/v2\/comments?post=5170"}],"version-history":[{"count":0,"href":"https:\/\/www.griphos.net\/arg\/wp-json\/wp\/v2\/pages\/5170\/revisions"}],"wp:attachment":[{"href":"https:\/\/www.griphos.net\/arg\/wp-json\/wp\/v2\/media?parent=5170"}],"curies":[{"name":"wp","href":"https:\/\/api.w.org\/{rel}","templated":true}]}}